{"id":4947,"date":"2024-02-01T07:50:03","date_gmt":"2024-02-01T06:50:03","guid":{"rendered":"http:\/\/www.ens.univ-maroua.cm\/?page_id=4947"},"modified":"2024-02-02T11:00:49","modified_gmt":"2024-02-02T10:00:49","slug":"division-des-etudes-de-la-scolarite-et-des-stages","status":"publish","type":"page","link":"https:\/\/www.ens.univ-maroua.cm\/index.php\/division-des-etudes-de-la-scolarite-et-des-stages\/","title":{"rendered":"Division des \u00e9tudes, de la scolarit\u00e9 et des stages"},"content":{"rendered":"<section class=\"wpb-content-wrapper\"><p>[vc_row][vc_column]<div class=\"edgt-elements-holder   edgt-two-columns  edgt-responsive-mode-1024 \" ><div class=\"edgt-eh-item  edgt-width-1-1 edgt-vertical-alignment-top  \"  data-item-class=\"edgt-eh-custom-9568\">\n\t<div class=\"edgt-eh-item-inner\">\n\t\t<div class=\"edgt-eh-item-content edgt-eh-custom-9568\" >\n\t\t\t[vc_single_image image=\u00a0\u00bb4976&Prime; img_size=\u00a0\u00bblarge\u00a0\u00bb add_caption=\u00a0\u00bbyes\u00a0\u00bb alignment=\u00a0\u00bbcenter\u00a0\u00bb css_animation=\u00a0\u00bbzoomIn\u00a0\u00bb][vc_empty_space height=\u00a0\u00bb28px\u00a0\u00bb]\t\t<\/div>\n\t<\/div>\n<\/div><div class=\"edgt-eh-item  edgt-width-1-1 edgt-vertical-alignment-top  \"  data-item-class=\"edgt-eh-custom-6193\">\n\t<div class=\"edgt-eh-item-inner\">\n\t\t<div class=\"edgt-eh-item-content edgt-eh-custom-6193\" style=\"padding: 1.4% 0 0 6%\">\n\t\t\t[vc_column_text css_animation=\u00a0\u00bbzoomIn\u00a0\u00bb]<\/p>\n<h3 style=\"text-align: center;\"><strong><span style=\"color: #25d6ea;\">Division des Etudes, de la Scolarit\u00e9 et des Stages (DESS)<\/span><\/strong><\/h3>\n<p>[\/vc_column_text][vc_empty_space][vc_tta_accordion title_tag=\u00a0\u00bbh3&Prime; style=\u00a0\u00bbmodern\u00a0\u00bb color=\u00a0\u00bbturquoise\u00a0\u00bb active_section=\u00a0\u00bb1&Prime; css_animation=\u00a0\u00bbzoomIn\u00a0\u00bb collapsible_all=\u00a0\u00bbtrue\u00a0\u00bb][vc_tta_section title=\u00a0\u00bbPr\u00e9sentation\u00a0\u00bb tab_id=\u00a0\u00bb1706828899206-f61df4ea-43e9&Prime;][vc_column_text css_animation=\u00a0\u00bbzoomIn\u00a0\u00bb]<span style=\"color: #1c45b5;\">La Division des \u00c9tudes, Scolarit\u00e9 et des Stages comprend trois services\u00a0:<\/span><\/p>\n<ul>\n<li><span style=\"color: #1c45b5;\">le service des programmes et des examens<\/span><\/li>\n<li><span style=\"color: #1c45b5;\">le service de la scolarit\u00e9 et des dipl\u00f4mes<\/span><\/li>\n<li><span style=\"color: #1c45b5;\">le service des stages p\u00e9dagogiques<\/span><\/li>\n<\/ul>\n<p>[\/vc_column_text][\/vc_tta_section][vc_tta_section title=\u00a0\u00bbLes missions de la DESS\u00a0\u00bb tab_id=\u00a0\u00bb1706828899261-93ad9d0b-2aaa\u00a0\u00bb][vc_column_text css_animation=\u00a0\u00bbzoomIn\u00a0\u00bb]<\/p>\n<ul>\n<li><span style=\"color: #1c45b5;\">coordination et animation des activit\u00e9s p\u00e9dagogiques;<\/span><\/li>\n<li><span style=\"color: #1c45b5;\">ex\u00e9cution des programmes d\u2019enseignements;<\/span><\/li>\n<li><span style=\"color: #1c45b5;\">organisation et du suivi des \u00e9valuations;<\/span><\/li>\n<li><span style=\"color: #1c45b5;\">organisation de la scolarit\u00e9 et des stages des \u00e9tudiants.<\/span><\/li>\n<\/ul>\n<p>[\/vc_column_text][\/vc_tta_section][\/vc_tta_accordion][vc_empty_space]\t\t<\/div>\n\t<\/div>\n<\/div><\/div>[\/vc_column][\/vc_row][vc_row][vc_column css_animation=\u00a0\u00bbzoomIn\u00a0\u00bb width=\u00a0\u00bb1\/4&Prime;]<div class=\"edgt-team main-info-below-image \">\n\t<div class=\"edgt-team-inner\">\n\t\t\t\t\t<div class=\"edgt-team-image\">\n                <img loading=\"lazy\" decoding=\"async\" width=\"1600\" height=\"1341\" src=\"https:\/\/www.ens.univ-maroua.cm\/wp-content\/uploads\/2023\/11\/IMG-20230914-WA0004.jpg\" class=\"attachment-full size-full\" alt=\"\" srcset=\"https:\/\/www.ens.univ-maroua.cm\/wp-content\/uploads\/2023\/11\/IMG-20230914-WA0004.jpg 1600w, https:\/\/www.ens.univ-maroua.cm\/wp-content\/uploads\/2023\/11\/IMG-20230914-WA0004-300x251.jpg 300w, https:\/\/www.ens.univ-maroua.cm\/wp-content\/uploads\/2023\/11\/IMG-20230914-WA0004-1024x858.jpg 1024w, https:\/\/www.ens.univ-maroua.cm\/wp-content\/uploads\/2023\/11\/IMG-20230914-WA0004-768x644.jpg 768w, https:\/\/www.ens.univ-maroua.cm\/wp-content\/uploads\/2023\/11\/IMG-20230914-WA0004-1536x1287.jpg 1536w, https:\/\/www.ens.univ-maroua.cm\/wp-content\/uploads\/2023\/11\/IMG-20230914-WA0004-600x503.jpg 600w\" sizes=\"auto, (max-width: 1600px) 100vw, 1600px\" \/>\t\t\t<\/div>\n\t\t\n\t\t\t\t\t<div class=\"edgt-team-info\">\n\t\t\t\t\t\t\t\t\t<div class=\"edgt-team-title-holder normal_social\">\n\t\t\t\t\t\t\t\t\t\t\t\t\t<h4 class=\"edgt-team-name\">\n\t\t\t\t\t\t\t\tNOM et Prenom\t\t\t\t\t\t\t<\/h4>\n\t\t\t\t\t\t\t\t\t\t\t\t\t\t\t\t\t<\/div>\n\t\t\t\t\n\t\t\t\t\t\t\t\t\t<div class='edgt-team-text'>\n\t\t\t\t\t\t<div class='edgt-team-text-inner'>\n\t\t\t\t\t\t\t<div class='edgt-team-description'>\n\t\t\t\t\t\t\t\t<p>Chef de Service des programmes et des examens<\/p>\n\t\t\t\t\t\t\t<\/div>\n\t\t\t\t\t\t<\/div>\n\t\t\t\t\t<\/div>\n\t\t\t\t\n\t\t<div class=\"edgt-team-social-holder-between\">\n\t\t\t<div class=\"edgt-team-social normal_social\">\n\t\t\t\t<div class=\"edgt-team-social-inner\">\n\t\t\t\t\t<div class=\"edgt-team-social-wrapp\">\n\n\t\t\t\t\t\t\n\t\t\t\t\t<\/div>\n\t\t\t\t<\/div>\n\t\t\t<\/div>\n\t\t<\/div>\n\n\t\t<\/div>\n\t<\/div>\n<\/div>[vc_column_text css_animation=\u00a0\u00bbzoomIn\u00a0\u00bb]<\/p>\n<p style=\"text-align: justify;\"><span style=\"color: #1c45b5;\">Le Service des programmes et des examens est charg\u00e9 de la programmation et du suivi des enseignements et des examens.<\/span><\/p>\n<p>[\/vc_column_text][\/vc_column][vc_column css_animation=\u00a0\u00bbzoomIn\u00a0\u00bb width=\u00a0\u00bb1\/4&Prime;]<div class=\"edgt-team main-info-below-image \">\n\t<div class=\"edgt-team-inner\">\n\t\t\t\t\t<div class=\"edgt-team-image\">\n                <img loading=\"lazy\" decoding=\"async\" width=\"1600\" height=\"1341\" src=\"https:\/\/www.ens.univ-maroua.cm\/wp-content\/uploads\/2023\/11\/IMG-20230914-WA0004.jpg\" class=\"attachment-full size-full\" alt=\"\" srcset=\"https:\/\/www.ens.univ-maroua.cm\/wp-content\/uploads\/2023\/11\/IMG-20230914-WA0004.jpg 1600w, https:\/\/www.ens.univ-maroua.cm\/wp-content\/uploads\/2023\/11\/IMG-20230914-WA0004-300x251.jpg 300w, https:\/\/www.ens.univ-maroua.cm\/wp-content\/uploads\/2023\/11\/IMG-20230914-WA0004-1024x858.jpg 1024w, https:\/\/www.ens.univ-maroua.cm\/wp-content\/uploads\/2023\/11\/IMG-20230914-WA0004-768x644.jpg 768w, https:\/\/www.ens.univ-maroua.cm\/wp-content\/uploads\/2023\/11\/IMG-20230914-WA0004-1536x1287.jpg 1536w, https:\/\/www.ens.univ-maroua.cm\/wp-content\/uploads\/2023\/11\/IMG-20230914-WA0004-600x503.jpg 600w\" sizes=\"auto, (max-width: 1600px) 100vw, 1600px\" \/>\t\t\t<\/div>\n\t\t\n\t\t\t\t\t<div class=\"edgt-team-info\">\n\t\t\t\t\t\t\t\t\t<div class=\"edgt-team-title-holder normal_social\">\n\t\t\t\t\t\t\t\t\t\t\t\t\t<h4 class=\"edgt-team-name\">\n\t\t\t\t\t\t\t\tNOM et Prenom\t\t\t\t\t\t\t<\/h4>\n\t\t\t\t\t\t\t\t\t\t\t\t\t\t\t\t\t<\/div>\n\t\t\t\t\n\t\t\t\t\t\t\t\t\t<div class='edgt-team-text'>\n\t\t\t\t\t\t<div class='edgt-team-text-inner'>\n\t\t\t\t\t\t\t<div class='edgt-team-description'>\n\t\t\t\t\t\t\t\t<p>Chef de Service de la scolarit\u00e9 et des dipl\u00f4mes<\/p>\n\t\t\t\t\t\t\t<\/div>\n\t\t\t\t\t\t<\/div>\n\t\t\t\t\t<\/div>\n\t\t\t\t\n\t\t<div class=\"edgt-team-social-holder-between\">\n\t\t\t<div class=\"edgt-team-social normal_social\">\n\t\t\t\t<div class=\"edgt-team-social-inner\">\n\t\t\t\t\t<div class=\"edgt-team-social-wrapp\">\n\n\t\t\t\t\t\t\n\t\t\t\t\t<\/div>\n\t\t\t\t<\/div>\n\t\t\t<\/div>\n\t\t<\/div>\n\n\t\t<\/div>\n\t<\/div>\n<\/div>[vc_column_text css_animation=\u00a0\u00bbzoomIn\u00a0\u00bb]<\/p>\n<p style=\"text-align: justify;\"><span style=\"color: #1c45b5;\">Le Service de la scolarit\u00e9 et des dipl\u00f4mes est charg\u00e9 des probl\u00e8mes relatifs \u00e0 la scolarit\u00e9 des \u00e9l\u00e8ves.<\/span><\/p>\n<p>[\/vc_column_text][\/vc_column][vc_column css_animation=\u00a0\u00bbzoomIn\u00a0\u00bb width=\u00a0\u00bb1\/4&Prime;]<div class=\"edgt-team main-info-below-image \">\n\t<div class=\"edgt-team-inner\">\n\t\t\t\t\t<div class=\"edgt-team-image\">\n                <img loading=\"lazy\" decoding=\"async\" width=\"1600\" height=\"1341\" src=\"https:\/\/www.ens.univ-maroua.cm\/wp-content\/uploads\/2023\/11\/IMG-20230914-WA0004.jpg\" class=\"attachment-full size-full\" alt=\"\" srcset=\"https:\/\/www.ens.univ-maroua.cm\/wp-content\/uploads\/2023\/11\/IMG-20230914-WA0004.jpg 1600w, https:\/\/www.ens.univ-maroua.cm\/wp-content\/uploads\/2023\/11\/IMG-20230914-WA0004-300x251.jpg 300w, https:\/\/www.ens.univ-maroua.cm\/wp-content\/uploads\/2023\/11\/IMG-20230914-WA0004-1024x858.jpg 1024w, https:\/\/www.ens.univ-maroua.cm\/wp-content\/uploads\/2023\/11\/IMG-20230914-WA0004-768x644.jpg 768w, https:\/\/www.ens.univ-maroua.cm\/wp-content\/uploads\/2023\/11\/IMG-20230914-WA0004-1536x1287.jpg 1536w, https:\/\/www.ens.univ-maroua.cm\/wp-content\/uploads\/2023\/11\/IMG-20230914-WA0004-600x503.jpg 600w\" sizes=\"auto, (max-width: 1600px) 100vw, 1600px\" \/>\t\t\t<\/div>\n\t\t\n\t\t\t\t\t<div class=\"edgt-team-info\">\n\t\t\t\t\t\t\t\t\t<div class=\"edgt-team-title-holder normal_social\">\n\t\t\t\t\t\t\t\t\t\t\t\t\t<h4 class=\"edgt-team-name\">\n\t\t\t\t\t\t\t\tNOM et Prenom\t\t\t\t\t\t\t<\/h4>\n\t\t\t\t\t\t\t\t\t\t\t\t\t\t\t\t\t<\/div>\n\t\t\t\t\n\t\t\t\t\t\t\t\t\t<div class='edgt-team-text'>\n\t\t\t\t\t\t<div class='edgt-team-text-inner'>\n\t\t\t\t\t\t\t<div class='edgt-team-description'>\n\t\t\t\t\t\t\t\t<p>Chef de Service des stages p\u00e9dagogiques<\/p>\n\t\t\t\t\t\t\t<\/div>\n\t\t\t\t\t\t<\/div>\n\t\t\t\t\t<\/div>\n\t\t\t\t\n\t\t<div class=\"edgt-team-social-holder-between\">\n\t\t\t<div class=\"edgt-team-social normal_social\">\n\t\t\t\t<div class=\"edgt-team-social-inner\">\n\t\t\t\t\t<div class=\"edgt-team-social-wrapp\">\n\n\t\t\t\t\t\t\n\t\t\t\t\t<\/div>\n\t\t\t\t<\/div>\n\t\t\t<\/div>\n\t\t<\/div>\n\n\t\t<\/div>\n\t<\/div>\n<\/div>[vc_column_text css_animation=\u00a0\u00bbzoomIn\u00a0\u00bb]<\/p>\n<p style=\"text-align: justify;\"><span style=\"color: #1c45b5;\">Le Service des stages p\u00e9dagogiques est charg\u00e9 de l&rsquo;organisation et du suivi des stages li\u00e9s \u00e0 la formation des \u00e9l\u00e8ves dans les structures et \u00e9tablissements d&rsquo;application.<\/span><\/p>\n<p>[\/vc_column_text][\/vc_column][vc_column width=\u00a0\u00bb1\/4&Prime;][vc_single_image image=\u00a0\u00bb4352&Prime; img_size=\u00a0\u00bb300&#215;550&Prime; alignment=\u00a0\u00bbcenter\u00a0\u00bb css_animation=\u00a0\u00bbzoomIn\u00a0\u00bb][\/vc_column][\/vc_row][vc_row][vc_column][vc_empty_space][\/vc_column][\/vc_row]<\/p>\n<\/section>","protected":false},"excerpt":{"rendered":"<p>[vc_row][vc_column][\/vc_column][\/vc_row][vc_row][vc_column css_animation=\u00a0\u00bbzoomIn\u00a0\u00bb width=\u00a0\u00bb1\/4&Prime;][vc_column_text css_animation=\u00a0\u00bbzoomIn\u00a0\u00bb] Le Service des programmes et des examens est charg\u00e9 de la programmation et du suivi des enseignements et des examens. [\/vc_column_text][\/vc_column][vc_column css_animation=\u00a0\u00bbzoomIn\u00a0\u00bb width=\u00a0\u00bb1\/4&Prime;][vc_column_text css_animation=\u00a0\u00bbzoomIn\u00a0\u00bb] Le Service de la scolarit\u00e9 et des dipl\u00f4mes est charg\u00e9 des probl\u00e8mes [&hellip;]<\/p>\n","protected":false},"author":1,"featured_media":0,"parent":0,"menu_order":0,"comment_status":"closed","ping_status":"closed","template":"","meta":{"footnotes":""},"class_list":["post-4947","page","type-page","status-publish","hentry"],"_links":{"self":[{"href":"https:\/\/www.ens.univ-maroua.cm\/index.php\/wp-json\/wp\/v2\/pages\/4947","targetHints":{"allow":["GET"]}}],"collection":[{"href":"https:\/\/www.ens.univ-maroua.cm\/index.php\/wp-json\/wp\/v2\/pages"}],"about":[{"href":"https:\/\/www.ens.univ-maroua.cm\/index.php\/wp-json\/wp\/v2\/types\/page"}],"author":[{"embeddable":true,"href":"https:\/\/www.ens.univ-maroua.cm\/index.php\/wp-json\/wp\/v2\/users\/1"}],"replies":[{"embeddable":true,"href":"https:\/\/www.ens.univ-maroua.cm\/index.php\/wp-json\/wp\/v2\/comments?post=4947"}],"version-history":[{"count":15,"href":"https:\/\/www.ens.univ-maroua.cm\/index.php\/wp-json\/wp\/v2\/pages\/4947\/revisions"}],"predecessor-version":[{"id":5037,"href":"https:\/\/www.ens.univ-maroua.cm\/index.php\/wp-json\/wp\/v2\/pages\/4947\/revisions\/5037"}],"wp:attachment":[{"href":"https:\/\/www.ens.univ-maroua.cm\/index.php\/wp-json\/wp\/v2\/media?parent=4947"}],"curies":[{"name":"wp","href":"https:\/\/api.w.org\/{rel}","templated":true}]}}