{"id":4945,"date":"2024-02-01T07:46:50","date_gmt":"2024-02-01T06:46:50","guid":{"rendered":"http:\/\/www.ens.univ-maroua.cm\/?page_id=4945"},"modified":"2024-02-02T10:40:31","modified_gmt":"2024-02-02T09:40:31","slug":"division-des-affaires-academiques-de-la-recherche-et-de-la-cooperation","status":"publish","type":"page","link":"https:\/\/www.ens.univ-maroua.cm\/index.php\/division-des-affaires-academiques-de-la-recherche-et-de-la-cooperation\/","title":{"rendered":"Division des affaires acad\u00e9miques, de la recherche et de la coop\u00e9ration"},"content":{"rendered":"<section class=\"wpb-content-wrapper\"><p>[vc_row][vc_column css_animation=\u00a0\u00bbzoomIn\u00a0\u00bb]<div class=\"edgt-elements-holder   edgt-two-columns  edgt-responsive-mode-1024 \" ><div class=\"edgt-eh-item  edgt-width-1-1 edgt-vertical-alignment-top  \"  data-item-class=\"edgt-eh-custom-5330\">\n\t<div class=\"edgt-eh-item-inner\">\n\t\t<div class=\"edgt-eh-item-content edgt-eh-custom-5330\" >\n\t\t\t[vc_single_image image=\u00a0\u00bb4339&Prime; img_size=\u00a0\u00bblarge\u00a0\u00bb add_caption=\u00a0\u00bbyes\u00a0\u00bb alignment=\u00a0\u00bbcenter\u00a0\u00bb css_animation=\u00a0\u00bbzoomIn\u00a0\u00bb][vc_empty_space height=\u00a0\u00bb28px\u00a0\u00bb]\t\t<\/div>\n\t<\/div>\n<\/div><div class=\"edgt-eh-item  edgt-width-1-1 edgt-vertical-alignment-top  \"  data-item-class=\"edgt-eh-custom-1130\">\n\t<div class=\"edgt-eh-item-inner\">\n\t\t<div class=\"edgt-eh-item-content edgt-eh-custom-1130\" style=\"padding: 1.4% 0 0 6%\">\n\t\t\t[vc_column_text]<\/p>\n<h4 style=\"text-align: center;\"><strong><span style=\"color: #25d6ea;\">Division des Affaires Acad\u00e9miques, de la Recherche<\/span><\/strong><br \/>\n<strong><span style=\"color: #25d6ea;\">et de la Coop\u00e9ration (DAARC)<\/span><\/strong><\/h4>\n<p>[\/vc_column_text][vc_empty_space][vc_tta_accordion title_tag=\u00a0\u00bbh3&Prime; style=\u00a0\u00bbmodern\u00a0\u00bb color=\u00a0\u00bbturquoise\u00a0\u00bb active_section=\u00a0\u00bb1&Prime; css_animation=\u00a0\u00bbzoomIn\u00a0\u00bb collapsible_all=\u00a0\u00bbtrue\u00a0\u00bb][vc_tta_section title=\u00a0\u00bbPr\u00e9sentation\u00a0\u00bb tab_id=\u00a0\u00bb1706833359737-f67ea75f-0978&Prime;][vc_column_text]<\/p>\n<p style=\"text-align: justify;\"><span style=\"color: #1c45b5;\">La Division des affaires acad\u00e9miques, de la recherche et de la coop\u00e9ration comprend:<\/span><br \/>\n<span style=\"color: #1c45b5;\">&#8211; le Service des personnels enseignants ;<\/span><br \/>\n<span style=\"color: #1c45b5;\">&#8211; le Service de la recherche et des publications ;<\/span><br \/>\n<span style=\"color: #1c45b5;\">&#8211; le Service de la coop\u00e9ration et du partenariat institutionnel.<\/span><\/p>\n<p>[\/vc_column_text][\/vc_tta_section][vc_tta_section title=\u00a0\u00bbLes missions de la DAARC\u00a0\u00bb tab_id=\u00a0\u00bb1706833359793-6f8a1489-405d\u00a0\u00bb][vc_column_text]<\/p>\n<p style=\"text-align: justify;\"><span style=\"color: #1c45b5;\">La Division des affaires acad\u00e9miques, de la recherche et de la coop\u00e9ration est charg\u00e9e des questions relatives \u00e0 la carri\u00e8re des enseignants, de la recherche-d\u00e9veloppement, de la recherche en \u00e9ducation, des publications scientifiques, de la coop\u00e9ration et du partenariat avec les milieu socioprofessionnels publics et priv\u00e9s.<\/span><\/p>\n<p>[\/vc_column_text][\/vc_tta_section][\/vc_tta_accordion][vc_empty_space]\t\t<\/div>\n\t<\/div>\n<\/div><\/div>[\/vc_column][\/vc_row][vc_row][vc_column css_animation=\u00a0\u00bbzoomIn\u00a0\u00bb width=\u00a0\u00bb1\/4&Prime;]<div class=\"edgt-team main-info-below-image \">\n\t<div class=\"edgt-team-inner\">\n\t\t\t\t\t<div class=\"edgt-team-image\">\n                <img loading=\"lazy\" decoding=\"async\" width=\"1600\" height=\"1341\" src=\"https:\/\/www.ens.univ-maroua.cm\/wp-content\/uploads\/2023\/11\/IMG-20230914-WA0002.jpg\" class=\"attachment-full size-full\" alt=\"\" srcset=\"https:\/\/www.ens.univ-maroua.cm\/wp-content\/uploads\/2023\/11\/IMG-20230914-WA0002.jpg 1600w, https:\/\/www.ens.univ-maroua.cm\/wp-content\/uploads\/2023\/11\/IMG-20230914-WA0002-300x251.jpg 300w, https:\/\/www.ens.univ-maroua.cm\/wp-content\/uploads\/2023\/11\/IMG-20230914-WA0002-1024x858.jpg 1024w, https:\/\/www.ens.univ-maroua.cm\/wp-content\/uploads\/2023\/11\/IMG-20230914-WA0002-768x644.jpg 768w, https:\/\/www.ens.univ-maroua.cm\/wp-content\/uploads\/2023\/11\/IMG-20230914-WA0002-1536x1287.jpg 1536w, https:\/\/www.ens.univ-maroua.cm\/wp-content\/uploads\/2023\/11\/IMG-20230914-WA0002-600x503.jpg 600w\" sizes=\"auto, (max-width: 1600px) 100vw, 1600px\" \/>\t\t\t<\/div>\n\t\t\n\t\t\t\t\t<div class=\"edgt-team-info\">\n\t\t\t\t\t\t\t\t\t<div class=\"edgt-team-title-holder normal_social\">\n\t\t\t\t\t\t\t\t\t\t\t\t\t<h4 class=\"edgt-team-name\">\n\t\t\t\t\t\t\t\tNom et Prenom\t\t\t\t\t\t\t<\/h4>\n\t\t\t\t\t\t\t\t\t\t\t\t\t\t\t\t\t<\/div>\n\t\t\t\t\n\t\t\t\t\t\t\t\t\t<div class='edgt-team-text'>\n\t\t\t\t\t\t<div class='edgt-team-text-inner'>\n\t\t\t\t\t\t\t<div class='edgt-team-description'>\n\t\t\t\t\t\t\t\t<p>Chef de Service des personnels enseignants<\/p>\n\t\t\t\t\t\t\t<\/div>\n\t\t\t\t\t\t<\/div>\n\t\t\t\t\t<\/div>\n\t\t\t\t\n\t\t<div class=\"edgt-team-social-holder-between\">\n\t\t\t<div class=\"edgt-team-social normal_social\">\n\t\t\t\t<div class=\"edgt-team-social-inner\">\n\t\t\t\t\t<div class=\"edgt-team-social-wrapp\">\n\n\t\t\t\t\t\t\n\t\t\t\t\t<\/div>\n\t\t\t\t<\/div>\n\t\t\t<\/div>\n\t\t<\/div>\n\n\t\t<\/div>\n\t<\/div>\n<\/div>[vc_column_text css_animation=\u00a0\u00bbzoomIn\u00a0\u00bb]<span style=\"color: #1c45b5;\">Le Service des personnels enseignants est charg\u00e9 du suivi de la carri\u00e8re, des missions et des stages des enseignants.<\/span>[\/vc_column_text][\/vc_column][vc_column css_animation=\u00a0\u00bbzoomIn\u00a0\u00bb width=\u00a0\u00bb1\/4&Prime;]<div class=\"edgt-team main-info-below-image \">\n\t<div class=\"edgt-team-inner\">\n\t\t\t\t\t<div class=\"edgt-team-image\">\n                <img loading=\"lazy\" decoding=\"async\" width=\"1600\" height=\"1341\" src=\"https:\/\/www.ens.univ-maroua.cm\/wp-content\/uploads\/2023\/11\/IMG-20230914-WA0002.jpg\" class=\"attachment-full size-full\" alt=\"\" srcset=\"https:\/\/www.ens.univ-maroua.cm\/wp-content\/uploads\/2023\/11\/IMG-20230914-WA0002.jpg 1600w, https:\/\/www.ens.univ-maroua.cm\/wp-content\/uploads\/2023\/11\/IMG-20230914-WA0002-300x251.jpg 300w, https:\/\/www.ens.univ-maroua.cm\/wp-content\/uploads\/2023\/11\/IMG-20230914-WA0002-1024x858.jpg 1024w, https:\/\/www.ens.univ-maroua.cm\/wp-content\/uploads\/2023\/11\/IMG-20230914-WA0002-768x644.jpg 768w, https:\/\/www.ens.univ-maroua.cm\/wp-content\/uploads\/2023\/11\/IMG-20230914-WA0002-1536x1287.jpg 1536w, https:\/\/www.ens.univ-maroua.cm\/wp-content\/uploads\/2023\/11\/IMG-20230914-WA0002-600x503.jpg 600w\" sizes=\"auto, (max-width: 1600px) 100vw, 1600px\" \/>\t\t\t<\/div>\n\t\t\n\t\t\t\t\t<div class=\"edgt-team-info\">\n\t\t\t\t\t\t\t\t\t<div class=\"edgt-team-title-holder normal_social\">\n\t\t\t\t\t\t\t\t\t\t\t\t\t<h4 class=\"edgt-team-name\">\n\t\t\t\t\t\t\t\tMme DJANABOU\t\t\t\t\t\t\t<\/h4>\n\t\t\t\t\t\t\t\t\t\t\t\t\t\t\t\t\t<\/div>\n\t\t\t\t\n\t\t\t\t\t\t\t\t\t<div class='edgt-team-text'>\n\t\t\t\t\t\t<div class='edgt-team-text-inner'>\n\t\t\t\t\t\t\t<div class='edgt-team-description'>\n\t\t\t\t\t\t\t\t<p>Chef de Service de la recherche et des publications<\/p>\n\t\t\t\t\t\t\t<\/div>\n\t\t\t\t\t\t<\/div>\n\t\t\t\t\t<\/div>\n\t\t\t\t\n\t\t<div class=\"edgt-team-social-holder-between\">\n\t\t\t<div class=\"edgt-team-social normal_social\">\n\t\t\t\t<div class=\"edgt-team-social-inner\">\n\t\t\t\t\t<div class=\"edgt-team-social-wrapp\">\n\n\t\t\t\t\t\t\n\t\t\t\t\t<\/div>\n\t\t\t\t<\/div>\n\t\t\t<\/div>\n\t\t<\/div>\n\n\t\t<\/div>\n\t<\/div>\n<\/div>[vc_column_text css_animation=\u00a0\u00bbzoomIn\u00a0\u00bb]<span style=\"color: #1c45b5;\">Le Service de la recherche et des publications est charg\u00e9 du suivi de la promotion, de la diffusion et de la valorisation de la recherche.<\/span>[\/vc_column_text][\/vc_column][vc_column css_animation=\u00a0\u00bbzoomIn\u00a0\u00bb width=\u00a0\u00bb1\/4&Prime;]<div class=\"edgt-team main-info-below-image \">\n\t<div class=\"edgt-team-inner\">\n\t\t\t\t\t<div class=\"edgt-team-image\">\n                <img loading=\"lazy\" decoding=\"async\" width=\"1600\" height=\"1341\" src=\"https:\/\/www.ens.univ-maroua.cm\/wp-content\/uploads\/2023\/11\/IMG-20230914-WA0002.jpg\" class=\"attachment-full size-full\" alt=\"\" srcset=\"https:\/\/www.ens.univ-maroua.cm\/wp-content\/uploads\/2023\/11\/IMG-20230914-WA0002.jpg 1600w, https:\/\/www.ens.univ-maroua.cm\/wp-content\/uploads\/2023\/11\/IMG-20230914-WA0002-300x251.jpg 300w, https:\/\/www.ens.univ-maroua.cm\/wp-content\/uploads\/2023\/11\/IMG-20230914-WA0002-1024x858.jpg 1024w, https:\/\/www.ens.univ-maroua.cm\/wp-content\/uploads\/2023\/11\/IMG-20230914-WA0002-768x644.jpg 768w, https:\/\/www.ens.univ-maroua.cm\/wp-content\/uploads\/2023\/11\/IMG-20230914-WA0002-1536x1287.jpg 1536w, https:\/\/www.ens.univ-maroua.cm\/wp-content\/uploads\/2023\/11\/IMG-20230914-WA0002-600x503.jpg 600w\" sizes=\"auto, (max-width: 1600px) 100vw, 1600px\" \/>\t\t\t<\/div>\n\t\t\n\t\t\t\t\t<div class=\"edgt-team-info\">\n\t\t\t\t\t\t\t\t\t<div class=\"edgt-team-title-holder normal_social\">\n\t\t\t\t\t\t\t\t\t\t\t\t\t<h4 class=\"edgt-team-name\">\n\t\t\t\t\t\t\t\tNom et Prenom\t\t\t\t\t\t\t<\/h4>\n\t\t\t\t\t\t\t\t\t\t\t\t\t\t\t\t\t<\/div>\n\t\t\t\t\n\t\t\t\t\t\t\t\t\t<div class='edgt-team-text'>\n\t\t\t\t\t\t<div class='edgt-team-text-inner'>\n\t\t\t\t\t\t\t<div class='edgt-team-description'>\n\t\t\t\t\t\t\t\t<p>Chef de Service de la coop\u00e9ration et du partenariat institutionnel<\/p>\n\t\t\t\t\t\t\t<\/div>\n\t\t\t\t\t\t<\/div>\n\t\t\t\t\t<\/div>\n\t\t\t\t\n\t\t<div class=\"edgt-team-social-holder-between\">\n\t\t\t<div class=\"edgt-team-social normal_social\">\n\t\t\t\t<div class=\"edgt-team-social-inner\">\n\t\t\t\t\t<div class=\"edgt-team-social-wrapp\">\n\n\t\t\t\t\t\t\n\t\t\t\t\t<\/div>\n\t\t\t\t<\/div>\n\t\t\t<\/div>\n\t\t<\/div>\n\n\t\t<\/div>\n\t<\/div>\n<\/div>[vc_column_text css_animation=\u00a0\u00bbzoomIn\u00a0\u00bb]<span style=\"color: #1c45b5;\">Le Service de la coop\u00e9ration et du partenariat institutionnel est charg\u00e9 de veiller au rapport permanent et \u00e9troit entre l&rsquo;\u00c9cole et les autres institutions et organismes, nationaux et internationaux, poursuivant les m\u00eames objectifs.<\/span>[\/vc_column_text][\/vc_column][vc_column width=\u00a0\u00bb1\/4&Prime;][vc_single_image image=\u00a0\u00bb4353&Prime; img_size=\u00a0\u00bb300&#215;550&Prime; alignment=\u00a0\u00bbcenter\u00a0\u00bb css_animation=\u00a0\u00bbzoomIn\u00a0\u00bb][\/vc_column][\/vc_row][vc_row][vc_column][vc_empty_space][\/vc_column][\/vc_row]<\/p>\n<\/section>","protected":false},"excerpt":{"rendered":"<p>[vc_row][vc_column css_animation=\u00a0\u00bbzoomIn\u00a0\u00bb][\/vc_column][\/vc_row][vc_row][vc_column css_animation=\u00a0\u00bbzoomIn\u00a0\u00bb width=\u00a0\u00bb1\/4&Prime;][vc_column_text css_animation=\u00a0\u00bbzoomIn\u00a0\u00bb]Le Service des personnels enseignants est charg\u00e9 du suivi de la carri\u00e8re, des missions et des stages des enseignants.[\/vc_column_text][\/vc_column][vc_column css_animation=\u00a0\u00bbzoomIn\u00a0\u00bb width=\u00a0\u00bb1\/4&Prime;][vc_column_text css_animation=\u00a0\u00bbzoomIn\u00a0\u00bb]Le Service de la recherche et des publications est charg\u00e9 du suivi de la promotion, [&hellip;]<\/p>\n","protected":false},"author":1,"featured_media":0,"parent":0,"menu_order":0,"comment_status":"closed","ping_status":"closed","template":"","meta":{"footnotes":""},"class_list":["post-4945","page","type-page","status-publish","hentry"],"_links":{"self":[{"href":"https:\/\/www.ens.univ-maroua.cm\/index.php\/wp-json\/wp\/v2\/pages\/4945","targetHints":{"allow":["GET"]}}],"collection":[{"href":"https:\/\/www.ens.univ-maroua.cm\/index.php\/wp-json\/wp\/v2\/pages"}],"about":[{"href":"https:\/\/www.ens.univ-maroua.cm\/index.php\/wp-json\/wp\/v2\/types\/page"}],"author":[{"embeddable":true,"href":"https:\/\/www.ens.univ-maroua.cm\/index.php\/wp-json\/wp\/v2\/users\/1"}],"replies":[{"embeddable":true,"href":"https:\/\/www.ens.univ-maroua.cm\/index.php\/wp-json\/wp\/v2\/comments?post=4945"}],"version-history":[{"count":11,"href":"https:\/\/www.ens.univ-maroua.cm\/index.php\/wp-json\/wp\/v2\/pages\/4945\/revisions"}],"predecessor-version":[{"id":5033,"href":"https:\/\/www.ens.univ-maroua.cm\/index.php\/wp-json\/wp\/v2\/pages\/4945\/revisions\/5033"}],"wp:attachment":[{"href":"https:\/\/www.ens.univ-maroua.cm\/index.php\/wp-json\/wp\/v2\/media?parent=4945"}],"curies":[{"name":"wp","href":"https:\/\/api.w.org\/{rel}","templated":true}]}}