{"id":4943,"date":"2024-02-01T07:43:35","date_gmt":"2024-02-01T06:43:35","guid":{"rendered":"http:\/\/www.ens.univ-maroua.cm\/?page_id=4943"},"modified":"2024-02-02T16:00:20","modified_gmt":"2024-02-02T15:00:20","slug":"division-de-la-formation-continue-et-a-distance","status":"publish","type":"page","link":"https:\/\/www.ens.univ-maroua.cm\/index.php\/division-de-la-formation-continue-et-a-distance\/","title":{"rendered":"Division de la formation continue et \u00e0 distance"},"content":{"rendered":"<section class=\"wpb-content-wrapper\"><p>[vc_row][vc_column]<div class=\"edgt-elements-holder   edgt-two-columns  edgt-responsive-mode-1024 \" ><div class=\"edgt-eh-item  edgt-width-1-1 edgt-vertical-alignment-top  \"  data-item-class=\"edgt-eh-custom-3044\">\n\t<div class=\"edgt-eh-item-inner\">\n\t\t<div class=\"edgt-eh-item-content edgt-eh-custom-3044\" >\n\t\t\t[vc_single_image image=\u00a0\u00bb4343&Prime; img_size=\u00a0\u00bblarge\u00a0\u00bb add_caption=\u00a0\u00bbyes\u00a0\u00bb alignment=\u00a0\u00bbcenter\u00a0\u00bb css_animation=\u00a0\u00bbzoomIn\u00a0\u00bb][vc_empty_space height=\u00a0\u00bb28px\u00a0\u00bb]\t\t<\/div>\n\t<\/div>\n<\/div><div class=\"edgt-eh-item  edgt-width-1-1 edgt-vertical-alignment-top  \"  data-item-class=\"edgt-eh-custom-2418\">\n\t<div class=\"edgt-eh-item-inner\">\n\t\t<div class=\"edgt-eh-item-content edgt-eh-custom-2418\" style=\"padding: 1.4% 0 0 6%\">\n\t\t\t[vc_column_text css_animation=\u00a0\u00bbzoomIn\u00a0\u00bb]<\/p>\n<h3 style=\"text-align: center;\"><span style=\"color: #25d6ea;\">Division de la Formation Continue et \u00e0 Distance (DFCD)<\/span><\/h3>\n<p>[\/vc_column_text][vc_empty_space height=\u00a0\u00bb4px\u00a0\u00bb][vc_tta_accordion style=\u00a0\u00bbmodern\u00a0\u00bb color=\u00a0\u00bbturquoise\u00a0\u00bb active_section=\u00a0\u00bb1&Prime; css_animation=\u00a0\u00bbzoomIn\u00a0\u00bb collapsible_all=\u00a0\u00bbtrue\u00a0\u00bb][vc_tta_section title=\u00a0\u00bbPr\u00e9sentation\u00a0\u00bb tab_id=\u00a0\u00bb1706851459485-95af8722-f41a\u00a0\u00bb][vc_column_text css_animation=\u00a0\u00bbzoomIn\u00a0\u00bb]<\/p>\n<p style=\"text-align: left;\"><span style=\"color: #1c45b5;\">La Division de la Formation Continue et \u00e0 Distance comprend :<\/span><br \/>\n<span style=\"color: #1c45b5;\">&#8211; le Service de la formation continue ;<\/span><br \/>\n<span style=\"color: #1c45b5;\">&#8211; le Service de la formation \u00e0 distance.<\/span><\/p>\n<p>[\/vc_column_text][\/vc_tta_section][vc_tta_section title=\u00a0\u00bbLes missions de la DFCD\u00a0\u00bb tab_id=\u00a0\u00bb1706851459540-96f2fc6f-4555&Prime;][vc_column_text css_animation=\u00a0\u00bbzoomIn\u00a0\u00bb]<\/p>\n<p style=\"text-align: justify;\"><span style=\"color: #1c45b5;\">La Division de la formation continue et \u00e0 distance est charg\u00e9e de la promotion de la formation continue et de l&rsquo;enseignement \u00e0 distance.<\/span><\/p>\n<p>[\/vc_column_text][\/vc_tta_section][\/vc_tta_accordion][vc_empty_space]\t\t<\/div>\n\t<\/div>\n<\/div><\/div>[\/vc_column][\/vc_row][vc_row][vc_column css_animation=\u00a0\u00bbzoomIn\u00a0\u00bb width=\u00a0\u00bb1\/2&Prime;][vc_row_inner][vc_column_inner width=\u00a0\u00bb1\/2&Prime;]<div class=\"edgt-team main-info-below-image \">\n\t<div class=\"edgt-team-inner\">\n\t\t\t\t\t<div class=\"edgt-team-image\">\n                <img loading=\"lazy\" decoding=\"async\" width=\"1600\" height=\"1341\" src=\"https:\/\/www.ens.univ-maroua.cm\/wp-content\/uploads\/2023\/11\/IMG-20230914-WA0004-1.jpg\" class=\"attachment-full size-full\" alt=\"\" srcset=\"https:\/\/www.ens.univ-maroua.cm\/wp-content\/uploads\/2023\/11\/IMG-20230914-WA0004-1.jpg 1600w, https:\/\/www.ens.univ-maroua.cm\/wp-content\/uploads\/2023\/11\/IMG-20230914-WA0004-1-300x251.jpg 300w, https:\/\/www.ens.univ-maroua.cm\/wp-content\/uploads\/2023\/11\/IMG-20230914-WA0004-1-1024x858.jpg 1024w, https:\/\/www.ens.univ-maroua.cm\/wp-content\/uploads\/2023\/11\/IMG-20230914-WA0004-1-768x644.jpg 768w, https:\/\/www.ens.univ-maroua.cm\/wp-content\/uploads\/2023\/11\/IMG-20230914-WA0004-1-1536x1287.jpg 1536w, https:\/\/www.ens.univ-maroua.cm\/wp-content\/uploads\/2023\/11\/IMG-20230914-WA0004-1-600x503.jpg 600w\" sizes=\"auto, (max-width: 1600px) 100vw, 1600px\" \/>\t\t\t<\/div>\n\t\t\n\t\t\t\t\t<div class=\"edgt-team-info\">\n\t\t\t\t\t\t\t\t\t<div class=\"edgt-team-title-holder normal_social\">\n\t\t\t\t\t\t\t\t\t\t\t\t\t<h4 class=\"edgt-team-name\">\n\t\t\t\t\t\t\t\tNom et Pr\u00e9nom\t\t\t\t\t\t\t<\/h4>\n\t\t\t\t\t\t\t\t\t\t\t\t\t\t\t\t\t\t\t<p class=\"edgt-team-position\">Le Chef de Service de la formation continue<\/p>\n\t\t\t\t\t\t\t\t\t\t\t<\/div>\n\t\t\t\t\n\t\t\t\t\n\t\t<div class=\"edgt-team-social-holder-between\">\n\t\t\t<div class=\"edgt-team-social normal_social\">\n\t\t\t\t<div class=\"edgt-team-social-inner\">\n\t\t\t\t\t<div class=\"edgt-team-social-wrapp\">\n\n\t\t\t\t\t\t\n\t\t\t\t\t<\/div>\n\t\t\t\t<\/div>\n\t\t\t<\/div>\n\t\t<\/div>\n\n\t\t<\/div>\n\t<\/div>\n<\/div>[vc_column_text css_animation=\u00a0\u00bbzoomIn\u00a0\u00bb]<\/p>\n<p style=\"text-align: left;\"><span style=\"color: #1c45b5;\">Le Service de la formation continue, est charg\u00e9 de la formation continue des enseignants et des autres personnels du syst\u00e8me \u00e9ducatif des secteurs publics et priv\u00e9s.<\/span><\/p>\n<p>[\/vc_column_text][\/vc_column_inner][vc_column_inner width=\u00a0\u00bb1\/2&Prime;]<div class=\"edgt-team main-info-below-image \">\n\t<div class=\"edgt-team-inner\">\n\t\t\t\t\t<div class=\"edgt-team-image\">\n                <img loading=\"lazy\" decoding=\"async\" width=\"1600\" height=\"1341\" src=\"https:\/\/www.ens.univ-maroua.cm\/wp-content\/uploads\/2023\/11\/IMG-20230914-WA0004-1.jpg\" class=\"attachment-full size-full\" alt=\"\" srcset=\"https:\/\/www.ens.univ-maroua.cm\/wp-content\/uploads\/2023\/11\/IMG-20230914-WA0004-1.jpg 1600w, https:\/\/www.ens.univ-maroua.cm\/wp-content\/uploads\/2023\/11\/IMG-20230914-WA0004-1-300x251.jpg 300w, https:\/\/www.ens.univ-maroua.cm\/wp-content\/uploads\/2023\/11\/IMG-20230914-WA0004-1-1024x858.jpg 1024w, https:\/\/www.ens.univ-maroua.cm\/wp-content\/uploads\/2023\/11\/IMG-20230914-WA0004-1-768x644.jpg 768w, https:\/\/www.ens.univ-maroua.cm\/wp-content\/uploads\/2023\/11\/IMG-20230914-WA0004-1-1536x1287.jpg 1536w, https:\/\/www.ens.univ-maroua.cm\/wp-content\/uploads\/2023\/11\/IMG-20230914-WA0004-1-600x503.jpg 600w\" sizes=\"auto, (max-width: 1600px) 100vw, 1600px\" \/>\t\t\t<\/div>\n\t\t\n\t\t\t\t\t<div class=\"edgt-team-info\">\n\t\t\t\t\t\t\t\t\t<div class=\"edgt-team-title-holder normal_social\">\n\t\t\t\t\t\t\t\t\t\t\t\t\t<h4 class=\"edgt-team-name\">\n\t\t\t\t\t\t\t\tNOM et Prenom\t\t\t\t\t\t\t<\/h4>\n\t\t\t\t\t\t\t\t\t\t\t\t\t\t\t\t\t\t\t<p class=\"edgt-team-position\">Chef de Service de la formation \u00e0 distance<\/p>\n\t\t\t\t\t\t\t\t\t\t\t<\/div>\n\t\t\t\t\n\t\t\t\t\n\t\t<div class=\"edgt-team-social-holder-between\">\n\t\t\t<div class=\"edgt-team-social normal_social\">\n\t\t\t\t<div class=\"edgt-team-social-inner\">\n\t\t\t\t\t<div class=\"edgt-team-social-wrapp\">\n\n\t\t\t\t\t\t\n\t\t\t\t\t<\/div>\n\t\t\t\t<\/div>\n\t\t\t<\/div>\n\t\t<\/div>\n\n\t\t<\/div>\n\t<\/div>\n<\/div>[vc_column_text css_animation=\u00a0\u00bbzoomIn\u00a0\u00bb]<\/p>\n<p style=\"text-align: left;\"><span style=\"color: #1c45b5;\">Le Service de la formation \u00e0 distance, est charg\u00e9 de la mise en place et de l&rsquo;organisation des enseignements \u00e0 distance.<\/span><\/p>\n<p>[\/vc_column_text][\/vc_column_inner][\/vc_row_inner][\/vc_column][vc_column width=\u00a0\u00bb1\/2&Prime;][vc_single_image image=\u00a0\u00bb4352&Prime; img_size=\u00a0\u00bblarge\u00a0\u00bb alignment=\u00a0\u00bbcenter\u00a0\u00bb css_animation=\u00a0\u00bbzoomIn\u00a0\u00bb][\/vc_column][\/vc_row][vc_row][vc_column][vc_empty_space][\/vc_column][\/vc_row]<\/p>\n<\/section>","protected":false},"excerpt":{"rendered":"<p>[vc_row][vc_column][\/vc_column][\/vc_row][vc_row][vc_column css_animation=\u00a0\u00bbzoomIn\u00a0\u00bb width=\u00a0\u00bb1\/2&Prime;][vc_row_inner][vc_column_inner width=\u00a0\u00bb1\/2&Prime;][vc_column_text css_animation=\u00a0\u00bbzoomIn\u00a0\u00bb] Le Service de la formation continue, est charg\u00e9 de la formation continue des enseignants et des autres personnels du syst\u00e8me \u00e9ducatif des secteurs publics et priv\u00e9s. [\/vc_column_text][\/vc_column_inner][vc_column_inner width=\u00a0\u00bb1\/2&Prime;][vc_column_text css_animation=\u00a0\u00bbzoomIn\u00a0\u00bb] Le Service de la formation \u00e0 [&hellip;]<\/p>\n","protected":false},"author":1,"featured_media":0,"parent":0,"menu_order":0,"comment_status":"closed","ping_status":"closed","template":"","meta":{"footnotes":""},"class_list":["post-4943","page","type-page","status-publish","hentry"],"_links":{"self":[{"href":"https:\/\/www.ens.univ-maroua.cm\/index.php\/wp-json\/wp\/v2\/pages\/4943","targetHints":{"allow":["GET"]}}],"collection":[{"href":"https:\/\/www.ens.univ-maroua.cm\/index.php\/wp-json\/wp\/v2\/pages"}],"about":[{"href":"https:\/\/www.ens.univ-maroua.cm\/index.php\/wp-json\/wp\/v2\/types\/page"}],"author":[{"embeddable":true,"href":"https:\/\/www.ens.univ-maroua.cm\/index.php\/wp-json\/wp\/v2\/users\/1"}],"replies":[{"embeddable":true,"href":"https:\/\/www.ens.univ-maroua.cm\/index.php\/wp-json\/wp\/v2\/comments?post=4943"}],"version-history":[{"count":14,"href":"https:\/\/www.ens.univ-maroua.cm\/index.php\/wp-json\/wp\/v2\/pages\/4943\/revisions"}],"predecessor-version":[{"id":5079,"href":"https:\/\/www.ens.univ-maroua.cm\/index.php\/wp-json\/wp\/v2\/pages\/4943\/revisions\/5079"}],"wp:attachment":[{"href":"https:\/\/www.ens.univ-maroua.cm\/index.php\/wp-json\/wp\/v2\/media?parent=4943"}],"curies":[{"name":"wp","href":"https:\/\/api.w.org\/{rel}","templated":true}]}}