{"id":4941,"date":"2024-02-01T07:40:31","date_gmt":"2024-02-01T06:40:31","guid":{"rendered":"http:\/\/www.ens.univ-maroua.cm\/?page_id=4941"},"modified":"2024-02-02T11:07:07","modified_gmt":"2024-02-02T10:07:07","slug":"division-du-bilinguisme-et-de-leducation-citoyenne-et-interculturelle","status":"publish","type":"page","link":"https:\/\/www.ens.univ-maroua.cm\/index.php\/division-du-bilinguisme-et-de-leducation-citoyenne-et-interculturelle\/","title":{"rendered":"Division du bilinguisme, de l&rsquo;\u00e9ducation citoyenne et interculturelle"},"content":{"rendered":"<section class=\"wpb-content-wrapper\"><p>[vc_row][vc_column]<div class=\"edgt-elements-holder   edgt-two-columns  edgt-responsive-mode-1024 \" ><div class=\"edgt-eh-item  edgt-width-1-1 edgt-vertical-alignment-top  \"  data-item-class=\"edgt-eh-custom-8067\">\n\t<div class=\"edgt-eh-item-inner\">\n\t\t<div class=\"edgt-eh-item-content edgt-eh-custom-8067\" >\n\t\t\t[vc_single_image image=\u00a0\u00bb4341&Prime; img_size=\u00a0\u00bblarge\u00a0\u00bb add_caption=\u00a0\u00bbyes\u00a0\u00bb alignment=\u00a0\u00bbcenter\u00a0\u00bb css_animation=\u00a0\u00bbzoomIn\u00a0\u00bb][vc_empty_space height=\u00a0\u00bb28px\u00a0\u00bb]\t\t<\/div>\n\t<\/div>\n<\/div><div class=\"edgt-eh-item  edgt-width-1-1 edgt-vertical-alignment-top  \"  data-item-class=\"edgt-eh-custom-3327\">\n\t<div class=\"edgt-eh-item-inner\">\n\t\t<div class=\"edgt-eh-item-content edgt-eh-custom-3327\" style=\"padding: 1.4% 0 0 6%\">\n\t\t\t[vc_column_text css_animation=\u00a0\u00bbzoomIn\u00a0\u00bb]<\/p>\n<h3 style=\"text-align: center;\"><strong><span style=\"color: #25d6ea;\">Division du Bilinguisme, de l&rsquo;\u00c9ducation Citoyenne et Interculturelle (DBECI)<\/span><\/strong><\/h3>\n<p>[\/vc_column_text][vc_empty_space][vc_tta_accordion style=\u00a0\u00bbmodern\u00a0\u00bb color=\u00a0\u00bbturquoise\u00a0\u00bb active_section=\u00a0\u00bb1&Prime; css_animation=\u00a0\u00bbzoomIn\u00a0\u00bb collapsible_all=\u00a0\u00bbtrue\u00a0\u00bb][vc_tta_section title=\u00a0\u00bbPr\u00e9sentation\u00a0\u00bb tab_id=\u00a0\u00bb1706858436620-bc880a97-7964&Prime;][vc_column_text css_animation=\u00a0\u00bbzoomIn\u00a0\u00bb]<\/p>\n<p style=\"text-align: left;\"><span style=\"color: #1c45b5;\">La Division du bilinguisme, de l&rsquo;\u00e9ducation citoyenne et Interculturelle comprend:<\/span><br \/>\n<span style=\"color: #1c45b5;\">&#8211; Le Service du bilinguisme ;<\/span><br \/>\n<span style=\"color: #1c45b5;\">&#8211; le Service de l&rsquo;\u00e9ducation citoyenne et interculturelle ; <\/span><br \/>\n<span style=\"color: #1c45b5;\">&#8211; le Service des activit\u00e9s socio-culturelles, associatives, sportives et r\u00e9cr\u00e9atives.<\/span><\/p>\n<p>[\/vc_column_text][\/vc_tta_section][vc_tta_section title=\u00a0\u00bbLes missions de la DBECI\u00a0\u00bb tab_id=\u00a0\u00bb1706858436665-88f34be5-4791&Prime;][vc_column_text css_animation=\u00a0\u00bbzoomIn\u00a0\u00bb]<\/p>\n<p style=\"text-align: justify;\"><span style=\"color: #1c45b5;\">La Division du bilinguisme, de l&rsquo;\u00e9ducation citoyenne et interculturelle est charg\u00e9e de la promotion des apprentissages du bilinguisme, de l&rsquo;\u00e9ducation citoyenne, des activit\u00e9s concourant \u00e0 l&rsquo;\u00e9ducation \u00e0 la d\u00e9mocratie, aux valeurs \u00e9thiques et morales, \u00e0 la culture de la paix et du dialogue.<\/span><\/p>\n<p>[\/vc_column_text][\/vc_tta_section][\/vc_tta_accordion][vc_empty_space]\t\t<\/div>\n\t<\/div>\n<\/div><\/div>[\/vc_column][\/vc_row][vc_row][vc_column css_animation=\u00a0\u00bbzoomIn\u00a0\u00bb width=\u00a0\u00bb1\/4&Prime;]<div class=\"edgt-team main-info-below-image \">\n\t<div class=\"edgt-team-inner\">\n\t\t\t\t\t<div class=\"edgt-team-image\">\n                <img loading=\"lazy\" decoding=\"async\" width=\"1600\" height=\"1341\" src=\"https:\/\/www.ens.univ-maroua.cm\/wp-content\/uploads\/2023\/11\/IMG-20230914-WA0003.jpg\" class=\"attachment-full size-full\" alt=\"\" srcset=\"https:\/\/www.ens.univ-maroua.cm\/wp-content\/uploads\/2023\/11\/IMG-20230914-WA0003.jpg 1600w, https:\/\/www.ens.univ-maroua.cm\/wp-content\/uploads\/2023\/11\/IMG-20230914-WA0003-300x251.jpg 300w, https:\/\/www.ens.univ-maroua.cm\/wp-content\/uploads\/2023\/11\/IMG-20230914-WA0003-1024x858.jpg 1024w, https:\/\/www.ens.univ-maroua.cm\/wp-content\/uploads\/2023\/11\/IMG-20230914-WA0003-768x644.jpg 768w, https:\/\/www.ens.univ-maroua.cm\/wp-content\/uploads\/2023\/11\/IMG-20230914-WA0003-1536x1287.jpg 1536w, https:\/\/www.ens.univ-maroua.cm\/wp-content\/uploads\/2023\/11\/IMG-20230914-WA0003-600x503.jpg 600w\" sizes=\"auto, (max-width: 1600px) 100vw, 1600px\" \/>\t\t\t<\/div>\n\t\t\n\t\t\t\t\t<div class=\"edgt-team-info\">\n\t\t\t\t\t\t\t\t\t<div class=\"edgt-team-title-holder normal_social\">\n\t\t\t\t\t\t\t\t\t\t\t\t\t<h4 class=\"edgt-team-name\">\n\t\t\t\t\t\t\t\tDr BEBEY\t\t\t\t\t\t\t<\/h4>\n\t\t\t\t\t\t\t\t\t\t\t\t\t\t\t\t\t\t\t<p class=\"edgt-team-position\">Chef de Service du bilinguisme<\/p>\n\t\t\t\t\t\t\t\t\t\t\t<\/div>\n\t\t\t\t\n\t\t\t\t\n\t\t<div class=\"edgt-team-social-holder-between\">\n\t\t\t<div class=\"edgt-team-social normal_social\">\n\t\t\t\t<div class=\"edgt-team-social-inner\">\n\t\t\t\t\t<div class=\"edgt-team-social-wrapp\">\n\n\t\t\t\t\t\t\n\t\t\t\t\t<\/div>\n\t\t\t\t<\/div>\n\t\t\t<\/div>\n\t\t<\/div>\n\n\t\t<\/div>\n\t<\/div>\n<\/div>[vc_column_text css_animation=\u00a0\u00bbzoomIn\u00a0\u00bb]<\/p>\n<p style=\"text-align: left;\"><span style=\"color: #1c45b5;\">Le Service du bilinguisme, est charg\u00e9 de la promotion des apprentissages du bilinguisme.<\/span><\/p>\n<p>[\/vc_column_text][\/vc_column][vc_column css_animation=\u00a0\u00bbzoomIn\u00a0\u00bb width=\u00a0\u00bb1\/4&Prime;]<div class=\"edgt-team main-info-below-image \">\n\t<div class=\"edgt-team-inner\">\n\t\t\t\t\t<div class=\"edgt-team-image\">\n                <img loading=\"lazy\" decoding=\"async\" width=\"1600\" height=\"1341\" src=\"https:\/\/www.ens.univ-maroua.cm\/wp-content\/uploads\/2023\/11\/IMG-20230914-WA0003.jpg\" class=\"attachment-full size-full\" alt=\"\" srcset=\"https:\/\/www.ens.univ-maroua.cm\/wp-content\/uploads\/2023\/11\/IMG-20230914-WA0003.jpg 1600w, https:\/\/www.ens.univ-maroua.cm\/wp-content\/uploads\/2023\/11\/IMG-20230914-WA0003-300x251.jpg 300w, https:\/\/www.ens.univ-maroua.cm\/wp-content\/uploads\/2023\/11\/IMG-20230914-WA0003-1024x858.jpg 1024w, https:\/\/www.ens.univ-maroua.cm\/wp-content\/uploads\/2023\/11\/IMG-20230914-WA0003-768x644.jpg 768w, https:\/\/www.ens.univ-maroua.cm\/wp-content\/uploads\/2023\/11\/IMG-20230914-WA0003-1536x1287.jpg 1536w, https:\/\/www.ens.univ-maroua.cm\/wp-content\/uploads\/2023\/11\/IMG-20230914-WA0003-600x503.jpg 600w\" sizes=\"auto, (max-width: 1600px) 100vw, 1600px\" \/>\t\t\t<\/div>\n\t\t\n\t\t\t\t\t<div class=\"edgt-team-info\">\n\t\t\t\t\t\t\t\t\t<div class=\"edgt-team-title-holder normal_social\">\n\t\t\t\t\t\t\t\t\t\t\t\t\t<h4 class=\"edgt-team-name\">\n\t\t\t\t\t\t\t\tDr ALTINE Mathieu\t\t\t\t\t\t\t<\/h4>\n\t\t\t\t\t\t\t\t\t\t\t\t\t\t\t\t\t\t\t<p class=\"edgt-team-position\">Chef de Service de l&#039;\u00e9ducation citoyenne et interculturelle<\/p>\n\t\t\t\t\t\t\t\t\t\t\t<\/div>\n\t\t\t\t\n\t\t\t\t\n\t\t<div class=\"edgt-team-social-holder-between\">\n\t\t\t<div class=\"edgt-team-social normal_social\">\n\t\t\t\t<div class=\"edgt-team-social-inner\">\n\t\t\t\t\t<div class=\"edgt-team-social-wrapp\">\n\n\t\t\t\t\t\t\n\t\t\t\t\t<\/div>\n\t\t\t\t<\/div>\n\t\t\t<\/div>\n\t\t<\/div>\n\n\t\t<\/div>\n\t<\/div>\n<\/div>[vc_column_text css_animation=\u00a0\u00bbzoomIn\u00a0\u00bb]<\/p>\n<p style=\"text-align: left;\"><span style=\"color: #1c45b5;\">Le Service de l&rsquo;\u00e9ducation citoyenne et interculturelle est charg\u00e9 de la mise en place et de l&rsquo;organisation des activit\u00e9s concourant au respect des valeurs \u00e9thiques et morales, \u00e0 l&rsquo;\u00e9ducation civique et citoyenne et \u00e0 l&rsquo;inter culturalit\u00e9.<\/span><\/p>\n<p>[\/vc_column_text][\/vc_column][vc_column css_animation=\u00a0\u00bbzoomIn\u00a0\u00bb width=\u00a0\u00bb1\/4&Prime;]<div class=\"edgt-team main-info-below-image \">\n\t<div class=\"edgt-team-inner\">\n\t\t\t\t\t<div class=\"edgt-team-image\">\n                <img loading=\"lazy\" decoding=\"async\" width=\"1600\" height=\"1341\" src=\"https:\/\/www.ens.univ-maroua.cm\/wp-content\/uploads\/2023\/11\/IMG-20230914-WA0003.jpg\" class=\"attachment-full size-full\" alt=\"\" srcset=\"https:\/\/www.ens.univ-maroua.cm\/wp-content\/uploads\/2023\/11\/IMG-20230914-WA0003.jpg 1600w, https:\/\/www.ens.univ-maroua.cm\/wp-content\/uploads\/2023\/11\/IMG-20230914-WA0003-300x251.jpg 300w, https:\/\/www.ens.univ-maroua.cm\/wp-content\/uploads\/2023\/11\/IMG-20230914-WA0003-1024x858.jpg 1024w, https:\/\/www.ens.univ-maroua.cm\/wp-content\/uploads\/2023\/11\/IMG-20230914-WA0003-768x644.jpg 768w, https:\/\/www.ens.univ-maroua.cm\/wp-content\/uploads\/2023\/11\/IMG-20230914-WA0003-1536x1287.jpg 1536w, https:\/\/www.ens.univ-maroua.cm\/wp-content\/uploads\/2023\/11\/IMG-20230914-WA0003-600x503.jpg 600w\" sizes=\"auto, (max-width: 1600px) 100vw, 1600px\" \/>\t\t\t<\/div>\n\t\t\n\t\t\t\t\t<div class=\"edgt-team-info\">\n\t\t\t\t\t\t\t\t\t<div class=\"edgt-team-title-holder normal_social\">\n\t\t\t\t\t\t\t\t\t\t\t\t\t<h4 class=\"edgt-team-name\">\n\t\t\t\t\t\t\t\tABOUBAKAR\t\t\t\t\t\t\t<\/h4>\n\t\t\t\t\t\t\t\t\t\t\t\t\t\t\t\t\t\t\t<p class=\"edgt-team-position\">Chef de Service des activit\u00e9s socio-culturelles, associatives, sportives et r\u00e9cr\u00e9atives<\/p>\n\t\t\t\t\t\t\t\t\t\t\t<\/div>\n\t\t\t\t\n\t\t\t\t\n\t\t<div class=\"edgt-team-social-holder-between\">\n\t\t\t<div class=\"edgt-team-social normal_social\">\n\t\t\t\t<div class=\"edgt-team-social-inner\">\n\t\t\t\t\t<div class=\"edgt-team-social-wrapp\">\n\n\t\t\t\t\t\t\n\t\t\t\t\t<\/div>\n\t\t\t\t<\/div>\n\t\t\t<\/div>\n\t\t<\/div>\n\n\t\t<\/div>\n\t<\/div>\n<\/div>[vc_column_text css_animation=\u00a0\u00bbzoomIn\u00a0\u00bb]<\/p>\n<p style=\"text-align: left;\"><span style=\"color: #1c45b5;\">Le Service des activit\u00e9s socioculturelles, associatives, sportives et r\u00e9cr\u00e9atives, est charg\u00e9 de toutes les questions relatives aux activit\u00e9s non acad\u00e9miques, post et p\u00e9ri-universitaires, concourant au d\u00e9veloppement int\u00e9gral de l&rsquo;\u00e9l\u00e8ve de l&rsquo;\u00c9cole.<\/span><\/p>\n<p>[\/vc_column_text][\/vc_column][vc_column width=\u00a0\u00bb1\/4&Prime;][vc_single_image image=\u00a0\u00bb4340&Prime; img_size=\u00a0\u00bb300&#215;550&Prime; alignment=\u00a0\u00bbcenter\u00a0\u00bb css_animation=\u00a0\u00bbzoomIn\u00a0\u00bb][\/vc_column][\/vc_row][vc_row][vc_column][vc_empty_space][\/vc_column][\/vc_row]<\/p>\n<\/section>","protected":false},"excerpt":{"rendered":"<p>[vc_row][vc_column][\/vc_column][\/vc_row][vc_row][vc_column css_animation=\u00a0\u00bbzoomIn\u00a0\u00bb width=\u00a0\u00bb1\/4&Prime;][vc_column_text css_animation=\u00a0\u00bbzoomIn\u00a0\u00bb] Le Service du bilinguisme, est charg\u00e9 de la promotion des apprentissages du bilinguisme. [\/vc_column_text][\/vc_column][vc_column css_animation=\u00a0\u00bbzoomIn\u00a0\u00bb width=\u00a0\u00bb1\/4&Prime;][vc_column_text css_animation=\u00a0\u00bbzoomIn\u00a0\u00bb] Le Service de l&rsquo;\u00e9ducation citoyenne et interculturelle est charg\u00e9 de la mise en place et de l&rsquo;organisation des activit\u00e9s [&hellip;]<\/p>\n","protected":false},"author":1,"featured_media":0,"parent":0,"menu_order":0,"comment_status":"closed","ping_status":"closed","template":"","meta":{"footnotes":""},"class_list":["post-4941","page","type-page","status-publish","hentry"],"_links":{"self":[{"href":"https:\/\/www.ens.univ-maroua.cm\/index.php\/wp-json\/wp\/v2\/pages\/4941","targetHints":{"allow":["GET"]}}],"collection":[{"href":"https:\/\/www.ens.univ-maroua.cm\/index.php\/wp-json\/wp\/v2\/pages"}],"about":[{"href":"https:\/\/www.ens.univ-maroua.cm\/index.php\/wp-json\/wp\/v2\/types\/page"}],"author":[{"embeddable":true,"href":"https:\/\/www.ens.univ-maroua.cm\/index.php\/wp-json\/wp\/v2\/users\/1"}],"replies":[{"embeddable":true,"href":"https:\/\/www.ens.univ-maroua.cm\/index.php\/wp-json\/wp\/v2\/comments?post=4941"}],"version-history":[{"count":7,"href":"https:\/\/www.ens.univ-maroua.cm\/index.php\/wp-json\/wp\/v2\/pages\/4941\/revisions"}],"predecessor-version":[{"id":5040,"href":"https:\/\/www.ens.univ-maroua.cm\/index.php\/wp-json\/wp\/v2\/pages\/4941\/revisions\/5040"}],"wp:attachment":[{"href":"https:\/\/www.ens.univ-maroua.cm\/index.php\/wp-json\/wp\/v2\/media?parent=4941"}],"curies":[{"name":"wp","href":"https:\/\/api.w.org\/{rel}","templated":true}]}}