{"id":4393,"date":"2023-12-01T08:54:55","date_gmt":"2023-12-01T07:54:55","guid":{"rendered":"http:\/\/www.ens.univ-maroua.cm\/?page_id=4393"},"modified":"2024-03-12T23:44:25","modified_gmt":"2024-03-12T22:44:25","slug":"sciences-physiques","status":"publish","type":"page","link":"https:\/\/www.ens.univ-maroua.cm\/index.php\/sciences-physiques\/","title":{"rendered":"Sciences Physiques"},"content":{"rendered":"<section class=\"wpb-content-wrapper\"><p>[vc_row css_animation=\u00a0\u00bbzoomIn\u00a0\u00bb css=\u00a0\u00bb.vc_custom_1707027856629{background-color: #ffffff !important;}\u00a0\u00bb][vc_column][vc_column_text css_animation=\u00a0\u00bbzoomIn\u00a0\u00bb]<\/p>\n<h3 style=\"text-align: center;\"><span style=\"color: #25d6ea;\"><strong>D\u00e9partement de Sciences physiques<\/strong><\/span><\/h3>\n<p>[\/vc_column_text][vc_empty_space height=\u00a0\u00bb4px\u00a0\u00bb][vc_row_inner][vc_column_inner width=\u00a0\u00bb1\/4&Prime;][vc_single_image image=\u00a0\u00bb4703&Prime; img_size=\u00a0\u00bb320&#215;280&Prime; add_caption=\u00a0\u00bbyes\u00a0\u00bb alignment=\u00a0\u00bbcenter\u00a0\u00bb style=\u00a0\u00bbvc_box_shadow_3d\u00a0\u00bb css_animation=\u00a0\u00bbzoomIn\u00a0\u00bb][\/vc_column_inner][vc_column_inner width=\u00a0\u00bb1\/4&Prime; css=\u00a0\u00bb.vc_custom_1707026143936{background-color: #25d6ea !important;}\u00a0\u00bb][vc_column_text]<\/p>\n<h4 style=\"text-align: center;\"><span style=\"color: #1c45b5;\"><strong>Chef de D\u00e9partement<\/strong><\/span><\/h4>\n<p>[\/vc_column_text][vc_column_text]<\/p>\n<p style=\"text-align: center;\"><span style=\"color: #ffffff;\"><strong>Pr ALIM<\/strong><\/span><\/p>\n<p>[\/vc_column_text][vc_separator color=\u00a0\u00bbblue\u00a0\u00bb border_width=\u00a0\u00bb4&Prime;][vc_column_text]<\/p>\n<h4 style=\"text-align: center;\"><span style=\"color: #1c45b5;\"><strong>Coordonn\u00e9es<\/strong><\/span><\/h4>\n<p>[\/vc_column_text][vc_column_text]<\/p>\n<h6 style=\"text-align: left;\"><strong><span style=\"color: #1c45b5;\">Adresse <\/span><\/strong><span style=\"color: #1c45b5;\">:<\/span><strong><span style=\"color: #ffffff;\">\u00a0BP 55 Maroua<\/span><\/strong><br \/>\n<strong><span style=\"color: #1c45b5;\">T\u00e9lephone :<\/span><\/strong><span style=\"color: #ffffff;\">+237 222295000<\/span><br \/>\n<strong><span style=\"color: #1c45b5;\">E-mail :<\/span><\/strong><\/h6>\n<p>[\/vc_column_text][\/vc_column_inner][vc_column_inner width=\u00a0\u00bb2\/4&Prime;][vc_single_image image=\u00a0\u00bb4353&Prime; img_size=\u00a0\u00bb620&#215;300&Prime; alignment=\u00a0\u00bbcenter\u00a0\u00bb style=\u00a0\u00bbvc_box_border\u00a0\u00bb css_animation=\u00a0\u00bbzoomIn\u00a0\u00bb][\/vc_column_inner][\/vc_row_inner][vc_empty_space][\/vc_column][\/vc_row][vc_row css=\u00a0\u00bb.vc_custom_1707026648914{background-color: #25d6ea !important;}\u00a0\u00bb][vc_column][vc_empty_space height=\u00a0\u00bb15px\u00a0\u00bb][\/vc_column][\/vc_row][vc_row css_animation=\u00a0\u00bbzoomIn\u00a0\u00bb css=\u00a0\u00bb.vc_custom_1707027820408{background-color: #ffffff !important;}\u00a0\u00bb][vc_column width=\u00a0\u00bb1\/2&Prime;][vc_tta_accordion section_title_tag=\u00a0\u00bbh5&Prime; style=\u00a0\u00bbmodern\u00a0\u00bb color=\u00a0\u00bbturquoise\u00a0\u00bb active_section=\u00a0\u00bb1&Prime; css_animation=\u00a0\u00bbzoomIn\u00a0\u00bb collapsible_all=\u00a0\u00bbtrue\u00a0\u00bb][vc_tta_section title=\u00a0\u00bbPr\u00e9sentation du D\u00e9partement\u00a0\u00bb tab_id=\u00a0\u00bb1707026703702-94860dde-73e0&Prime;][vc_column_text css_animation=\u00a0\u00bbzoomIn\u00a0\u00bb]<\/p>\n<p style=\"text-align: left;\"><span style=\"color: #1c45b5;\">I am text block. Click edit button to change this text. Lorem ipsum dolor sit amet, consectetur adipiscing elit. Ut elit tellus, luctus nec ullamcorper mattis, pulvinar dapibus leo.<\/span><\/p>\n<p>[\/vc_column_text][\/vc_tta_section][vc_tta_section title=\u00a0\u00bbMissions\u00a0\u00bb tab_id=\u00a0\u00bb1707026703776-acb78616-d077&Prime;][vc_column_text css_animation=\u00a0\u00bbzoomIn\u00a0\u00bb]<\/p>\n<p style=\"text-align: left;\"><span style=\"color: #1c45b5;\">Nous offrons des enseignements de qualit\u00e9 permettant \u00e0 nos apprenants d\u2019apporter des r\u00e9ponses ad\u00e9quates aux d\u00e9fis scientifiques et technologiques dans les domaines de l&rsquo;enseignement. Outre les formations classiques en Physique fondamentale et en Physique appliqu\u00e9e, nos offres d\u2019enseignements sp\u00e9cialis\u00e9s en Master dans le but de former des physiciens dans divers secteurs professionnels.<\/span><\/p>\n<p>[\/vc_column_text][\/vc_tta_section][vc_tta_section title=\u00a0\u00bbOffres de formation\u00a0\u00bb tab_id=\u00a0\u00bb1707027179081-a180d8e9-72c0&Prime;][vc_column_text css_animation=\u00a0\u00bbzoomIn\u00a0\u00bb]<\/p>\n<p style=\"text-align: left;\"><span style=\"color: #1c45b5;\">Le D\u00e9partement de Sciences Physiques offre la formation en :<\/span><\/p>\n<p style=\"text-align: left;\"><span style=\"color: #1c45b5;\">\u2981 DI.P.E.S I,<\/span><br \/>\n<span style=\"color: #1c45b5;\">\u2981 DI.P.E.S II,<\/span><br \/>\n<span style=\"color: #1c45b5;\">\u2981 Master Recherche option:<\/span><br \/>\n<span style=\"color: #1c45b5;\">&#8211; Physique de la mati\u00e8re condens\u00e9e<\/span><br \/>\n<span style=\"color: #1c45b5;\">&#8211; Physique atomique mol\u00e9culaire et nucl\u00e9aire<\/span><br \/>\n<span style=\"color: #1c45b5;\">&#8211; Electronique<\/span><br \/>\n<span style=\"color: #1c45b5;\">&#8211; G\u00e9ophysique et G\u00e9o-exploration<\/span><br \/>\n<span style=\"color: #1c45b5;\">&#8211; Energ\u00e9tique<\/span><\/p>\n<p>[\/vc_column_text][\/vc_tta_section][vc_tta_section title=\u00a0\u00bbConditions d&rsquo;admission\u00a0\u00bb tab_id=\u00a0\u00bb1707027215396-2cff157b-1215&Prime;][vc_column_text css_animation=\u00a0\u00bbzoomIn\u00a0\u00bb]<\/p>\n<p style=\"text-align: left;\"><span style=\"color: #1c45b5;\">I am text block. Click edit button to change this text. Lorem ipsum dolor sit amet, consectetur adipiscing elit. Ut elit tellus, luctus nec ullamcorper mattis, pulvinar dapibus leo.<\/span><\/p>\n<p>[\/vc_column_text][\/vc_tta_section][\/vc_tta_accordion][\/vc_column][vc_column width=\u00a0\u00bb1\/2&Prime;][vc_gallery interval=\u00a0\u00bb3&Prime; images=\u00a0\u00bb4352,4353,4354,4339,4341&Prime; img_size=\u00a0\u00bb420&#215;280&Prime; css_animation=\u00a0\u00bbzoomIn\u00a0\u00bb][\/vc_column][\/vc_row][vc_row css=\u00a0\u00bb.vc_custom_1707027568007{background-color: #25d6ea !important;}\u00a0\u00bb][vc_column][vc_empty_space height=\u00a0\u00bb15px\u00a0\u00bb][\/vc_column][\/vc_row][vc_row css_animation=\u00a0\u00bbzoomIn\u00a0\u00bb css=\u00a0\u00bb.vc_custom_1707027784961{background-color: #ffffff !important;}\u00a0\u00bb][vc_column][vc_column_text css_animation=\u00a0\u00bbzoomIn\u00a0\u00bb]<\/p>\n<h3 style=\"text-align: center;\"><span style=\"color: #25d6ea;\">Corps enseignants<\/span><\/h3>\n<p>[\/vc_column_text][vc_row_inner][vc_column_inner width=\u00a0\u00bb1\/6&Prime;][\/vc_column_inner][vc_column_inner width=\u00a0\u00bb4\/6&Prime;]<div class=\"edgt-instructor-slider-holder\"><div class=\"edgt-instructor-list-holder edgt-tl-normal-space  edgt-tl-slider\">\n\t<div class=\"edgt-tl-inner edgt-owl-slider\" data-number-of-items=\"4\" data-enable-navigation=\"yes\" data-enable-pagination=\"yes\">\n\t\tSorry, no posts matched your criteria.\t<\/div>\n<\/div><\/div>[\/vc_column_inner][vc_column_inner width=\u00a0\u00bb1\/6&Prime;][\/vc_column_inner][\/vc_row_inner][\/vc_column][\/vc_row][vc_row css=\u00a0\u00bb.vc_custom_1707027751488{background-color: #25d6ea !important;}\u00a0\u00bb][vc_column][vc_empty_space][\/vc_column][\/vc_row]<\/p>\n<\/section>","protected":false},"excerpt":{"rendered":"<p>[vc_row css_animation=\u00a0\u00bbzoomIn\u00a0\u00bb css=\u00a0\u00bb.vc_custom_1707027856629{background-color: #ffffff !important;}\u00a0\u00bb][vc_column][vc_column_text css_animation=\u00a0\u00bbzoomIn\u00a0\u00bb] D\u00e9partement de Sciences physiques [\/vc_column_text][vc_empty_space height=\u00a0\u00bb4px\u00a0\u00bb][vc_row_inner][vc_column_inner width=\u00a0\u00bb1\/4&Prime;][vc_single_image image=\u00a0\u00bb4703&Prime; img_size=\u00a0\u00bb320&#215;280&Prime; add_caption=\u00a0\u00bbyes\u00a0\u00bb alignment=\u00a0\u00bbcenter\u00a0\u00bb style=\u00a0\u00bbvc_box_shadow_3d\u00a0\u00bb css_animation=\u00a0\u00bbzoomIn\u00a0\u00bb][\/vc_column_inner][vc_column_inner width=\u00a0\u00bb1\/4&Prime; css=\u00a0\u00bb.vc_custom_1707026143936{background-color: #25d6ea !important;}\u00a0\u00bb][vc_column_text] Chef de D\u00e9partement [\/vc_column_text][vc_column_text] Pr ALIM [\/vc_column_text][vc_separator color=\u00a0\u00bbblue\u00a0\u00bb border_width=\u00a0\u00bb4&Prime;][vc_column_text] Coordonn\u00e9es [\/vc_column_text][vc_column_text] Adresse :\u00a0BP 55 Maroua T\u00e9lephone :+237 [&hellip;]<\/p>\n","protected":false},"author":1,"featured_media":0,"parent":0,"menu_order":0,"comment_status":"closed","ping_status":"closed","template":"","meta":{"footnotes":""},"class_list":["post-4393","page","type-page","status-publish","hentry"],"_links":{"self":[{"href":"https:\/\/www.ens.univ-maroua.cm\/index.php\/wp-json\/wp\/v2\/pages\/4393","targetHints":{"allow":["GET"]}}],"collection":[{"href":"https:\/\/www.ens.univ-maroua.cm\/index.php\/wp-json\/wp\/v2\/pages"}],"about":[{"href":"https:\/\/www.ens.univ-maroua.cm\/index.php\/wp-json\/wp\/v2\/types\/page"}],"author":[{"embeddable":true,"href":"https:\/\/www.ens.univ-maroua.cm\/index.php\/wp-json\/wp\/v2\/users\/1"}],"replies":[{"embeddable":true,"href":"https:\/\/www.ens.univ-maroua.cm\/index.php\/wp-json\/wp\/v2\/comments?post=4393"}],"version-history":[{"count":8,"href":"https:\/\/www.ens.univ-maroua.cm\/index.php\/wp-json\/wp\/v2\/pages\/4393\/revisions"}],"predecessor-version":[{"id":5756,"href":"https:\/\/www.ens.univ-maroua.cm\/index.php\/wp-json\/wp\/v2\/pages\/4393\/revisions\/5756"}],"wp:attachment":[{"href":"https:\/\/www.ens.univ-maroua.cm\/index.php\/wp-json\/wp\/v2\/media?parent=4393"}],"curies":[{"name":"wp","href":"https:\/\/api.w.org\/{rel}","templated":true}]}}