{"id":4387,"date":"2023-12-01T08:41:31","date_gmt":"2023-12-01T07:41:31","guid":{"rendered":"http:\/\/www.ens.univ-maroua.cm\/?page_id=4387"},"modified":"2024-03-12T22:32:24","modified_gmt":"2024-03-12T21:32:24","slug":"philosophie","status":"publish","type":"page","link":"https:\/\/www.ens.univ-maroua.cm\/index.php\/philosophie\/","title":{"rendered":"Philosophie"},"content":{"rendered":"<section class=\"wpb-content-wrapper\"><p>[vc_row css_animation=\u00a0\u00bbzoomIn\u00a0\u00bb css=\u00a0\u00bb.vc_custom_1707013645928{background-color: #ffffff !important;}\u00a0\u00bb][vc_column][vc_column_text css_animation=\u00a0\u00bbzoomIn\u00a0\u00bb]<\/p>\n<h3 style=\"text-align: center;\"><span style=\"color: #25d6ea;\"><strong>D\u00e9partement de Philosophie<\/strong><\/span><\/h3>\n<p>[\/vc_column_text][vc_empty_space height=\u00a0\u00bb4px\u00a0\u00bb][vc_row_inner][vc_column_inner width=\u00a0\u00bb1\/4&Prime;][vc_single_image image=\u00a0\u00bb4549&Prime; img_size=\u00a0\u00bb320&#215;280&Prime; add_caption=\u00a0\u00bbyes\u00a0\u00bb alignment=\u00a0\u00bbcenter\u00a0\u00bb style=\u00a0\u00bbvc_box_shadow_3d\u00a0\u00bb][\/vc_column_inner][vc_column_inner width=\u00a0\u00bb1\/4&Prime; css=\u00a0\u00bb.vc_custom_1707013587439{background-color: #25d6ea !important;}\u00a0\u00bb][vc_column_text]<\/p>\n<h4 style=\"text-align: center;\"><span style=\"color: #1c45b5;\"><strong>Chef de D\u00e9partement<\/strong><\/span><\/h4>\n<p>[\/vc_column_text][vc_column_text]<\/p>\n<p style=\"text-align: center;\"><span style=\"color: #ffffff;\"><strong>Pr TCHIMABI Pierre<\/strong><\/span><\/p>\n<p>[\/vc_column_text][vc_separator color=\u00a0\u00bbblue\u00a0\u00bb border_width=\u00a0\u00bb4&Prime;][vc_column_text]<\/p>\n<h4 style=\"text-align: center;\"><span style=\"color: #1c45b5;\"><strong>Coordonn\u00e9es<\/strong><\/span><\/h4>\n<p>[\/vc_column_text][vc_column_text]<\/p>\n<h6><span style=\"color: #1c45b5;\"><strong>Adresse :<\/strong><\/span><span style=\"color: #ffffff;\">BP 55 Maroua<\/span><br \/>\n<strong><span style=\"color: #1c45b5;\">T\u00e9l\u00e9phone :<\/span><\/strong><span style=\"color: #ffffff;\">+237 222295000<\/span><br \/>\n<strong><span style=\"color: #1c45b5;\">E-mail :<\/span><\/strong><\/h6>\n<p>[\/vc_column_text][\/vc_column_inner][vc_column_inner width=\u00a0\u00bb2\/4&Prime;][vc_single_image image=\u00a0\u00bb4355&Prime; img_size=\u00a0\u00bb620&#215;300&Prime; alignment=\u00a0\u00bbcenter\u00a0\u00bb style=\u00a0\u00bbvc_box_border\u00a0\u00bb][\/vc_column_inner][\/vc_row_inner][vc_empty_space][\/vc_column][\/vc_row][vc_row css=\u00a0\u00bb.vc_custom_1707013558725{background-color: #25d6ea !important;}\u00a0\u00bb][vc_column][vc_empty_space][\/vc_column][\/vc_row][vc_row css_animation=\u00a0\u00bbzoomIn\u00a0\u00bb css=\u00a0\u00bb.vc_custom_1707014877568{background-color: #ffffff !important;}\u00a0\u00bb][vc_column width=\u00a0\u00bb1\/2&Prime;][vc_tta_accordion section_title_tag=\u00a0\u00bbh5&Prime; style=\u00a0\u00bbmodern\u00a0\u00bb color=\u00a0\u00bbturquoise\u00a0\u00bb active_section=\u00a0\u00bb1&Prime; css_animation=\u00a0\u00bbzoomIn\u00a0\u00bb collapsible_all=\u00a0\u00bbtrue\u00a0\u00bb][vc_tta_section title=\u00a0\u00bbPr\u00e9sentation du D\u00e9partement\u00a0\u00bb tab_id=\u00a0\u00bb1707013860148-d4dbd8e2-c179&Prime;][vc_column_text css_animation=\u00a0\u00bbzoomIn\u00a0\u00bb]<span style=\"color: #1c45b5;\">Le D\u00e9partement de philosophie a \u00e9t\u00e9 cr\u00e9\u00e9e par D\u00e9cret Pr\u00e9sidentiel n\u00b0 2008\/282 du 9 ao\u00fbt 2008.<\/span><br \/>\n<span style=\"color: #1c45b5;\">La dur\u00e9e de formation au D\u00e9partement de Philosophie est de deux ans et donne droit \u00e0 un Dipl\u00f4me de Professeur d\u2019Enseignement Secondaire, Deuxi\u00e8me Grade (DIPES II) pour les \u00e9tudiants admis par voie de concours et \u00e0 l\u2019Attestation de fin de formation en Philosophie pour les auditeurs libres.<\/span>[\/vc_column_text][\/vc_tta_section][vc_tta_section title=\u00a0\u00bbMissions\u00a0\u00bb tab_id=\u00a0\u00bb1707013860237-f3f610af-56ff\u00a0\u00bb][vc_column_text css_animation=\u00a0\u00bbzoomIn\u00a0\u00bb]<\/p>\n<p style=\"text-align: left;\"><span style=\"color: #1c45b5;\">&#8211; Missions de recherche et d\u2019enseignement dans les Universit\u00e9s des Pays Africains, Europ\u00e9ens, Asiatique et Am\u00e9ricains.<\/span><br \/>\n<span style=\"color: #1c45b5;\">&#8211; Assurer l\u2019encadrement des \u00e9l\u00e8ves-professeurs dans la r\u00e9alisation de leurs travaux de m\u00e9moires de DIPES II.<\/span><br \/>\n<span style=\"color: #1c45b5;\">&#8211; Participation aux Colloques scientifiques, Journ\u00e9es d\u2019Etudes et activit\u00e9s de recherche tant sur le plan national qu\u2019international.<\/span><\/p>\n<p>[\/vc_column_text][\/vc_tta_section][vc_tta_section title=\u00a0\u00bbOffres de formation\u00a0\u00bb tab_id=\u00a0\u00bb1707013915549-70257833-6b78&Prime;][vc_column_text css_animation=\u00a0\u00bbzoomIn\u00a0\u00bb]<\/p>\n<p style=\"text-align: left;\"><span style=\"color: #1c45b5;\">Depuis plus de 14 ans, les recherches au D\u00e9partement de Philosophie s\u2019organisent autour des enseignements tant sur le plan historique, syst\u00e9matique que m\u00e9thodologique.<\/span><\/p>\n<ul style=\"text-align: left;\">\n<li><span style=\"color: #1c45b5;\">Sur le plan historique, il y a des cours d\u2019histoire de la philosophie antique et m\u00e9di\u00e9vale (africaine, occidentale), histoire de la philosophie (africaine, occidentale) moderne et contemporaine.<\/span><\/li>\n<li><span style=\"color: #1c45b5;\">Sur le plan syst\u00e9matique, il y a les cours de m\u00e9taphysique et philosophie g\u00e9n\u00e9rale, d\u2019esth\u00e9tique, de philosophie morale et politique,\u00a0 de logique et d\u2019\u00e9pist\u00e9mologie,<\/span><br \/>\n<span style=\"color: #1c45b5;\">Sur le plan m\u00e9thodologique, il y a des enseignements sur la m\u00e9thodologie\/didactique de la recherche en g\u00e9n\u00e9ral et la m\u00e9thodologie de l\u2019enseignement de la philosophie en particulier.<\/span><\/li>\n<\/ul>\n<p style=\"text-align: left;\"><span style=\"color: #1c45b5;\">En outre, le D\u00e9partement de Philosophie s\u2019est arrim\u00e9 \u00e0 la gouvernance num\u00e9rique universitaire \u00e0 travers des modules de formation appropri\u00e9s.<\/span><\/p>\n<p style=\"text-align: left;\"><span style=\"color: #1c45b5;\">A ces offres de formation enseign\u00e9s au D\u00e9partement de Philosophie, des cours de formation professionnelle (PRS) leurs sont octroy\u00e9s ainsi que la formation bilingue.<\/span><\/p>\n<p>[\/vc_column_text][\/vc_tta_section][vc_tta_section title=\u00a0\u00bbConditions d&rsquo;admission\u00a0\u00bb tab_id=\u00a0\u00bb1707013946648-def70626-8c83&Prime;][vc_column_text css_animation=\u00a0\u00bbzoomIn\u00a0\u00bb]<\/p>\n<p style=\"text-align: left;\"><span style=\"color: #1c45b5;\">I am text block. Click edit button to change this text. Lorem ipsum dolor sit amet, consectetur adipiscing elit. Ut elit tellus, luctus nec ullamcorper mattis, pulvinar dapibus leo.<\/span><\/p>\n<p>[\/vc_column_text][\/vc_tta_section][\/vc_tta_accordion][\/vc_column][vc_column width=\u00a0\u00bb1\/2&Prime;][vc_gallery interval=\u00a0\u00bb3&Prime; images=\u00a0\u00bb4868,4355,4356,4021&Prime; img_size=\u00a0\u00bb420&#215;300&Prime; css_animation=\u00a0\u00bbzoomIn\u00a0\u00bb][\/vc_column][\/vc_row][vc_row css=\u00a0\u00bb.vc_custom_1707014357598{background-color: #25d6ea !important;}\u00a0\u00bb][vc_column][vc_empty_space][\/vc_column][\/vc_row][vc_row css_animation=\u00a0\u00bbzoomIn\u00a0\u00bb css=\u00a0\u00bb.vc_custom_1707014587938{background-color: #ffffff !important;}\u00a0\u00bb][vc_column][vc_column_text css_animation=\u00a0\u00bbzoomIn\u00a0\u00bb]<\/p>\n<h3 style=\"text-align: center;\"><span style=\"color: #25d6ea;\"><strong>Corps enseignants<\/strong><\/span><\/h3>\n<p>[\/vc_column_text][vc_empty_space height=\u00a0\u00bb16px\u00a0\u00bb][vc_row_inner][vc_column_inner width=\u00a0\u00bb1\/6&Prime;][\/vc_column_inner][vc_column_inner width=\u00a0\u00bb4\/6&Prime;]<div class=\"edgt-instructor-slider-holder\"><div class=\"edgt-instructor-list-holder edgt-tl-normal-space  edgt-tl-slider\">\n\t<div class=\"edgt-tl-inner edgt-owl-slider\" data-number-of-items=\"4\" data-enable-navigation=\"yes\" data-enable-pagination=\"yes\">\n\t\tSorry, no posts matched your criteria.\t<\/div>\n<\/div><\/div>[\/vc_column_inner][vc_column_inner width=\u00a0\u00bb1\/6&Prime;][\/vc_column_inner][\/vc_row_inner][\/vc_column][\/vc_row][vc_row css=\u00a0\u00bb.vc_custom_1707014637853{background-color: #25d6ea !important;}\u00a0\u00bb][vc_column][vc_empty_space][\/vc_column][\/vc_row]<\/p>\n<\/section>","protected":false},"excerpt":{"rendered":"<p>[vc_row css_animation=\u00a0\u00bbzoomIn\u00a0\u00bb css=\u00a0\u00bb.vc_custom_1707013645928{background-color: #ffffff !important;}\u00a0\u00bb][vc_column][vc_column_text css_animation=\u00a0\u00bbzoomIn\u00a0\u00bb] D\u00e9partement de Philosophie [\/vc_column_text][vc_empty_space height=\u00a0\u00bb4px\u00a0\u00bb][vc_row_inner][vc_column_inner width=\u00a0\u00bb1\/4&Prime;][vc_single_image image=\u00a0\u00bb4549&Prime; img_size=\u00a0\u00bb320&#215;280&Prime; add_caption=\u00a0\u00bbyes\u00a0\u00bb alignment=\u00a0\u00bbcenter\u00a0\u00bb style=\u00a0\u00bbvc_box_shadow_3d\u00a0\u00bb][\/vc_column_inner][vc_column_inner width=\u00a0\u00bb1\/4&Prime; css=\u00a0\u00bb.vc_custom_1707013587439{background-color: #25d6ea !important;}\u00a0\u00bb][vc_column_text] Chef de D\u00e9partement [\/vc_column_text][vc_column_text] Pr TCHIMABI Pierre [\/vc_column_text][vc_separator color=\u00a0\u00bbblue\u00a0\u00bb border_width=\u00a0\u00bb4&Prime;][vc_column_text] Coordonn\u00e9es [\/vc_column_text][vc_column_text] Adresse :BP 55 Maroua T\u00e9l\u00e9phone :+237 222295000 [&hellip;]<\/p>\n","protected":false},"author":1,"featured_media":0,"parent":0,"menu_order":0,"comment_status":"closed","ping_status":"closed","template":"","meta":{"footnotes":""},"class_list":["post-4387","page","type-page","status-publish","hentry"],"_links":{"self":[{"href":"https:\/\/www.ens.univ-maroua.cm\/index.php\/wp-json\/wp\/v2\/pages\/4387","targetHints":{"allow":["GET"]}}],"collection":[{"href":"https:\/\/www.ens.univ-maroua.cm\/index.php\/wp-json\/wp\/v2\/pages"}],"about":[{"href":"https:\/\/www.ens.univ-maroua.cm\/index.php\/wp-json\/wp\/v2\/types\/page"}],"author":[{"embeddable":true,"href":"https:\/\/www.ens.univ-maroua.cm\/index.php\/wp-json\/wp\/v2\/users\/1"}],"replies":[{"embeddable":true,"href":"https:\/\/www.ens.univ-maroua.cm\/index.php\/wp-json\/wp\/v2\/comments?post=4387"}],"version-history":[{"count":8,"href":"https:\/\/www.ens.univ-maroua.cm\/index.php\/wp-json\/wp\/v2\/pages\/4387\/revisions"}],"predecessor-version":[{"id":5751,"href":"https:\/\/www.ens.univ-maroua.cm\/index.php\/wp-json\/wp\/v2\/pages\/4387\/revisions\/5751"}],"wp:attachment":[{"href":"https:\/\/www.ens.univ-maroua.cm\/index.php\/wp-json\/wp\/v2\/media?parent=4387"}],"curies":[{"name":"wp","href":"https:\/\/api.w.org\/{rel}","templated":true}]}}