{"id":4377,"date":"2023-12-01T08:13:35","date_gmt":"2023-12-01T07:13:35","guid":{"rendered":"http:\/\/www.ens.univ-maroua.cm\/?page_id=4377"},"modified":"2024-03-13T00:44:11","modified_gmt":"2024-03-12T23:44:11","slug":"langue-francaise-et-litteratures-dexpression-francaise","status":"publish","type":"page","link":"https:\/\/www.ens.univ-maroua.cm\/index.php\/langue-francaise-et-litteratures-dexpression-francaise\/","title":{"rendered":"Langue Fran\u00e7aise et Litt\u00e9ratures d&rsquo;Expression Fran\u00e7aise"},"content":{"rendered":"<section class=\"wpb-content-wrapper\"><p>[vc_row css_animation=\u00a0\u00bbzoomIn\u00a0\u00bb css=\u00a0\u00bb.vc_custom_1710278267296{background-color: #ffffff !important;}\u00a0\u00bb][vc_column css_animation=\u00a0\u00bbzoomIn\u00a0\u00bb][vc_column_text css_animation=\u00a0\u00bbzoomIn\u00a0\u00bb]<\/p>\n<h4 style=\"text-align: center;\"><span style=\"color: #25d6ea;\">D\u00e9partement de Langue Fran\u00e7aise et Litt\u00e9ratures d&rsquo;Expression Fran\u00e7aise (LFLEF)<\/span><\/h4>\n<p>[\/vc_column_text][vc_empty_space height=\u00a0\u00bb4px\u00a0\u00bb][vc_row_inner][vc_column_inner width=\u00a0\u00bb1\/4&Prime;][vc_single_image image=\u00a0\u00bb4539&Prime; img_size=\u00a0\u00bb320&#215;280&Prime; add_caption=\u00a0\u00bbyes\u00a0\u00bb alignment=\u00a0\u00bbcenter\u00a0\u00bb style=\u00a0\u00bbvc_box_shadow_3d\u00a0\u00bb][\/vc_column_inner][vc_column_inner width=\u00a0\u00bb1\/4&Prime; css=\u00a0\u00bb.vc_custom_1710283567820{background-color: #25d6ea !important;}\u00a0\u00bb][vc_column_text]<\/p>\n<h4 style=\"text-align: center;\"><strong><span style=\"color: #1c45b5;\">Chef de D\u00e9partement<\/span><\/strong><\/h4>\n<p>[\/vc_column_text][vc_column_text]<\/p>\n<p style=\"text-align: center;\"><span style=\"color: #ffffff;\"><strong>Dr AISSATOU \u00e9pouse ABDOULAHI<\/strong><\/span><\/p>\n<p>[\/vc_column_text][vc_separator color=\u00a0\u00bbblue\u00a0\u00bb border_width=\u00a0\u00bb4&Prime;][vc_column_text]<\/p>\n<h4 style=\"text-align: center;\"><span style=\"color: #1c45b5;\"><strong>Coordonn\u00e9es<\/strong><\/span><\/h4>\n<p>[\/vc_column_text][vc_column_text]<\/p>\n<h6 style=\"text-align: left;\"><span style=\"color: #1c45b5;\">Adresse :<\/span> <span style=\"color: #ffffff;\">BP 55 Maroua<\/span><br \/>\n<span style=\"color: #1c45b5;\">T\u00e9l\u00e9phone:<\/span> <span style=\"color: #ffffff;\">+237 222295000<\/span><br \/>\n<span style=\"color: #1c45b5;\">E-mail:<\/span><\/h6>\n<p>[\/vc_column_text][vc_empty_space height=\u00a0\u00bb8px\u00a0\u00bb][\/vc_column_inner][vc_column_inner width=\u00a0\u00bb2\/4&Prime;][vc_single_image image=\u00a0\u00bb4049&Prime; img_size=\u00a0\u00bb620&#215;300&Prime; alignment=\u00a0\u00bbcenter\u00a0\u00bb style=\u00a0\u00bbvc_box_shadow_border\u00a0\u00bb][\/vc_column_inner][\/vc_row_inner][vc_empty_space][\/vc_column][\/vc_row][vc_row css=\u00a0\u00bb.vc_custom_1706977472959{background-color: #25d6ea !important;}\u00a0\u00bb][vc_column css_animation=\u00a0\u00bbzoomIn\u00a0\u00bb][vc_empty_space height=\u00a0\u00bb10px\u00a0\u00bb][\/vc_column][\/vc_row][vc_row equal_height=\u00a0\u00bbyes\u00a0\u00bb content_placement=\u00a0\u00bbtop\u00a0\u00bb css_animation=\u00a0\u00bbzoomIn\u00a0\u00bb content_text_aligment=\u00a0\u00bbcenter\u00a0\u00bb css=\u00a0\u00bb.vc_custom_1706981043133{background-color: #ffffff !important;}\u00a0\u00bb][vc_column css_animation=\u00a0\u00bbzoomIn\u00a0\u00bb width=\u00a0\u00bb1\/2&Prime; css=\u00a0\u00bb.vc_custom_1706978728248{background-color: #ffffff !important;}\u00a0\u00bb][vc_tta_accordion section_title_tag=\u00a0\u00bbh5&Prime; style=\u00a0\u00bbmodern\u00a0\u00bb color=\u00a0\u00bbturquoise\u00a0\u00bb active_section=\u00a0\u00bb1&Prime; css_animation=\u00a0\u00bbzoomIn\u00a0\u00bb collapsible_all=\u00a0\u00bbtrue\u00a0\u00bb][vc_tta_section title=\u00a0\u00bbPr\u00e9sentation du D\u00e9partement\u00a0\u00bb tab_id=\u00a0\u00bb1706977694823-58d542e6-d6d4&Prime;][vc_column_text css_animation=\u00a0\u00bbzoomIn\u00a0\u00bb]<\/p>\n<p style=\"text-align: left;\"><span style=\"color: #1c45b5;\">Le d\u00e9partement de Langue Fran\u00e7aise et Litt\u00e9ratures d\u2019Expression Fran\u00e7aise de l\u2019\u00c9cole Normale Sup\u00e9rieure de l\u2019Universit\u00e9 de Maroua est l\u2019un des premiers d\u00e9partements de cette institution, il existe depuis sa cr\u00e9ation. Il enregistre l\u2019un des plus gros effectifs et dispose d\u2019un cycle de DIPES I, de DIPES II et de MASTER en sciences du langage et en litt\u00e9ratures fran\u00e7aise, africaine, francophone. Il dispose \u00e9galement des Cahiers du d\u00e9partement, d\u2019un laboratoire (Langue, Litt\u00e9ratures et \u00c9tudes Compar\u00e9es) et d\u2019une Revue (Mosa\u00efques). Il est anim\u00e9 par une \u00e9quipe de vingt-deux (20) enseignants dont dix-sept (14) permanents et cinq (6) associ\u00e9s.<\/span><\/p>\n<p>[\/vc_column_text][\/vc_tta_section][vc_tta_section title=\u00a0\u00bbLes missions\u00a0\u00bb tab_id=\u00a0\u00bb1706977694896-48bb8a66-7027&Prime;][vc_column_text css_animation=\u00a0\u00bbzoomIn\u00a0\u00bb]<\/p>\n<p style=\"text-align: left;\"><span style=\"color: #1c45b5;\">Une \u00e9quipe de professionnels de l\u2019enseignement de la langue et des litt\u00e9ratures d\u2019expression fran\u00e7aise se donne pour mission d\u2019offrir aux \u00e9tudiants la possibilit\u00e9 de bien s\u2019exprimer oralement, bien \u00e9crire, bien enseigner, arpenter les couloirs de l\u2019imagination\u2026 \u00c0 la fin de leurs \u00e9tudes, ceux-ci pourront enseigner le fran\u00e7ais dans les coll\u00e8gues, lyc\u00e9es, au sup\u00e9rieur, exercer le m\u00e9tier de critique d\u2019art, de relecteur, de pigiste, se doter d\u2019une cr\u00e9ativit\u00e9 litt\u00e9raire \u2026 Ils auront acquis la performance et seront d\u00e9sormais des professionnels de l\u2019\u00e9ducation, des enseignants\/chercheurs qualifi\u00e9s, des critiques avis\u00e9s dans le domaine des lettres, des essayistes outill\u00e9s, des \u00e9crivains perspicaces \u2026<\/span><\/p>\n<p>[\/vc_column_text][\/vc_tta_section][vc_tta_section title=\u00a0\u00bbOffres de formation\u00a0\u00bb tab_id=\u00a0\u00bb1706977800660-cd8e34fc-f243&Prime;][vc_column_text css_animation=\u00a0\u00bbzoomIn\u00a0\u00bb]<\/p>\n<p style=\"text-align: left;\"><span style=\"color: #1c45b5;\">Le D\u00e9partement de Langue Fran\u00e7aise et Litt\u00e9ratures d\u2019Expression Fran\u00e7aise de l\u2019\u00c9cole Normale Sup\u00e9rieure de l\u2019Universit\u00e9 de Maroua offre des formations en :<\/span><br \/>\n<span style=\"color: #1c45b5;\">\u2981 DIPES I en Fran\u00e7ais<\/span><br \/>\n<span style=\"color: #1c45b5;\">\u2981 DIPES II en Fran\u00e7ais<\/span><br \/>\n<span style=\"color: #1c45b5;\">\u2981 Master en sciences du langage<\/span><br \/>\n<span style=\"color: #1c45b5;\">\u2981 Master en litt\u00e9ratures fran\u00e7aise, africaine, francophone<\/span><br \/>\n<span style=\"color: #1c45b5;\">L\u2019obtention d\u2019un Master recherche donne la possibilit\u00e9 \u00e0 une inscription en th\u00e8se.<\/span><\/p>\n<p>[\/vc_column_text][\/vc_tta_section][vc_tta_section title=\u00a0\u00bbConditions d&rsquo;admission\u00a0\u00bb tab_id=\u00a0\u00bb1706977828243-21486319-6d8c\u00a0\u00bb][vc_column_text css_animation=\u00a0\u00bbzoomIn\u00a0\u00bb]<\/p>\n<p style=\"text-align: left;\">I am text block. Click edit button to change this text. Lorem ipsum dolor sit amet, consectetur adipiscing elit. Ut elit tellus, luctus nec ullamcorper mattis, pulvinar dapibus leo.<\/p>\n<p>[\/vc_column_text][\/vc_tta_section][\/vc_tta_accordion][\/vc_column][vc_column css_animation=\u00a0\u00bbzoomIn\u00a0\u00bb width=\u00a0\u00bb1\/2&Prime; css=\u00a0\u00bb.vc_custom_1706978762238{background-color: #ffffff !important;}\u00a0\u00bb][vc_gallery interval=\u00a0\u00bb3&Prime; images=\u00a0\u00bb4049,4351,4352,4353,4354&Prime; img_size=\u00a0\u00bb420&#215;300&Prime; css_animation=\u00a0\u00bbzoomIn\u00a0\u00bb][\/vc_column][\/vc_row][vc_row css=\u00a0\u00bb.vc_custom_1706978222891{background-color: #25d6ea !important;}\u00a0\u00bb][vc_column][vc_empty_space height=\u00a0\u00bb10px\u00a0\u00bb][\/vc_column][\/vc_row][vc_row][vc_column css_animation=\u00a0\u00bbzoomIn\u00a0\u00bb css=\u00a0\u00bb.vc_custom_1706978366114{background-color: #ffffff !important;}\u00a0\u00bb][vc_column_text css_animation=\u00a0\u00bbzoomIn\u00a0\u00bb]<\/p>\n<h3 style=\"text-align: center;\"><span style=\"color: #25d6ea;\"><strong>Corps enseignants<\/strong><\/span><\/h3>\n<p>[\/vc_column_text][vc_empty_space height=\u00a0\u00bb16px\u00a0\u00bb][vc_row_inner][vc_column_inner width=\u00a0\u00bb1\/6&Prime;][\/vc_column_inner][vc_column_inner width=\u00a0\u00bb4\/6&Prime;]<div class=\"edgt-instructor-slider-holder\"><div class=\"edgt-instructor-list-holder edgt-tl-normal-space  edgt-tl-slider\">\n\t<div class=\"edgt-tl-inner edgt-owl-slider\" data-number-of-items=\"4\" data-enable-navigation=\"yes\" data-enable-pagination=\"yes\">\n\t\tSorry, no posts matched your criteria.\t<\/div>\n<\/div><\/div>[\/vc_column_inner][vc_column_inner width=\u00a0\u00bb1\/6&Prime;][\/vc_column_inner][\/vc_row_inner][\/vc_column][\/vc_row][vc_row css=\u00a0\u00bb.vc_custom_1706978517997{background-color: #25d6ea !important;}\u00a0\u00bb][vc_column][vc_empty_space][\/vc_column][\/vc_row]<\/p>\n<\/section>","protected":false},"excerpt":{"rendered":"<p>[vc_row css_animation=\u00a0\u00bbzoomIn\u00a0\u00bb css=\u00a0\u00bb.vc_custom_1710278267296{background-color: #ffffff !important;}\u00a0\u00bb][vc_column css_animation=\u00a0\u00bbzoomIn\u00a0\u00bb][vc_column_text css_animation=\u00a0\u00bbzoomIn\u00a0\u00bb] D\u00e9partement de Langue Fran\u00e7aise et Litt\u00e9ratures d&rsquo;Expression Fran\u00e7aise (LFLEF) [\/vc_column_text][vc_empty_space height=\u00a0\u00bb4px\u00a0\u00bb][vc_row_inner][vc_column_inner width=\u00a0\u00bb1\/4&Prime;][vc_single_image image=\u00a0\u00bb4539&Prime; img_size=\u00a0\u00bb320&#215;280&Prime; add_caption=\u00a0\u00bbyes\u00a0\u00bb alignment=\u00a0\u00bbcenter\u00a0\u00bb style=\u00a0\u00bbvc_box_shadow_3d\u00a0\u00bb][\/vc_column_inner][vc_column_inner width=\u00a0\u00bb1\/4&Prime; css=\u00a0\u00bb.vc_custom_1710283567820{background-color: #25d6ea !important;}\u00a0\u00bb][vc_column_text] Chef de D\u00e9partement [\/vc_column_text][vc_column_text] Dr AISSATOU \u00e9pouse ABDOULAHI [\/vc_column_text][vc_separator color=\u00a0\u00bbblue\u00a0\u00bb border_width=\u00a0\u00bb4&Prime;][vc_column_text] Coordonn\u00e9es [&hellip;]<\/p>\n","protected":false},"author":1,"featured_media":0,"parent":0,"menu_order":0,"comment_status":"closed","ping_status":"closed","template":"","meta":{"footnotes":""},"class_list":["post-4377","page","type-page","status-publish","hentry"],"_links":{"self":[{"href":"https:\/\/www.ens.univ-maroua.cm\/index.php\/wp-json\/wp\/v2\/pages\/4377","targetHints":{"allow":["GET"]}}],"collection":[{"href":"https:\/\/www.ens.univ-maroua.cm\/index.php\/wp-json\/wp\/v2\/pages"}],"about":[{"href":"https:\/\/www.ens.univ-maroua.cm\/index.php\/wp-json\/wp\/v2\/types\/page"}],"author":[{"embeddable":true,"href":"https:\/\/www.ens.univ-maroua.cm\/index.php\/wp-json\/wp\/v2\/users\/1"}],"replies":[{"embeddable":true,"href":"https:\/\/www.ens.univ-maroua.cm\/index.php\/wp-json\/wp\/v2\/comments?post=4377"}],"version-history":[{"count":45,"href":"https:\/\/www.ens.univ-maroua.cm\/index.php\/wp-json\/wp\/v2\/pages\/4377\/revisions"}],"predecessor-version":[{"id":5767,"href":"https:\/\/www.ens.univ-maroua.cm\/index.php\/wp-json\/wp\/v2\/pages\/4377\/revisions\/5767"}],"wp:attachment":[{"href":"https:\/\/www.ens.univ-maroua.cm\/index.php\/wp-json\/wp\/v2\/media?parent=4377"}],"curies":[{"name":"wp","href":"https:\/\/api.w.org\/{rel}","templated":true}]}}