{"id":4375,"date":"2023-12-01T08:07:00","date_gmt":"2023-12-01T07:07:00","guid":{"rendered":"http:\/\/www.ens.univ-maroua.cm\/?page_id=4375"},"modified":"2024-03-12T19:04:42","modified_gmt":"2024-03-12T18:04:42","slug":"langue-anglaise-et-litteratures-dexpression-anglaise","status":"publish","type":"page","link":"https:\/\/www.ens.univ-maroua.cm\/index.php\/langue-anglaise-et-litteratures-dexpression-anglaise\/","title":{"rendered":"Langue Anglaise et Litt\u00e9ratures d&rsquo;Expression Anglaise"},"content":{"rendered":"<section class=\"wpb-content-wrapper\"><p>[vc_row equal_height=\u00a0\u00bbyes\u00a0\u00bb content_placement=\u00a0\u00bbmiddle\u00a0\u00bb css_animation=\u00a0\u00bbzoomIn\u00a0\u00bb][vc_column css_animation=\u00a0\u00bbzoomIn\u00a0\u00bb css=\u00a0\u00bb.vc_custom_1706975369567{background-color: #ffffff !important;}\u00a0\u00bb][vc_column_text css_animation=\u00a0\u00bbzoomIn\u00a0\u00bb]<\/p>\n<h3 style=\"text-align: center;\"><span style=\"color: #25d6ea;\"><strong>D\u00e9partement de Langue Anglaise et Litt\u00e9ratures d&rsquo;Expression Anglaise (LALEA)<\/strong><\/span><\/h3>\n<p>[\/vc_column_text][vc_empty_space height=\u00a0\u00bb4px\u00a0\u00bb][vc_row_inner][vc_column_inner width=\u00a0\u00bb1\/4&Prime;][vc_single_image image=\u00a0\u00bb4566&Prime; img_size=\u00a0\u00bb320&#215;280&Prime; add_caption=\u00a0\u00bbyes\u00a0\u00bb alignment=\u00a0\u00bbcenter\u00a0\u00bb style=\u00a0\u00bbvc_box_shadow_3d\u00a0\u00bb css_animation=\u00a0\u00bbzoomIn\u00a0\u00bb][\/vc_column_inner][vc_column_inner width=\u00a0\u00bb1\/4&Prime; css=\u00a0\u00bb.vc_custom_1706973239898{background-color: #25d6ea !important;}\u00a0\u00bb][vc_column_text]<\/p>\n<h4 style=\"text-align: center;\"><span style=\"color: #1c45b5;\"><strong>Chef de D\u00e9partement<\/strong><\/span><\/h4>\n<p>[\/vc_column_text][vc_column_text]<\/p>\n<p style=\"text-align: center;\"><span style=\"color: #ffffff;\">Pr MAGDALINE BAKUME NKONGHO<\/span><\/p>\n<p>[\/vc_column_text][vc_separator color=\u00a0\u00bbblue\u00a0\u00bb border_width=\u00a0\u00bb4&Prime;][vc_column_text]<\/p>\n<h4 style=\"text-align: center;\"><span style=\"color: #1c45b5;\"><strong>Coordonn\u00e9es<\/strong><\/span><\/h4>\n<p>[\/vc_column_text][vc_column_text]<\/p>\n<h6 style=\"text-align: left;\"><span style=\"color: #1c45b5;\"><strong>Adresse :<\/strong><\/span><span style=\"color: #ffffff;\">BP 55 Maroua<\/span><br \/>\n<strong><span style=\"color: #1c45b5;\">T\u00e9l\u00e9phone :<\/span><\/strong><span style=\"color: #ffffff;\">+237 222295000<\/span><br \/>\n<strong><span style=\"color: #1c45b5;\">E-mail :<\/span><\/strong><\/h6>\n<p>[\/vc_column_text][\/vc_column_inner][vc_column_inner width=\u00a0\u00bb2\/4&Prime;][vc_single_image image=\u00a0\u00bb4352&Prime; img_size=\u00a0\u00bb620&#215;300&Prime; style=\u00a0\u00bbvc_box_border\u00a0\u00bb css_animation=\u00a0\u00bbzoomIn\u00a0\u00bb][\/vc_column_inner][\/vc_row_inner][vc_empty_space][\/vc_column][\/vc_row][vc_row css=\u00a0\u00bb.vc_custom_1706973324294{background-color: #25d6ea !important;}\u00a0\u00bb][vc_column][vc_empty_space][\/vc_column][\/vc_row][vc_row css_animation=\u00a0\u00bbzoomIn\u00a0\u00bb css=\u00a0\u00bb.vc_custom_1706975936575{background-color: #ffffff !important;}\u00a0\u00bb][vc_column width=\u00a0\u00bb1\/2&Prime;][vc_tta_accordion section_title_tag=\u00a0\u00bbh5&Prime; style=\u00a0\u00bbmodern\u00a0\u00bb color=\u00a0\u00bbturquoise\u00a0\u00bb active_section=\u00a0\u00bb1&Prime; css_animation=\u00a0\u00bbzoomIn\u00a0\u00bb collapsible_all=\u00a0\u00bbtrue\u00a0\u00bb][vc_tta_section title=\u00a0\u00bbPr\u00e9sentation du D\u00e9partement\u00a0\u00bb tab_id=\u00a0\u00bb1706973507997-773814ef-04f4&Prime;][vc_column_text css_animation=\u00a0\u00bbzoomIn\u00a0\u00bb]<span style=\"color: #1c45b5;\">Le d\u00e9partement de langue anglaise et de litt\u00e9ratures d&rsquo;expression anglaise est l&rsquo;une des quinze d\u00e9partements de l&rsquo;\u00c9cole normale sup\u00e9rieure de Maroua. Ce d\u00e9partement est un lieu id\u00e9al qui r\u00e9compense ses stagiaires par un savoir-faire linguistique et une critique litt\u00e9raire sur les tendances anciennes et r\u00e9centes de la critique litt\u00e9raire. Ses arguments sont bas\u00e9s sur la subjectivit\u00e9 des batailles id\u00e9ologiques qui caract\u00e9risent les perspectives contemporaines de la litt\u00e9rature.<\/span>[\/vc_column_text][\/vc_tta_section][vc_tta_section title=\u00a0\u00bbLes missions\u00a0\u00bb tab_id=\u00a0\u00bb1706973508089-cb38f4c4-d72e\u00a0\u00bb][vc_column_text css_animation=\u00a0\u00bbzoomIn\u00a0\u00bb]<span style=\"color: #1c45b5;\">Le D\u00e9partement de Langue Anglaise et de Litt\u00e9ratures de l&rsquo;Expression Anglaise a les missions suivantes :<\/span><br \/>\n<span style=\"color: #1c45b5;\">-Formation et suivi des \u00e9tudiants-enseignants<\/span><br \/>\n<span style=\"color: #1c45b5;\">-Recyclage et retour d&rsquo;information<\/span>[\/vc_column_text][\/vc_tta_section][vc_tta_section title=\u00a0\u00bbOffres de formation\u00a0\u00bb tab_id=\u00a0\u00bb1706973620264-61b35f1e-bdb4&Prime;][vc_column_text css_animation=\u00a0\u00bbzoomIn\u00a0\u00bb]<span style=\"color: #1c45b5;\">Formation des enseignants \u00e0 l&rsquo;enseignement de l&rsquo;anglais :<\/span><\/p>\n<ul>\n<li><span style=\"color: #1c45b5;\">Formation des enseignants \u00e0 la litt\u00e9rature d&rsquo;expression anglaise<\/span><\/li>\n<li><span style=\"color: #1c45b5;\">Ma\u00eetrise en langue anglaise<\/span><\/li>\n<li><span style=\"color: #1c45b5;\">Ma\u00eetrise en litt\u00e9rature anglaise<\/span><\/li>\n<li><span style=\"color: #1c45b5;\">Ma\u00eetrise en \u00e9tudes du Commonwealth\/postcoloniales<\/span><\/li>\n<\/ul>\n<p style=\"text-align: justify;\"><span style=\"color: #1c45b5;\">Dur\u00e9e de la formation :<\/span><\/p>\n<ul>\n<li><span style=\"color: #1c45b5;\">Premier cycle (DIPES I) 03 ans ;<\/span><\/li>\n<li><span style=\"color: #1c45b5;\">Deuxi\u00e8me cycle (DIPES II) 02 ans.<\/span><\/li>\n<\/ul>\n<p><span style=\"color: #1c45b5;\">Les candidats ayant obtenu le DIPES II avec une moyenne \u00e9gale ou sup\u00e9rieure \u00e0 12 peuvent s&rsquo;inscrire au programme de ma\u00eetrise.<\/span><\/p>\n<p><span style=\"color: #1c45b5;\">Les candidats ayant obtenu une moyenne de 12 au niveau de la ma\u00eetrise peuvent s&rsquo;inscrire au programme de doctorat.<\/span>[\/vc_column_text][\/vc_tta_section][vc_tta_section title=\u00a0\u00bbConditions d&rsquo;admission\u00a0\u00bb tab_id=\u00a0\u00bb1706973655480-b7ba99c8-6770&Prime;][vc_column_text css_animation=\u00a0\u00bbzoomIn\u00a0\u00bb]<span style=\"color: #1c45b5;\">I am text block. Click edit button to change this text. Lorem ipsum dolor sit amet, consectetur adipiscing elit. Ut elit tellus, luctus nec ullamcorper mattis, pulvinar dapibus leo.<\/span>[\/vc_column_text][\/vc_tta_section][\/vc_tta_accordion][\/vc_column][vc_column width=\u00a0\u00bb1\/2&Prime;][vc_gallery interval=\u00a0\u00bb3&Prime; images=\u00a0\u00bb4354,4353,4352,4351&Prime; img_size=\u00a0\u00bb420&#215;300&Prime; css_animation=\u00a0\u00bbzoomIn\u00a0\u00bb][\/vc_column][\/vc_row][vc_row css=\u00a0\u00bb.vc_custom_1706974161467{background-color: #25d6ea !important;}\u00a0\u00bb][vc_column][vc_empty_space][\/vc_column][\/vc_row][vc_row css=\u00a0\u00bb.vc_custom_1706974282017{background-color: #ffffff !important;}\u00a0\u00bb][vc_column css_animation=\u00a0\u00bbzoomIn\u00a0\u00bb css=\u00a0\u00bb.vc_custom_1706974952154{background-color: #ffffff !important;}\u00a0\u00bb][vc_column_text css_animation=\u00a0\u00bbzoomIn\u00a0\u00bb]<\/p>\n<h3 style=\"text-align: center;\"><span style=\"color: #25d6ea;\"><strong>Corps enseignants<\/strong><\/span><\/h3>\n<p>[\/vc_column_text][vc_row_inner equal_height=\u00a0\u00bbyes\u00a0\u00bb content_placement=\u00a0\u00bbmiddle\u00a0\u00bb content_text_aligment=\u00a0\u00bbcenter\u00a0\u00bb css=\u00a0\u00bb.vc_custom_1706974909734{background-color: #ffffff !important;}\u00a0\u00bb][vc_column_inner width=\u00a0\u00bb1\/6&Prime;][\/vc_column_inner][vc_column_inner width=\u00a0\u00bb4\/6&Prime;]<div class=\"edgt-instructor-slider-holder\"><div class=\"edgt-instructor-list-holder edgt-tl-normal-space  edgt-tl-slider\">\n\t<div class=\"edgt-tl-inner edgt-owl-slider\" data-number-of-items=\"4\" data-enable-navigation=\"yes\" data-enable-pagination=\"yes\">\n\t\tSorry, no posts matched your criteria.\t<\/div>\n<\/div><\/div>[\/vc_column_inner][vc_column_inner width=\u00a0\u00bb1\/6&Prime;][\/vc_column_inner][\/vc_row_inner][\/vc_column][\/vc_row][vc_row css=\u00a0\u00bb.vc_custom_1706974433594{background-color: #25d6ea !important;}\u00a0\u00bb][vc_column][vc_empty_space][\/vc_column][\/vc_row]<\/p>\n<\/section>","protected":false},"excerpt":{"rendered":"<p>[vc_row equal_height=\u00a0\u00bbyes\u00a0\u00bb content_placement=\u00a0\u00bbmiddle\u00a0\u00bb css_animation=\u00a0\u00bbzoomIn\u00a0\u00bb][vc_column css_animation=\u00a0\u00bbzoomIn\u00a0\u00bb css=\u00a0\u00bb.vc_custom_1706975369567{background-color: #ffffff !important;}\u00a0\u00bb][vc_column_text css_animation=\u00a0\u00bbzoomIn\u00a0\u00bb] D\u00e9partement de Langue Anglaise et Litt\u00e9ratures d&rsquo;Expression Anglaise (LALEA) [\/vc_column_text][vc_empty_space height=\u00a0\u00bb4px\u00a0\u00bb][vc_row_inner][vc_column_inner width=\u00a0\u00bb1\/4&Prime;][vc_single_image image=\u00a0\u00bb4566&Prime; img_size=\u00a0\u00bb320&#215;280&Prime; add_caption=\u00a0\u00bbyes\u00a0\u00bb alignment=\u00a0\u00bbcenter\u00a0\u00bb style=\u00a0\u00bbvc_box_shadow_3d\u00a0\u00bb css_animation=\u00a0\u00bbzoomIn\u00a0\u00bb][\/vc_column_inner][vc_column_inner width=\u00a0\u00bb1\/4&Prime; css=\u00a0\u00bb.vc_custom_1706973239898{background-color: #25d6ea !important;}\u00a0\u00bb][vc_column_text] Chef de D\u00e9partement [\/vc_column_text][vc_column_text] Pr MAGDALINE BAKUME NKONGHO [\/vc_column_text][vc_separator [&hellip;]<\/p>\n","protected":false},"author":1,"featured_media":0,"parent":0,"menu_order":0,"comment_status":"closed","ping_status":"closed","template":"","meta":{"footnotes":""},"class_list":["post-4375","page","type-page","status-publish","hentry"],"_links":{"self":[{"href":"https:\/\/www.ens.univ-maroua.cm\/index.php\/wp-json\/wp\/v2\/pages\/4375","targetHints":{"allow":["GET"]}}],"collection":[{"href":"https:\/\/www.ens.univ-maroua.cm\/index.php\/wp-json\/wp\/v2\/pages"}],"about":[{"href":"https:\/\/www.ens.univ-maroua.cm\/index.php\/wp-json\/wp\/v2\/types\/page"}],"author":[{"embeddable":true,"href":"https:\/\/www.ens.univ-maroua.cm\/index.php\/wp-json\/wp\/v2\/users\/1"}],"replies":[{"embeddable":true,"href":"https:\/\/www.ens.univ-maroua.cm\/index.php\/wp-json\/wp\/v2\/comments?post=4375"}],"version-history":[{"count":18,"href":"https:\/\/www.ens.univ-maroua.cm\/index.php\/wp-json\/wp\/v2\/pages\/4375\/revisions"}],"predecessor-version":[{"id":5729,"href":"https:\/\/www.ens.univ-maroua.cm\/index.php\/wp-json\/wp\/v2\/pages\/4375\/revisions\/5729"}],"wp:attachment":[{"href":"https:\/\/www.ens.univ-maroua.cm\/index.php\/wp-json\/wp\/v2\/media?parent=4375"}],"curies":[{"name":"wp","href":"https:\/\/api.w.org\/{rel}","templated":true}]}}