{"id":4371,"date":"2023-12-01T07:56:05","date_gmt":"2023-12-01T06:56:05","guid":{"rendered":"http:\/\/www.ens.univ-maroua.cm\/?page_id=4371"},"modified":"2024-03-18T23:04:10","modified_gmt":"2024-03-18T22:04:10","slug":"histoire","status":"publish","type":"page","link":"https:\/\/www.ens.univ-maroua.cm\/index.php\/histoire\/","title":{"rendered":"Histoire"},"content":{"rendered":"<section class=\"wpb-content-wrapper\"><p>[vc_row css_animation=\u00a0\u00bbzoomIn\u00a0\u00bb css=\u00a0\u00bb.vc_custom_1706965614473{background-color: #ffffff !important;}\u00a0\u00bb][vc_column][vc_column_text css_animation=\u00a0\u00bbzoomIn\u00a0\u00bb]<\/p>\n<h3 style=\"text-align: center;\"><span style=\"color: #25d6ea;\"><strong>D\u00e9partement d&rsquo;Histoire<\/strong><\/span><\/h3>\n<p>[\/vc_column_text][vc_empty_space height=\u00a0\u00bb4px\u00a0\u00bb][vc_row_inner equal_height=\u00a0\u00bbyes\u00a0\u00bb content_text_aligment=\u00a0\u00bbcenter\u00a0\u00bb][vc_column_inner width=\u00a0\u00bb1\/4&Prime;][vc_single_image image=\u00a0\u00bb5722&Prime; img_size=\u00a0\u00bb350&#215;300&Prime; add_caption=\u00a0\u00bbyes\u00a0\u00bb alignment=\u00a0\u00bbcenter\u00a0\u00bb style=\u00a0\u00bbvc_box_shadow_3d\u00a0\u00bb][\/vc_column_inner][vc_column_inner width=\u00a0\u00bb1\/4&Prime; css=\u00a0\u00bb.vc_custom_1706963015852{background-color: #25d6ea !important;}\u00a0\u00bb][vc_column_text css_animation=\u00a0\u00bbnone\u00a0\u00bb]<\/p>\n<h4 style=\"text-align: center;\"><span style=\"color: #1c45b5;\"><strong>Chef de D\u00e9partement<\/strong><\/span><\/h4>\n<p>[\/vc_column_text][vc_column_text]<\/p>\n<p style=\"text-align: center;\"><span style=\"color: #ffffff;\"><strong>Pr DIYE Jeremie<\/strong><\/span><\/p>\n<p>[\/vc_column_text][vc_separator color=\u00a0\u00bbblue\u00a0\u00bb border_width=\u00a0\u00bb4&Prime;][vc_column_text]<\/p>\n<p style=\"text-align: center;\"><span style=\"color: #1c45b5;\"><strong>Coordonn\u00e9es<\/strong><\/span><\/p>\n<p>[\/vc_column_text][vc_column_text]<\/p>\n<h6 style=\"text-align: left;\"><strong><span style=\"color: #1c45b5;\">Adresse :<\/span><\/strong> <span style=\"color: #ffffff;\">BP 55 Maroua<\/span><br \/>\n<strong><span style=\"color: #1c45b5;\">T\u00e9l\u00e9phone :<\/span><\/strong><span style=\"color: #ffffff;\">+237 222295000<\/span><br \/>\n<strong><span style=\"color: #1c45b5;\">E-mail :<\/span>\u00a0<\/strong><\/h6>\n<p>[\/vc_column_text][\/vc_column_inner][vc_column_inner width=\u00a0\u00bb2\/4&Prime;][vc_single_image image=\u00a0\u00bb5771&Prime; img_size=\u00a0\u00bb620&#215;300&Prime; alignment=\u00a0\u00bbcenter\u00a0\u00bb style=\u00a0\u00bbvc_box_border\u00a0\u00bb][\/vc_column_inner][\/vc_row_inner][vc_empty_space][\/vc_column][\/vc_row][vc_row css=\u00a0\u00bb.vc_custom_1706963188857{background-color: #25d6ea !important;}\u00a0\u00bb][vc_column][vc_empty_space][\/vc_column][\/vc_row][vc_row css=\u00a0\u00bb.vc_custom_1706964712755{background-color: #ffffff !important;}\u00a0\u00bb][vc_column width=\u00a0\u00bb1\/2&Prime;][vc_tta_accordion section_title_tag=\u00a0\u00bbh5&Prime; style=\u00a0\u00bbmodern\u00a0\u00bb color=\u00a0\u00bbturquoise\u00a0\u00bb active_section=\u00a0\u00bb1&Prime; css_animation=\u00a0\u00bbzoomIn\u00a0\u00bb collapsible_all=\u00a0\u00bbtrue\u00a0\u00bb][vc_tta_section title=\u00a0\u00bbPr\u00e9sentation du D\u00e9partement\u00a0\u00bb tab_id=\u00a0\u00bb1706963347004-cf3a7ca8-03fd\u00a0\u00bb][vc_column_text css_animation=\u00a0\u00bbzoomIn\u00a0\u00bb]<span style=\"color: #1c45b5;\">Le D\u00e9partement d\u2019Histoire est l\u2019une des treize fili\u00e8res de formation que compte l\u2019\u00c9cole Normale Sup\u00e9rieure de l\u2019Universit\u00e9 de Maroua. Le d\u00e9partement d\u2019Histoire d\u2019un personnel enseignant qualifi\u00e9, comp\u00e9tent, disponible constitu\u00e9 de 19 enseignants, dont 01 professeur titulaire, 4 ma\u00eetres de conf\u00e9rences, 10 charg\u00e9s de cours et 04 assistants.<\/span><br \/>\n<span style=\"color: #1c45b5;\">Pour une meilleure animation et suivi de l\u2019\u00e9quipe p\u00e9dagogique, le D\u00e9partement tient des conseils de d\u00e9partements et autres r\u00e9unions ax\u00e9es sur le cadrage et la validation des sujets de m\u00e9moires, les \u00e9valuations des rapports d\u2019\u00e9tape des m\u00e9moires et de stage pratique.<\/span><br \/>\n<span style=\"color: #1c45b5;\">A la t\u00eate de cette \u00e9quipe p\u00e9dagogique se trouve un chef de d\u00e9partement, le Pr DIYE Jeremie, Ma\u00eetre de Conf\u00e9rences. Il assure la coordination des activit\u00e9s d\u2019enseignement-apprentissage, des journ\u00e9es d\u2019\u00e9tude, des conf\u00e9rences, etc. port\u00e9s par le d\u00e9partement.<\/span>[\/vc_column_text][\/vc_tta_section][vc_tta_section title=\u00a0\u00bbLes missions\u00a0\u00bb tab_id=\u00a0\u00bb1706963347092-bef2cd5c-0dd8&Prime;][vc_column_text css_animation=\u00a0\u00bbzoomIn\u00a0\u00bb]<span style=\"color: #1c45b5;\">Les missions du d\u00e9partement d\u2019Histoire de l\u2019ENS de l\u2019Universit\u00e9 de Maroua sont entre autres :<\/span><br \/>\n<span style=\"color: #1c45b5;\">\u2981 Formation et encadrement des \u00e9l\u00e8ves-professeurs\u00a0;<\/span><br \/>\n<span style=\"color: #1c45b5;\">\u2981 Recyclage et formation continue ;<\/span><br \/>\n<span style=\"color: #1c45b5;\">\u2981 Former en appliquant des techniques et m\u00e9thodes innovantes de transmission du savoir historique, redimensionnant ainsi l\u2019Histoire pour en faire non une science savante, mais une r\u00e9elle connaissance utile et op\u00e9ratoire\u00a0;<\/span><br \/>\n<span style=\"color: #1c45b5;\">\u2981 Vulgarisation de la recherche par la mise \u00e0 la disposition des enseignants et des \u00e9tudiants de l\u2019ensemble des travaux r\u00e9alis\u00e9s au sein du D\u00e9partement en version num\u00e9rique et papier\u00a0;<\/span><br \/>\n<span style=\"color: #1c45b5;\">\u2981 Cadre id\u00e9al d\u2019\u00e9closion de la pens\u00e9e historique, et ce dans la perspective d\u2019\u00e9clairer les g\u00e9n\u00e9rations pr\u00e9sentes et futures sur les itin\u00e9raires et le cheminement de leur histoire.<\/span>[\/vc_column_text][\/vc_tta_section][vc_tta_section title=\u00a0\u00bbOffres de formation\u00a0\u00bb tab_id=\u00a0\u00bb1706963446190-a9f62386-fce7&Prime;][vc_column_text css_animation=\u00a0\u00bbzoomIn\u00a0\u00bb]<span style=\"color: #1c45b5;\">Pr\u00e9sentation des offres de formation au sein du d\u00e9partement<\/span><span style=\"color: #1c45b5;\">Le D\u00e9partement d\u2019Histoire pr\u00e9sente en son sein deux offres de formation :<\/span><\/p>\n<ul>\n<li style=\"text-align: justify;\"><span style=\"color: #1c45b5;\">La formation des Professeurs des coll\u00e8ges d&rsquo;enseignement g\u00e9n\u00e9ral (PCEG) et des Professeurs des Lyc\u00e9es d\u2019Enseignement G\u00e9n\u00e9ral (PLEG).\u00a0<\/span><br \/>\n<span style=\"color: #1c45b5;\">La dur\u00e9e de formation est de 03 ans pour le Premier Cycle (DIPES I : \u00a0Dipl\u00f4me de Professeur de l&rsquo;Enseignement Secondaire G\u00e9n\u00e9ral 1er Grade), et de 02 ans pour le Second Cycle (DIPES II : Le Dipl\u00f4me de Professeur de l&rsquo;Enseignement Secondaire 2eme grade).<\/span><\/li>\n<li style=\"text-align: justify;\"><span style=\"color: #1c45b5;\">Master en Histoire et\u00a0 Relations Internationales (MHRI)<\/span><\/li>\n<\/ul>\n<p>[\/vc_column_text][\/vc_tta_section][vc_tta_section title=\u00a0\u00bbConditions d&rsquo;admission\u00a0\u00bb tab_id=\u00a0\u00bb1706963470069-71ecefca-5bbd\u00a0\u00bb][vc_column_text css_animation=\u00a0\u00bbzoomIn\u00a0\u00bb]<span style=\"color: #1c45b5;\">Conditions d\u2019admission<\/span><br \/>\n<span style=\"color: #1c45b5;\">DIPES I, Licence en Histoire ou titre jug\u00e9 \u00e9quivalent dans une autre discipline, moyennant la r\u00e9ussite d\u2019enseignement requis. Admission sur \u00e9tude de dossier.<\/span>[\/vc_column_text][\/vc_tta_section][\/vc_tta_accordion][\/vc_column][vc_column width=\u00a0\u00bb1\/2&Prime;][vc_gallery interval=\u00a0\u00bb3&Prime; images=\u00a0\u00bb5772,5773,5774,5775,5776,5777,5778,5779,5780,5781,5782,5783,5784,5785,5786&Prime; img_size=\u00a0\u00bb420&#215;300&Prime; css_animation=\u00a0\u00bbzoomIn\u00a0\u00bb][\/vc_column][\/vc_row][vc_row css=\u00a0\u00bb.vc_custom_1706965111329{background-color: #25d6ea !important;}\u00a0\u00bb][vc_column][vc_empty_space][\/vc_column][\/vc_row][vc_row css_animation=\u00a0\u00bbzoomIn\u00a0\u00bb css=\u00a0\u00bb.vc_custom_1706965477044{background-color: #ffffff !important;}\u00a0\u00bb][vc_column css=\u00a0\u00bb.vc_custom_1706964792013{background-color: #ffffff !important;}\u00a0\u00bb][vc_column_text css_animation=\u00a0\u00bbzoomIn\u00a0\u00bb]<\/p>\n<h3 style=\"text-align: center;\"><span style=\"color: #25d6ea;\"><strong>Corps enseignants<\/strong><\/span><\/h3>\n<p>[\/vc_column_text][vc_empty_space height=\u00a0\u00bb16px\u00a0\u00bb][vc_row_inner][vc_column_inner]<div class=\"edgt-instructor-slider-holder\"><div class=\"edgt-instructor-list-holder edgt-tl-normal-space  edgt-tl-slider\">\n\t<div class=\"edgt-tl-inner edgt-owl-slider\" data-number-of-items=\"4\" data-enable-navigation=\"yes\" data-enable-pagination=\"yes\">\n\t\tSorry, no posts matched your criteria.\t<\/div>\n<\/div><\/div>[\/vc_column_inner][\/vc_row_inner][\/vc_column][\/vc_row][vc_row css=\u00a0\u00bb.vc_custom_1706964397225{background-color: #25d6ea !important;}\u00a0\u00bb][vc_column][vc_empty_space][\/vc_column][\/vc_row]<\/p>\n<\/section>","protected":false},"excerpt":{"rendered":"<p>[vc_row css_animation=\u00a0\u00bbzoomIn\u00a0\u00bb css=\u00a0\u00bb.vc_custom_1706965614473{background-color: #ffffff !important;}\u00a0\u00bb][vc_column][vc_column_text css_animation=\u00a0\u00bbzoomIn\u00a0\u00bb] D\u00e9partement d&rsquo;Histoire [\/vc_column_text][vc_empty_space height=\u00a0\u00bb4px\u00a0\u00bb][vc_row_inner equal_height=\u00a0\u00bbyes\u00a0\u00bb content_text_aligment=\u00a0\u00bbcenter\u00a0\u00bb][vc_column_inner width=\u00a0\u00bb1\/4&Prime;][vc_single_image image=\u00a0\u00bb5722&Prime; img_size=\u00a0\u00bb350&#215;300&Prime; add_caption=\u00a0\u00bbyes\u00a0\u00bb alignment=\u00a0\u00bbcenter\u00a0\u00bb style=\u00a0\u00bbvc_box_shadow_3d\u00a0\u00bb][\/vc_column_inner][vc_column_inner width=\u00a0\u00bb1\/4&Prime; css=\u00a0\u00bb.vc_custom_1706963015852{background-color: #25d6ea !important;}\u00a0\u00bb][vc_column_text css_animation=\u00a0\u00bbnone\u00a0\u00bb] Chef de D\u00e9partement [\/vc_column_text][vc_column_text] Pr DIYE Jeremie [\/vc_column_text][vc_separator color=\u00a0\u00bbblue\u00a0\u00bb border_width=\u00a0\u00bb4&Prime;][vc_column_text] Coordonn\u00e9es [\/vc_column_text][vc_column_text] Adresse : BP 55 Maroua [&hellip;]<\/p>\n","protected":false},"author":1,"featured_media":0,"parent":0,"menu_order":0,"comment_status":"closed","ping_status":"closed","template":"","meta":{"footnotes":""},"class_list":["post-4371","page","type-page","status-publish","hentry"],"_links":{"self":[{"href":"https:\/\/www.ens.univ-maroua.cm\/index.php\/wp-json\/wp\/v2\/pages\/4371","targetHints":{"allow":["GET"]}}],"collection":[{"href":"https:\/\/www.ens.univ-maroua.cm\/index.php\/wp-json\/wp\/v2\/pages"}],"about":[{"href":"https:\/\/www.ens.univ-maroua.cm\/index.php\/wp-json\/wp\/v2\/types\/page"}],"author":[{"embeddable":true,"href":"https:\/\/www.ens.univ-maroua.cm\/index.php\/wp-json\/wp\/v2\/users\/1"}],"replies":[{"embeddable":true,"href":"https:\/\/www.ens.univ-maroua.cm\/index.php\/wp-json\/wp\/v2\/comments?post=4371"}],"version-history":[{"count":16,"href":"https:\/\/www.ens.univ-maroua.cm\/index.php\/wp-json\/wp\/v2\/pages\/4371\/revisions"}],"predecessor-version":[{"id":5787,"href":"https:\/\/www.ens.univ-maroua.cm\/index.php\/wp-json\/wp\/v2\/pages\/4371\/revisions\/5787"}],"wp:attachment":[{"href":"https:\/\/www.ens.univ-maroua.cm\/index.php\/wp-json\/wp\/v2\/media?parent=4371"}],"curies":[{"name":"wp","href":"https:\/\/api.w.org\/{rel}","templated":true}]}}