{"id":4367,"date":"2023-12-01T07:44:20","date_gmt":"2023-12-01T06:44:20","guid":{"rendered":"http:\/\/www.ens.univ-maroua.cm\/?page_id=4367"},"modified":"2024-03-12T22:16:42","modified_gmt":"2024-03-12T21:16:42","slug":"education-artistique","status":"publish","type":"page","link":"https:\/\/www.ens.univ-maroua.cm\/index.php\/education-artistique\/","title":{"rendered":"\u00c9ducation artistique"},"content":{"rendered":"<section class=\"wpb-content-wrapper\"><p>[vc_row css_animation=\u00a0\u00bbzoomIn\u00a0\u00bb content_text_aligment=\u00a0\u00bbcenter\u00a0\u00bb simple_background_color=\u00a0\u00bb#ffffff\u00a0\u00bb][vc_column][vc_column_text css_animation=\u00a0\u00bbzoomIn\u00a0\u00bb]<\/p>\n<h3 style=\"text-align: center;\"><span style=\"color: #25d6ea;\"><strong>D\u00e9partement d&rsquo;\u00c9ducation Artistique<\/strong><\/span><\/h3>\n<p>[\/vc_column_text][vc_empty_space height=\u00a0\u00bb4px\u00a0\u00bb][vc_row_inner][vc_column_inner width=\u00a0\u00bb1\/4&Prime;][vc_single_image image=\u00a0\u00bb4429&Prime; img_size=\u00a0\u00bb320&#215;280&Prime; add_caption=\u00a0\u00bbyes\u00a0\u00bb alignment=\u00a0\u00bbcenter\u00a0\u00bb style=\u00a0\u00bbvc_box_shadow_3d\u00a0\u00bb css_animation=\u00a0\u00bbnone\u00a0\u00bb][\/vc_column_inner][vc_column_inner width=\u00a0\u00bb1\/4&Prime; css=\u00a0\u00bb.vc_custom_1706963988853{background-color: #25d6ea !important;}\u00a0\u00bb][vc_column_text]<\/p>\n<h4 style=\"text-align: center;\"><span style=\"color: #1c45b5;\"><strong>Chef de D\u00e9partement<\/strong><\/span><\/h4>\n<p>[\/vc_column_text][vc_column_text]<\/p>\n<p style=\"text-align: center;\"><span style=\"color: #ffffff;\"><strong>Pr SAMSIA Paul<\/strong><\/span><\/p>\n<p>[\/vc_column_text][vc_separator color=\u00a0\u00bbblue\u00a0\u00bb border_width=\u00a0\u00bb4&Prime;][vc_column_text]<\/p>\n<h4 style=\"text-align: center;\"><span style=\"color: #1c45b5;\"><strong>Coordonn\u00e9es<\/strong><\/span><\/h4>\n<p>[\/vc_column_text][vc_column_text]<\/p>\n<h6 style=\"text-align: left;\"><strong><span style=\"color: #1c45b5;\">Adresse :<\/span><\/strong><span style=\"color: #ffffff;\">BP 55 Maroua<\/span><br \/>\n<strong><span style=\"color: #1c45b5;\">T\u00e9l\u00e9phone :<\/span><\/strong> <span style=\"color: #ffffff;\">+237 222295000<\/span><br \/>\n<strong><span style=\"color: #1c45b5;\">E-mail :<\/span>\u00a0<\/strong><\/h6>\n<p>[\/vc_column_text][\/vc_column_inner][vc_column_inner width=\u00a0\u00bb2\/4&Prime;][vc_single_image image=\u00a0\u00bb4680&Prime; img_size=\u00a0\u00bb620&#215;300&Prime; alignment=\u00a0\u00bbcenter\u00a0\u00bb style=\u00a0\u00bbvc_box_border\u00a0\u00bb css_animation=\u00a0\u00bbnone\u00a0\u00bb][\/vc_column_inner][\/vc_row_inner][vc_empty_space][\/vc_column][\/vc_row][vc_row css_animation=\u00a0\u00bbzoomIn\u00a0\u00bb simple_background_color=\u00a0\u00bb#25d6ea\u00a0\u00bb css=\u00a0\u00bb.vc_custom_1706963872079{background-color: #25d6ea !important;}\u00a0\u00bb][vc_column][vc_empty_space][\/vc_column][\/vc_row][vc_row equal_height=\u00a0\u00bbyes\u00a0\u00bb css_animation=\u00a0\u00bbzoomIn\u00a0\u00bb content_text_aligment=\u00a0\u00bbcenter\u00a0\u00bb css=\u00a0\u00bb.vc_custom_1706976159719{background-color: #ffffff !important;}\u00a0\u00bb][vc_column width=\u00a0\u00bb1\/2&Prime;][vc_tta_accordion section_title_tag=\u00a0\u00bbh5&Prime; style=\u00a0\u00bbmodern\u00a0\u00bb color=\u00a0\u00bbturquoise\u00a0\u00bb active_section=\u00a0\u00bb1&Prime; css_animation=\u00a0\u00bbzoomIn\u00a0\u00bb collapsible_all=\u00a0\u00bbtrue\u00a0\u00bb][vc_tta_section title=\u00a0\u00bbPr\u00e9sentation du D\u00e9partement\u00a0\u00bb tab_id=\u00a0\u00bb1706962029586-a5f0b951-1862&Prime;][vc_column_text css_animation=\u00a0\u00bbzoomIn\u00a0\u00bb]<\/p>\n<p style=\"text-align: justify;\"><span style=\"color: #1c45b5;\">Le D\u00e9partement d\u2019\u00c9ducation Artistique a \u00e9t\u00e9 cr\u00e9\u00e9 par arr\u00eat\u00e9 minist\u00e9riel N\u00b0 21-00005 MINESUP du 05 juillet 2021. En effet, les arr\u00eat\u00e9s minist\u00e9riels N\u00b0 226\/18\/MINESEC du 23 ao\u00fbt 2018 pourtant red\u00e9finition des s\u00e9ries et des disciplines des classes du second cycle de l\u2019enseignement secondaire g\u00e9n\u00e9ral et N\u00b0 226\/18\/MINESEC du 22 ao\u00fbt 2018 portant d\u00e9finition des programmes d\u2019\u00e9tudes des classes de l\u2019enseignement secondaire g\u00e9n\u00e9ral pr\u00e9sentent clairement l\u2019introduction de plusieurs fili\u00e8res dans les programmes d\u2019enseignement. Parmi ces diff\u00e9rentes fili\u00e8res, figure en bonne place la cr\u00e9ation de la nouvelle s\u00e9rie AC (Arts Cin\u00e9matographiques).<\/span><\/p>\n<p>[\/vc_column_text][\/vc_tta_section][vc_tta_section title=\u00a0\u00bbLes missions\u00a0\u00bb tab_id=\u00a0\u00bb1706962029662-ae197a51-529f\u00a0\u00bb][vc_column_text css_animation=\u00a0\u00bbzoomIn\u00a0\u00bb]<\/p>\n<p style=\"text-align: justify;\"><span style=\"color: #1c45b5;\">Le D\u00e9partement d&rsquo;\u00c9ducation Artistique de l&rsquo;\u00c9cole Normale Sup\u00e9rieure de Maroua a pour missions de :<\/span><\/p>\n<p><span style=\"color: #1c45b5;\">\u2981 Former de futurs professionnels de l&rsquo;enseignement d\u2019\u00c9ducation Artistique aptes \u00e0 s\u2019ins\u00e9rer directement dans les \u00e9tablissements d&rsquo;enseignement secondaire et de s&rsquo;adapter \u00e0 un triple contexte : national, sous-r\u00e9gional et mondial changeant. <\/span><br \/>\n<span style=\"color: #1c45b5;\">&#8211; Acqu\u00e9rir des connaissances th\u00e9oriques et pratiques g\u00e9n\u00e9rales en Arts plastiques. Arts Sc\u00e9niques, Arts musicaux. Histoire de l\u2019Art et Patrimoine Culturel (parcours de DIPES I) <\/span><br \/>\n<span style=\"color: #1c45b5;\">&#8211; Former des enseignants polyvalents, capables de pratiquer l\u2019interdisciplinarit\u00e9 (Arts plastiques, Arts Sc\u00e9niques, Arts musicaux. Histoire de l\u2019Art et Patrimoine Culturel) et de l&rsquo;interculturalit\u00e9 ;<\/span><br \/>\n<span style=\"color: #1c45b5;\">&#8211; S&rsquo;approprier des m\u00e9thodes, des techniques d\u2019apprentissage, de recherche et d&rsquo;enseignement d&rsquo;\u00c9ducation Artistique ;<\/span><\/p>\n<p><span style=\"color: #1c45b5;\">\u2981 S&rsquo;approprier des comp\u00e9tences n\u00e9cessaires au m\u00e9tier d&rsquo;enseignant (renforcement des capacit\u00e9s didactiques, linguistiques et communicationnelles), \u00e0 travers les stages pratiques;<\/span><br \/>\n<span style=\"color: #1c45b5;\">&#8211; D\u00e9velopper des m\u00e9thodes innovantes d&rsquo;enseignement faisant appel aux technologies de l&rsquo;information et de la communication (TIC) ;<\/span><br \/>\n<span style=\"color: #1c45b5;\">&#8211; D\u00e9velopper le travail personnel des apprenants afin de les rendre autonomes :<\/span><br \/>\n<span style=\"color: #1c45b5;\">&#8211; Garantir des chances de succ\u00e8s \u00e0 tous les apprenants.<\/span><\/p>\n<p>[\/vc_column_text][\/vc_tta_section][vc_tta_section title=\u00a0\u00bbOffres de formation\u00a0\u00bb tab_id=\u00a0\u00bb1706962094054-9ac6a261-0332&Prime;][vc_column_text css_animation=\u00a0\u00bbzoomIn\u00a0\u00bb]<span style=\"color: #1c45b5;\">I am text block. Click edit button to change this text. Lorem ipsum dolor sit amet, consectetur adipiscing elit. Ut elit tellus, luctus nec ullamcorper mattis, pulvinar dapibus leo.<\/span>[\/vc_column_text][\/vc_tta_section][vc_tta_section title=\u00a0\u00bbConditions d&rsquo;admission\u00a0\u00bb tab_id=\u00a0\u00bb1706962129720-0dedfa2f-2e78&Prime;][vc_column_text css_animation=\u00a0\u00bbzoomIn\u00a0\u00bb]<\/p>\n<p style=\"text-align: justify;\"><span style=\"color: #1c45b5;\">L\u2019admission :<\/span><\/p>\n<ul>\n<li><span style=\"color: #1c45b5;\">Au premier cycle est conditionn\u00e9e par la pr\u00e9sentation du Baccalaur\u00e9at ou GCE Advanced Level.<\/span><\/li>\n<li style=\"text-align: justify;\"><span style=\"color: #1c45b5;\">Au second cycle, les dipl\u00f4mes d\u2019acc\u00e8s sont : Licence en Arts du spectacle, Licence en Histoire de l&rsquo;art, Licence en Arts plastiques, Licence en Arts d\u00e9coratifs, Licence en musicologie, Licence en Stylisme-Mod\u00e9lisme, Ing\u00e9nieur des travaux en stylisme et mod\u00e9lisme, Licence ou Ing\u00e9nieur de travaux en Sciences du Patrimoine, Licence en Mus\u00e9ologie\/Mus\u00e9ographie, Ing\u00e9nieur des travaux en arts plastiques.<\/span><\/li>\n<\/ul>\n<p>[\/vc_column_text][\/vc_tta_section][\/vc_tta_accordion][\/vc_column][vc_column width=\u00a0\u00bb1\/2&Prime;][vc_gallery interval=\u00a0\u00bb3&Prime; images=\u00a0\u00bb4725,5231,5232,5235,5236,5237,5238,5239,5240,5241,5242,5243,5244,5245,5246,5248,5249,5250&Prime; img_size=\u00a0\u00bb420&#215;300&Prime; css_animation=\u00a0\u00bbzoomIn\u00a0\u00bb][\/vc_column][\/vc_row][vc_row css_animation=\u00a0\u00bbzoomIn\u00a0\u00bb simple_background_color=\u00a0\u00bb#25d6ea\u00a0\u00bb css=\u00a0\u00bb.vc_custom_1706963872079{background-color: #25d6ea !important;}\u00a0\u00bb][vc_column][vc_empty_space][\/vc_column][\/vc_row][vc_row][vc_column css_animation=\u00a0\u00bbzoomIn\u00a0\u00bb css=\u00a0\u00bb.vc_custom_1706963928465{background-color: #ffffff !important;}\u00a0\u00bb][vc_column_text css_animation=\u00a0\u00bbzoomIn\u00a0\u00bb]<\/p>\n<h3 style=\"text-align: center;\"><span style=\"color: #25d6ea;\"><strong>Corps enseignants<\/strong><\/span><\/h3>\n<p>[\/vc_column_text][vc_empty_space height=\u00a0\u00bb16px\u00a0\u00bb][vc_row_inner][vc_column_inner width=\u00a0\u00bb1\/6&Prime;][\/vc_column_inner][vc_column_inner width=\u00a0\u00bb4\/6&Prime;]<div class=\"edgt-instructor-list-holder edgt-tl-normal-space  edgt-tl-two-columns\">\n\t<div class=\"edgt-tl-inner \" data-number-of-items=\"2\" data-enable-navigation=\"no\" data-enable-pagination=\"no\">\n\t\t<div class=\"edgt-instructor minimal\">\n    <div class=\"edgt-instructor-inner\">\n                    <div class=\"edgt-instructor-image\">\n                <a itemprop=\"url\" href=\"https:\/\/www.ens.univ-maroua.cm\/index.php\/instructor\/ndoubena-philippe-bienvenu\/\">\n                    <img loading=\"lazy\" decoding=\"async\" width=\"176\" height=\"186\" src=\"https:\/\/www.ens.univ-maroua.cm\/wp-content\/uploads\/2023\/12\/Ndoubena.png\" class=\"attachment-full size-full wp-post-image\" alt=\"\" \/>                <\/a>\n            <\/div>\n            <\/div>\n<\/div><div class=\"edgt-instructor minimal\">\n    <div class=\"edgt-instructor-inner\">\n                    <div class=\"edgt-instructor-image\">\n                <a itemprop=\"url\" href=\"https:\/\/www.ens.univ-maroua.cm\/index.php\/instructor\/samsia-paul\/\">\n                    <img loading=\"lazy\" decoding=\"async\" width=\"231\" height=\"204\" src=\"https:\/\/www.ens.univ-maroua.cm\/wp-content\/uploads\/2023\/12\/Dept_EA.png\" class=\"attachment-full size-full wp-post-image\" alt=\"\" \/>                <\/a>\n            <\/div>\n            <\/div>\n<\/div>\t<\/div>\n<\/div>[\/vc_column_inner][vc_column_inner width=\u00a0\u00bb1\/6&Prime;][\/vc_column_inner][\/vc_row_inner][\/vc_column][\/vc_row][vc_row css_animation=\u00a0\u00bbzoomIn\u00a0\u00bb simple_background_color=\u00a0\u00bb#25d6ea\u00a0\u00bb css=\u00a0\u00bb.vc_custom_1706963872079{background-color: #25d6ea !important;}\u00a0\u00bb][vc_column][vc_empty_space][\/vc_column][\/vc_row]<\/p>\n<\/section>","protected":false},"excerpt":{"rendered":"<p>[vc_row css_animation=\u00a0\u00bbzoomIn\u00a0\u00bb content_text_aligment=\u00a0\u00bbcenter\u00a0\u00bb simple_background_color=\u00a0\u00bb#ffffff\u00a0\u00bb][vc_column][vc_column_text css_animation=\u00a0\u00bbzoomIn\u00a0\u00bb] D\u00e9partement d&rsquo;\u00c9ducation Artistique [\/vc_column_text][vc_empty_space height=\u00a0\u00bb4px\u00a0\u00bb][vc_row_inner][vc_column_inner width=\u00a0\u00bb1\/4&Prime;][vc_single_image image=\u00a0\u00bb4429&Prime; img_size=\u00a0\u00bb320&#215;280&Prime; add_caption=\u00a0\u00bbyes\u00a0\u00bb alignment=\u00a0\u00bbcenter\u00a0\u00bb style=\u00a0\u00bbvc_box_shadow_3d\u00a0\u00bb css_animation=\u00a0\u00bbnone\u00a0\u00bb][\/vc_column_inner][vc_column_inner width=\u00a0\u00bb1\/4&Prime; css=\u00a0\u00bb.vc_custom_1706963988853{background-color: #25d6ea !important;}\u00a0\u00bb][vc_column_text] Chef de D\u00e9partement [\/vc_column_text][vc_column_text] Pr SAMSIA Paul [\/vc_column_text][vc_separator color=\u00a0\u00bbblue\u00a0\u00bb border_width=\u00a0\u00bb4&Prime;][vc_column_text] Coordonn\u00e9es [\/vc_column_text][vc_column_text] Adresse :BP 55 Maroua T\u00e9l\u00e9phone : +237 [&hellip;]<\/p>\n","protected":false},"author":1,"featured_media":0,"parent":0,"menu_order":0,"comment_status":"closed","ping_status":"closed","template":"","meta":{"footnotes":""},"class_list":["post-4367","page","type-page","status-publish","hentry"],"_links":{"self":[{"href":"https:\/\/www.ens.univ-maroua.cm\/index.php\/wp-json\/wp\/v2\/pages\/4367","targetHints":{"allow":["GET"]}}],"collection":[{"href":"https:\/\/www.ens.univ-maroua.cm\/index.php\/wp-json\/wp\/v2\/pages"}],"about":[{"href":"https:\/\/www.ens.univ-maroua.cm\/index.php\/wp-json\/wp\/v2\/types\/page"}],"author":[{"embeddable":true,"href":"https:\/\/www.ens.univ-maroua.cm\/index.php\/wp-json\/wp\/v2\/users\/1"}],"replies":[{"embeddable":true,"href":"https:\/\/www.ens.univ-maroua.cm\/index.php\/wp-json\/wp\/v2\/comments?post=4367"}],"version-history":[{"count":109,"href":"https:\/\/www.ens.univ-maroua.cm\/index.php\/wp-json\/wp\/v2\/pages\/4367\/revisions"}],"predecessor-version":[{"id":5747,"href":"https:\/\/www.ens.univ-maroua.cm\/index.php\/wp-json\/wp\/v2\/pages\/4367\/revisions\/5747"}],"wp:attachment":[{"href":"https:\/\/www.ens.univ-maroua.cm\/index.php\/wp-json\/wp\/v2\/media?parent=4367"}],"curies":[{"name":"wp","href":"https:\/\/api.w.org\/{rel}","templated":true}]}}