{"id":4365,"date":"2023-12-01T07:38:44","date_gmt":"2023-12-01T06:38:44","guid":{"rendered":"http:\/\/www.ens.univ-maroua.cm\/?page_id=4365"},"modified":"2024-03-12T18:07:30","modified_gmt":"2024-03-12T17:07:30","slug":"chimie","status":"publish","type":"page","link":"https:\/\/www.ens.univ-maroua.cm\/index.php\/chimie\/","title":{"rendered":"Chimie"},"content":{"rendered":"<section class=\"wpb-content-wrapper\"><p>[vc_row css_animation=\u00a0\u00bbzoomIn\u00a0\u00bb content_text_aligment=\u00a0\u00bbcenter\u00a0\u00bb simple_background_color=\u00a0\u00bb#ffffff\u00a0\u00bb][vc_column][vc_empty_space][vc_column_text css_animation=\u00a0\u00bbzoomIn\u00a0\u00bb]<\/p>\n<h3 style=\"text-align: center;\"><span style=\"color: #25d6ea;\"><strong>D\u00e9partement de Chimie<\/strong><\/span><\/h3>\n<p>[\/vc_column_text][vc_row_inner][vc_column_inner width=\u00a0\u00bb1\/4&Prime;][vc_single_image image=\u00a0\u00bb4685&Prime; img_size=\u00a0\u00bb350&#215;280&Prime; add_caption=\u00a0\u00bbyes\u00a0\u00bb alignment=\u00a0\u00bbcenter\u00a0\u00bb style=\u00a0\u00bbvc_box_shadow_3d\u00a0\u00bb css_animation=\u00a0\u00bbzoomIn\u00a0\u00bb][\/vc_column_inner][vc_column_inner width=\u00a0\u00bb1\/4&Prime; css=\u00a0\u00bb.vc_custom_1706943305960{background-color: #25d6ea !important;background-position: center !important;background-repeat: no-repeat !important;background-size: cover !important;border-radius: 4px !important;}\u00a0\u00bb][vc_column_text css_animation=\u00a0\u00bbnone\u00a0\u00bb]<\/p>\n<h4 style=\"text-align: center;\"><span style=\"color: #1c45b5;\"><strong>Chef de D\u00e9partement<\/strong><\/span><\/h4>\n<p>[\/vc_column_text][vc_column_text css_animation=\u00a0\u00bbnone\u00a0\u00bb]<\/p>\n<p style=\"text-align: center;\"><span style=\"color: #ffffff;\"><strong>Prof MBIANGU\u00c9 Yves Alain<\/strong><\/span><\/p>\n<p>[\/vc_column_text][vc_separator color=\u00a0\u00bbblue\u00a0\u00bb border_width=\u00a0\u00bb4&Prime;][vc_column_text css_animation=\u00a0\u00bbnone\u00a0\u00bb]<\/p>\n<h4 style=\"text-align: center;\"><span style=\"color: #1c45b5;\"><strong>Coordonn\u00e9es<\/strong><\/span><\/h4>\n<p>[\/vc_column_text][vc_column_text css_animation=\u00a0\u00bbnone\u00a0\u00bb]<\/p>\n<h6 style=\"text-align: left;\"><span style=\"color: #1c45b5;\"><strong>Adresse :<\/strong><\/span><span style=\"color: #ffffff;\">BP 55 Maroua<\/span><br \/>\n<strong><span style=\"color: #1c45b5;\">T\u00e9l\u00e9phone :<\/span><\/strong><span style=\"color: #ffffff;\">+237 222295000<\/span><br \/>\n<strong><span style=\"color: #1c45b5;\">E-mail :<\/span><\/strong><\/h6>\n<p>[\/vc_column_text][\/vc_column_inner][vc_column_inner width=\u00a0\u00bb2\/4&Prime;][vc_single_image image=\u00a0\u00bb4340&Prime; img_size=\u00a0\u00bb620&#215;300&Prime; alignment=\u00a0\u00bbcenter\u00a0\u00bb style=\u00a0\u00bbvc_box_border\u00a0\u00bb css_animation=\u00a0\u00bbzoomIn\u00a0\u00bb][\/vc_column_inner][\/vc_row_inner][vc_empty_space height=\u00a0\u00bb4px\u00a0\u00bb][\/vc_column][\/vc_row][vc_row simple_background_color=\u00a0\u00bb#ffffff\u00a0\u00bb css=\u00a0\u00bb.vc_custom_1706955985333{background-color: #25d6ea !important;}\u00a0\u00bb][vc_column][vc_empty_space][\/vc_column][\/vc_row][vc_row css_animation=\u00a0\u00bbzoomIn\u00a0\u00bb content_text_aligment=\u00a0\u00bbcenter\u00a0\u00bb css=\u00a0\u00bb.vc_custom_1706961212251{background-color: #ffffff !important;}\u00a0\u00bb][vc_column width=\u00a0\u00bb1\/2&Prime;][vc_tta_accordion section_title_tag=\u00a0\u00bbh5&Prime; style=\u00a0\u00bbmodern\u00a0\u00bb color=\u00a0\u00bbturquoise\u00a0\u00bb active_section=\u00a0\u00bb1&Prime; css_animation=\u00a0\u00bbzoomIn\u00a0\u00bb collapsible_all=\u00a0\u00bbtrue\u00a0\u00bb][vc_tta_section title=\u00a0\u00bbPr\u00e9sentation\u00a0\u00bb tab_id=\u00a0\u00bb1706933382425-25f7249e-ad19&Prime;][vc_column_text css_animation=\u00a0\u00bbzoomIn\u00a0\u00bb]<\/p>\n<p style=\"text-align: left;\"><span style=\"color: #1c45b5;\">Le D\u00e9partement de Chimie a ouvert ses portes au courant de l\u2019ann\u00e9e acad\u00e9mique 2008\/2009. Il comporte une \u00e9quipe p\u00e9dagogique constitu\u00e9e de huit enseignants-chercheurs et un moniteur avec des expertises en chimie inorganique, chimie organique, chimie analytique, chimie des mat\u00e9riaux et chimie de l\u2019environnement. Il est dot\u00e9 d\u2019un laboratoire de Travaux Pratiques et de recherche \u00e9quip\u00e9 ainsi que d\u2019une biblioth\u00e8que interne comportant plus d\u2019une centaine d\u2019ouvrages sur diff\u00e9rents sujets relevant de la chimie.<\/span><\/p>\n<p>[\/vc_column_text][\/vc_tta_section][vc_tta_section title=\u00a0\u00bbLes missions\u00a0\u00bb tab_id=\u00a0\u00bb1706933382491-68d36cc6-d31f\u00a0\u00bb][vc_column_text css_animation=\u00a0\u00bbzoomIn\u00a0\u00bb]<span style=\"color: #1c45b5;\">Les missions du D\u00e9partement de Chimie :<\/span><\/p>\n<ul>\n<li><span style=\"color: #1c45b5;\">Assurer la formation initiale des professeurs de l\u2019enseignement secondaire g\u00e9n\u00e9ral ;<\/span><\/li>\n<li><span style=\"color: #1c45b5;\">Assurer la promotion de la recherche fondamentale et de la recherche appliqu\u00e9e ;<\/span><\/li>\n<li><span style=\"color: #1c45b5;\">Contribuer au d\u00e9veloppement de la nation.<\/span><\/li>\n<\/ul>\n<p>[\/vc_column_text][\/vc_tta_section][vc_tta_section title=\u00a0\u00bbOffres de formation\u00a0\u00bb tab_id=\u00a0\u00bb1706933461090-99331fce-82dd\u00a0\u00bb][vc_column_text css_animation=\u00a0\u00bbzoomIn\u00a0\u00bb]<span style=\"color: #1c45b5;\">Le D\u00e9partement de Chimie offre une formation de :<\/span><\/p>\n<ul>\n<li><span style=\"color: #1c45b5;\">Professeur de l\u2019Enseignement Secondaire Premier grade\u00a0 (03 ans );<\/span><\/li>\n<li><span style=\"color: #1c45b5;\">Professeur de l\u2019Enseignement Secondaire Deuxi\u00e8me grade (02 ans).<\/span><\/li>\n<\/ul>\n<p><span style=\"color: #1c45b5;\">Master recherche en :<\/span><\/p>\n<ul>\n<li><span style=\"color: #1c45b5;\">Chimie de l\u2019environnement ;<\/span><\/li>\n<li><span style=\"color: #1c45b5;\">Chimie des ressources naturelles.<\/span><\/li>\n<\/ul>\n<p>[\/vc_column_text][\/vc_tta_section][vc_tta_section title=\u00a0\u00bbConditions d&rsquo;admission\u00a0\u00bb tab_id=\u00a0\u00bb1706933519841-30b3652c-0fdd\u00a0\u00bb][vc_column_text css_animation=\u00a0\u00bbzoomIn\u00a0\u00bb]<span style=\"color: #1c45b5;\">I am text block. Click edit button to change this text. Lorem ipsum dolor sit amet, consectetur adipiscing elit. Ut elit tellus, luctus nec ullamcorper mattis, pulvinar dapibus leo.<\/span>[\/vc_column_text][\/vc_tta_section][\/vc_tta_accordion][\/vc_column][vc_column width=\u00a0\u00bb1\/2&Prime;][vc_gallery interval=\u00a0\u00bb3&Prime; images=\u00a0\u00bb4343,4350,4351,4353,4336,4339&Prime; img_size=\u00a0\u00bb420&#215;300&Prime; css_animation=\u00a0\u00bbzoomIn\u00a0\u00bb][\/vc_column][\/vc_row][vc_row simple_background_color=\u00a0\u00bb#ffffff\u00a0\u00bb css=\u00a0\u00bb.vc_custom_1706955985333{background-color: #25d6ea !important;}\u00a0\u00bb][vc_column][vc_empty_space][\/vc_column][\/vc_row][vc_row content_text_aligment=\u00a0\u00bbcenter\u00a0\u00bb simple_background_color=\u00a0\u00bb#ffffff\u00a0\u00bb][vc_column css_animation=\u00a0\u00bbzoomIn\u00a0\u00bb css=\u00a0\u00bb.vc_custom_1706953742847{background-color: #ffffff !important;}\u00a0\u00bb][vc_column_text css_animation=\u00a0\u00bbzoomIn\u00a0\u00bb]<\/p>\n<h3 style=\"text-align: center;\"><span style=\"color: #25d6ea;\"><strong>Corps enseignants<\/strong><\/span><\/h3>\n<p>[\/vc_column_text][vc_empty_space height=\u00a0\u00bb16px\u00a0\u00bb][vc_row_inner content_text_aligment=\u00a0\u00bbcenter\u00a0\u00bb simple_background_color=\u00a0\u00bb#ffffff\u00a0\u00bb][vc_column_inner width=\u00a0\u00bb1\/6&Prime;][\/vc_column_inner][vc_column_inner width=\u00a0\u00bb4\/6&Prime;]<div class=\"edgt-instructor-slider-holder\"><div class=\"edgt-instructor-list-holder edgt-tl-normal-space  edgt-tl-slider\">\n\t<div class=\"edgt-tl-inner edgt-owl-slider\" data-number-of-items=\"4\" data-enable-navigation=\"yes\" data-enable-pagination=\"yes\">\n\t\t<div class=\"edgt-instructor minimal\">\n    <div class=\"edgt-instructor-inner\">\n                    <div class=\"edgt-instructor-image\">\n                <a itemprop=\"url\" href=\"https:\/\/www.ens.univ-maroua.cm\/index.php\/instructor\/abba-paltahe\/\">\n                    <img loading=\"lazy\" decoding=\"async\" width=\"238\" height=\"279\" src=\"https:\/\/www.ens.univ-maroua.cm\/wp-content\/uploads\/2023\/12\/ABBA-PALTAHE.png\" class=\"attachment-full size-full wp-post-image\" alt=\"\" \/>                <\/a>\n            <\/div>\n            <\/div>\n<\/div><div class=\"edgt-instructor minimal\">\n    <div class=\"edgt-instructor-inner\">\n                    <div class=\"edgt-instructor-image\">\n                <a itemprop=\"url\" href=\"https:\/\/www.ens.univ-maroua.cm\/index.php\/instructor\/amadou-dawe\/\">\n                    <img loading=\"lazy\" decoding=\"async\" width=\"337\" height=\"397\" src=\"https:\/\/www.ens.univ-maroua.cm\/wp-content\/uploads\/2023\/12\/AMADOU-DAWE.png\" class=\"attachment-full size-full wp-post-image\" alt=\"\" srcset=\"https:\/\/www.ens.univ-maroua.cm\/wp-content\/uploads\/2023\/12\/AMADOU-DAWE.png 337w, https:\/\/www.ens.univ-maroua.cm\/wp-content\/uploads\/2023\/12\/AMADOU-DAWE-255x300.png 255w\" sizes=\"auto, (max-width: 337px) 100vw, 337px\" \/>                <\/a>\n            <\/div>\n            <\/div>\n<\/div><div class=\"edgt-instructor minimal\">\n    <div class=\"edgt-instructor-inner\">\n                    <div class=\"edgt-instructor-image\">\n                <a itemprop=\"url\" href=\"https:\/\/www.ens.univ-maroua.cm\/index.php\/instructor\/fongang-fotsing-yannick-stephane\/\">\n                    <img loading=\"lazy\" decoding=\"async\" width=\"245\" height=\"296\" src=\"https:\/\/www.ens.univ-maroua.cm\/wp-content\/uploads\/2023\/12\/FONGANG-FOTSING-Yannick-Stephane.png\" class=\"attachment-full size-full wp-post-image\" alt=\"\" \/>                <\/a>\n            <\/div>\n            <\/div>\n<\/div><div class=\"edgt-instructor minimal\">\n    <div class=\"edgt-instructor-inner\">\n                    <div class=\"edgt-instructor-image\">\n                <a itemprop=\"url\" href=\"https:\/\/www.ens.univ-maroua.cm\/index.php\/instructor\/fotio-daniel\/\">\n                    <img loading=\"lazy\" decoding=\"async\" width=\"266\" height=\"302\" src=\"https:\/\/www.ens.univ-maroua.cm\/wp-content\/uploads\/2023\/12\/FOTIO-Daniel.png\" class=\"attachment-full size-full wp-post-image\" alt=\"\" srcset=\"https:\/\/www.ens.univ-maroua.cm\/wp-content\/uploads\/2023\/12\/FOTIO-Daniel.png 266w, https:\/\/www.ens.univ-maroua.cm\/wp-content\/uploads\/2023\/12\/FOTIO-Daniel-264x300.png 264w\" sizes=\"auto, (max-width: 266px) 100vw, 266px\" \/>                <\/a>\n            <\/div>\n            <\/div>\n<\/div><div class=\"edgt-instructor minimal\">\n    <div class=\"edgt-instructor-inner\">\n                    <div class=\"edgt-instructor-image\">\n                <a itemprop=\"url\" href=\"https:\/\/www.ens.univ-maroua.cm\/index.php\/instructor\/gongwala-jourdin\/\">\n                    <img loading=\"lazy\" decoding=\"async\" width=\"336\" height=\"412\" src=\"https:\/\/www.ens.univ-maroua.cm\/wp-content\/uploads\/2023\/12\/GONGWALA-Jourdin.png\" class=\"attachment-full size-full wp-post-image\" alt=\"\" srcset=\"https:\/\/www.ens.univ-maroua.cm\/wp-content\/uploads\/2023\/12\/GONGWALA-Jourdin.png 336w, https:\/\/www.ens.univ-maroua.cm\/wp-content\/uploads\/2023\/12\/GONGWALA-Jourdin-245x300.png 245w\" sizes=\"auto, (max-width: 336px) 100vw, 336px\" \/>                <\/a>\n            <\/div>\n            <\/div>\n<\/div><div class=\"edgt-instructor minimal\">\n    <div class=\"edgt-instructor-inner\">\n                    <div class=\"edgt-instructor-image\">\n                <a itemprop=\"url\" href=\"https:\/\/www.ens.univ-maroua.cm\/index.php\/instructor\/mbiangue-yves-alain\/\">\n                    <img loading=\"lazy\" decoding=\"async\" width=\"277\" height=\"316\" src=\"https:\/\/www.ens.univ-maroua.cm\/wp-content\/uploads\/2023\/12\/CD_Chimie.png\" class=\"attachment-full size-full wp-post-image\" alt=\"\" srcset=\"https:\/\/www.ens.univ-maroua.cm\/wp-content\/uploads\/2023\/12\/CD_Chimie.png 277w, https:\/\/www.ens.univ-maroua.cm\/wp-content\/uploads\/2023\/12\/CD_Chimie-263x300.png 263w\" sizes=\"auto, (max-width: 277px) 100vw, 277px\" \/>                <\/a>\n            <\/div>\n            <\/div>\n<\/div><div class=\"edgt-instructor minimal\">\n    <div class=\"edgt-instructor-inner\">\n                    <div class=\"edgt-instructor-image\">\n                <a itemprop=\"url\" href=\"https:\/\/www.ens.univ-maroua.cm\/index.php\/instructor\/tatsimo-ndendoung-simplice-joel\/\">\n                    <img loading=\"lazy\" decoding=\"async\" width=\"315\" height=\"407\" src=\"https:\/\/www.ens.univ-maroua.cm\/wp-content\/uploads\/2023\/12\/TATSIMO-NDENDOUNG-Simplice-Joel.png\" class=\"attachment-full size-full wp-post-image\" alt=\"\" srcset=\"https:\/\/www.ens.univ-maroua.cm\/wp-content\/uploads\/2023\/12\/TATSIMO-NDENDOUNG-Simplice-Joel.png 315w, https:\/\/www.ens.univ-maroua.cm\/wp-content\/uploads\/2023\/12\/TATSIMO-NDENDOUNG-Simplice-Joel-232x300.png 232w\" sizes=\"auto, (max-width: 315px) 100vw, 315px\" \/>                <\/a>\n            <\/div>\n            <\/div>\n<\/div><div class=\"edgt-instructor minimal\">\n    <div class=\"edgt-instructor-inner\">\n                    <div class=\"edgt-instructor-image\">\n                <a itemprop=\"url\" href=\"https:\/\/www.ens.univ-maroua.cm\/index.php\/instructor\/tsamo-cornelius\/\">\n                    <img loading=\"lazy\" decoding=\"async\" width=\"317\" height=\"326\" src=\"https:\/\/www.ens.univ-maroua.cm\/wp-content\/uploads\/2023\/12\/TSAMO-CORNELIUS.png\" class=\"attachment-full size-full wp-post-image\" alt=\"\" srcset=\"https:\/\/www.ens.univ-maroua.cm\/wp-content\/uploads\/2023\/12\/TSAMO-CORNELIUS.png 317w, https:\/\/www.ens.univ-maroua.cm\/wp-content\/uploads\/2023\/12\/TSAMO-CORNELIUS-292x300.png 292w\" sizes=\"auto, (max-width: 317px) 100vw, 317px\" \/>                <\/a>\n            <\/div>\n            <\/div>\n<\/div>\t<\/div>\n<\/div><\/div>[\/vc_column_inner][vc_column_inner width=\u00a0\u00bb1\/6&Prime;][\/vc_column_inner][\/vc_row_inner][\/vc_column][\/vc_row][vc_row simple_background_color=\u00a0\u00bb#ffffff\u00a0\u00bb css=\u00a0\u00bb.vc_custom_1706955985333{background-color: #25d6ea !important;}\u00a0\u00bb][vc_column][vc_empty_space][\/vc_column][\/vc_row]<\/p>\n<\/section>","protected":false},"excerpt":{"rendered":"<p>[vc_row css_animation=\u00a0\u00bbzoomIn\u00a0\u00bb content_text_aligment=\u00a0\u00bbcenter\u00a0\u00bb simple_background_color=\u00a0\u00bb#ffffff\u00a0\u00bb][vc_column][vc_empty_space][vc_column_text css_animation=\u00a0\u00bbzoomIn\u00a0\u00bb] D\u00e9partement de Chimie [\/vc_column_text][vc_row_inner][vc_column_inner width=\u00a0\u00bb1\/4&Prime;][vc_single_image image=\u00a0\u00bb4685&Prime; img_size=\u00a0\u00bb350&#215;280&Prime; add_caption=\u00a0\u00bbyes\u00a0\u00bb alignment=\u00a0\u00bbcenter\u00a0\u00bb style=\u00a0\u00bbvc_box_shadow_3d\u00a0\u00bb css_animation=\u00a0\u00bbzoomIn\u00a0\u00bb][\/vc_column_inner][vc_column_inner width=\u00a0\u00bb1\/4&Prime; css=\u00a0\u00bb.vc_custom_1706943305960{background-color: #25d6ea !important;background-position: center !important;background-repeat: no-repeat !important;background-size: cover !important;border-radius: 4px !important;}\u00a0\u00bb][vc_column_text css_animation=\u00a0\u00bbnone\u00a0\u00bb] Chef de D\u00e9partement [\/vc_column_text][vc_column_text css_animation=\u00a0\u00bbnone\u00a0\u00bb] Prof MBIANGU\u00c9 Yves Alain [\/vc_column_text][vc_separator color=\u00a0\u00bbblue\u00a0\u00bb [&hellip;]<\/p>\n","protected":false},"author":1,"featured_media":0,"parent":0,"menu_order":0,"comment_status":"closed","ping_status":"closed","template":"","meta":{"footnotes":""},"class_list":["post-4365","page","type-page","status-publish","hentry"],"_links":{"self":[{"href":"https:\/\/www.ens.univ-maroua.cm\/index.php\/wp-json\/wp\/v2\/pages\/4365","targetHints":{"allow":["GET"]}}],"collection":[{"href":"https:\/\/www.ens.univ-maroua.cm\/index.php\/wp-json\/wp\/v2\/pages"}],"about":[{"href":"https:\/\/www.ens.univ-maroua.cm\/index.php\/wp-json\/wp\/v2\/types\/page"}],"author":[{"embeddable":true,"href":"https:\/\/www.ens.univ-maroua.cm\/index.php\/wp-json\/wp\/v2\/users\/1"}],"replies":[{"embeddable":true,"href":"https:\/\/www.ens.univ-maroua.cm\/index.php\/wp-json\/wp\/v2\/comments?post=4365"}],"version-history":[{"count":117,"href":"https:\/\/www.ens.univ-maroua.cm\/index.php\/wp-json\/wp\/v2\/pages\/4365\/revisions"}],"predecessor-version":[{"id":5713,"href":"https:\/\/www.ens.univ-maroua.cm\/index.php\/wp-json\/wp\/v2\/pages\/4365\/revisions\/5713"}],"wp:attachment":[{"href":"https:\/\/www.ens.univ-maroua.cm\/index.php\/wp-json\/wp\/v2\/media?parent=4365"}],"curies":[{"name":"wp","href":"https:\/\/api.w.org\/{rel}","templated":true}]}}