{"id":4362,"date":"2023-11-29T12:38:38","date_gmt":"2023-11-29T11:38:38","guid":{"rendered":"http:\/\/www.ens.univ-maroua.cm\/?page_id=4362"},"modified":"2024-04-21T12:49:22","modified_gmt":"2024-04-21T10:49:22","slug":"campus","status":"publish","type":"page","link":"https:\/\/www.ens.univ-maroua.cm\/index.php\/campus\/","title":{"rendered":"Campus"},"content":{"rendered":"<section class=\"wpb-content-wrapper\"><p>[vc_row][vc_column css_animation=\u00a0\u00bbzoomIn\u00a0\u00bb]<div class=\"edgt-linked-images-list edgt-four-columns\" >\n    <div class=\"edgt-linked-images-list-inner clearfix\">\n                                    <div class=\"edgt-linked-images-item\">\n                    <div class=\"edgt-linked-images-item-inner\">\n                                                    <div class=\"edgt-linked-images-item-image\">\n                                <img loading=\"lazy\" decoding=\"async\" width=\"1600\" height=\"1341\" src=\"https:\/\/www.ens.univ-maroua.cm\/wp-content\/uploads\/2023\/11\/IMG-20230914-WA0005.jpg\" class=\"attachment-full size-full\" alt=\"\" srcset=\"https:\/\/www.ens.univ-maroua.cm\/wp-content\/uploads\/2023\/11\/IMG-20230914-WA0005.jpg 1600w, https:\/\/www.ens.univ-maroua.cm\/wp-content\/uploads\/2023\/11\/IMG-20230914-WA0005-300x251.jpg 300w, https:\/\/www.ens.univ-maroua.cm\/wp-content\/uploads\/2023\/11\/IMG-20230914-WA0005-1024x858.jpg 1024w, https:\/\/www.ens.univ-maroua.cm\/wp-content\/uploads\/2023\/11\/IMG-20230914-WA0005-768x644.jpg 768w, https:\/\/www.ens.univ-maroua.cm\/wp-content\/uploads\/2023\/11\/IMG-20230914-WA0005-1536x1287.jpg 1536w, https:\/\/www.ens.univ-maroua.cm\/wp-content\/uploads\/2023\/11\/IMG-20230914-WA0005-600x503.jpg 600w\" sizes=\"auto, (max-width: 1600px) 100vw, 1600px\" \/>                            <\/div>\n                            <div class=\"edgt-linked-images-item-title\">\n                                <h5 class=\"edgt-corse-category-title-text\">  Visite du campus<\/h5>\n\n                            <\/div>\n                            <a class=\"edgt-linked-images-item-link\" itemprop=\"url\" target=\"_self\" href=\"http:\/\/www.ens.univ-maroua.cm\/index.php\/visite-du-campus\/\"><\/a>\n                                            <\/div>\n                <\/div>\n                            <div class=\"edgt-linked-images-item\">\n                    <div class=\"edgt-linked-images-item-inner\">\n                                                    <div class=\"edgt-linked-images-item-image\">\n                                <img loading=\"lazy\" decoding=\"async\" width=\"1600\" height=\"1341\" src=\"https:\/\/www.ens.univ-maroua.cm\/wp-content\/uploads\/2023\/11\/IMG-20231012-WA0014.jpg\" class=\"attachment-full size-full\" alt=\"\" srcset=\"https:\/\/www.ens.univ-maroua.cm\/wp-content\/uploads\/2023\/11\/IMG-20231012-WA0014.jpg 1600w, https:\/\/www.ens.univ-maroua.cm\/wp-content\/uploads\/2023\/11\/IMG-20231012-WA0014-300x251.jpg 300w, https:\/\/www.ens.univ-maroua.cm\/wp-content\/uploads\/2023\/11\/IMG-20231012-WA0014-1024x858.jpg 1024w, https:\/\/www.ens.univ-maroua.cm\/wp-content\/uploads\/2023\/11\/IMG-20231012-WA0014-768x644.jpg 768w, https:\/\/www.ens.univ-maroua.cm\/wp-content\/uploads\/2023\/11\/IMG-20231012-WA0014-1536x1287.jpg 1536w, https:\/\/www.ens.univ-maroua.cm\/wp-content\/uploads\/2023\/11\/IMG-20231012-WA0014-600x503.jpg 600w\" sizes=\"auto, (max-width: 1600px) 100vw, 1600px\" \/>                            <\/div>\n                            <div class=\"edgt-linked-images-item-title\">\n                                <h5 class=\"edgt-corse-category-title-text\">  Logement<\/h5>\n\n                            <\/div>\n                            <a class=\"edgt-linked-images-item-link\" itemprop=\"url\" target=\"_self\" href=\"http:\/\/www.ens.univ-maroua.cm\/index.php\/logement\/\"><\/a>\n                                            <\/div>\n                <\/div>\n                            <div class=\"edgt-linked-images-item\">\n                    <div class=\"edgt-linked-images-item-inner\">\n                                                    <div class=\"edgt-linked-images-item-image\">\n                                <img loading=\"lazy\" decoding=\"async\" width=\"1600\" height=\"1341\" src=\"https:\/\/www.ens.univ-maroua.cm\/wp-content\/uploads\/2023\/11\/IMG-20230914-WA0002.jpg\" class=\"attachment-full size-full\" alt=\"\" srcset=\"https:\/\/www.ens.univ-maroua.cm\/wp-content\/uploads\/2023\/11\/IMG-20230914-WA0002.jpg 1600w, https:\/\/www.ens.univ-maroua.cm\/wp-content\/uploads\/2023\/11\/IMG-20230914-WA0002-300x251.jpg 300w, https:\/\/www.ens.univ-maroua.cm\/wp-content\/uploads\/2023\/11\/IMG-20230914-WA0002-1024x858.jpg 1024w, https:\/\/www.ens.univ-maroua.cm\/wp-content\/uploads\/2023\/11\/IMG-20230914-WA0002-768x644.jpg 768w, https:\/\/www.ens.univ-maroua.cm\/wp-content\/uploads\/2023\/11\/IMG-20230914-WA0002-1536x1287.jpg 1536w, https:\/\/www.ens.univ-maroua.cm\/wp-content\/uploads\/2023\/11\/IMG-20230914-WA0002-600x503.jpg 600w\" sizes=\"auto, (max-width: 1600px) 100vw, 1600px\" \/>                            <\/div>\n                            <div class=\"edgt-linked-images-item-title\">\n                                <h5 class=\"edgt-corse-category-title-text\">  Restauration<\/h5>\n\n                            <\/div>\n                            <a class=\"edgt-linked-images-item-link\" itemprop=\"url\" target=\"_self\" href=\"http:\/\/www.ens.univ-maroua.cm\/index.php\/restauration\/\"><\/a>\n                                            <\/div>\n                <\/div>\n                            <div class=\"edgt-linked-images-item\">\n                    <div class=\"edgt-linked-images-item-inner\">\n                                                    <div class=\"edgt-linked-images-item-image\">\n                                <img loading=\"lazy\" decoding=\"async\" width=\"1600\" height=\"1341\" src=\"https:\/\/www.ens.univ-maroua.cm\/wp-content\/uploads\/2023\/11\/IMG-20230914-WA0003.jpg\" class=\"attachment-full size-full\" alt=\"\" srcset=\"https:\/\/www.ens.univ-maroua.cm\/wp-content\/uploads\/2023\/11\/IMG-20230914-WA0003.jpg 1600w, https:\/\/www.ens.univ-maroua.cm\/wp-content\/uploads\/2023\/11\/IMG-20230914-WA0003-300x251.jpg 300w, https:\/\/www.ens.univ-maroua.cm\/wp-content\/uploads\/2023\/11\/IMG-20230914-WA0003-1024x858.jpg 1024w, https:\/\/www.ens.univ-maroua.cm\/wp-content\/uploads\/2023\/11\/IMG-20230914-WA0003-768x644.jpg 768w, https:\/\/www.ens.univ-maroua.cm\/wp-content\/uploads\/2023\/11\/IMG-20230914-WA0003-1536x1287.jpg 1536w, https:\/\/www.ens.univ-maroua.cm\/wp-content\/uploads\/2023\/11\/IMG-20230914-WA0003-600x503.jpg 600w\" sizes=\"auto, (max-width: 1600px) 100vw, 1600px\" \/>                            <\/div>\n                            <div class=\"edgt-linked-images-item-title\">\n                                <h5 class=\"edgt-corse-category-title-text\">  Associations et clubs<\/h5>\n\n                            <\/div>\n                            <a class=\"edgt-linked-images-item-link\" itemprop=\"url\" target=\"_self\" href=\"http:\/\/www.ens.univ-maroua.cm\/index.php\/associations-et-clubs\/\"><\/a>\n                                            <\/div>\n                <\/div>\n                        <\/div>\n<\/div><div class=\"edgt-linked-images-list edgt-four-columns\" >\n    <div class=\"edgt-linked-images-list-inner clearfix\">\n                                    <div class=\"edgt-linked-images-item\">\n                    <div class=\"edgt-linked-images-item-inner\">\n                                                    <div class=\"edgt-linked-images-item-image\">\n                                <img loading=\"lazy\" decoding=\"async\" width=\"1600\" height=\"1341\" src=\"https:\/\/www.ens.univ-maroua.cm\/wp-content\/uploads\/2023\/11\/IMG-20231012-WA0024.jpg\" class=\"attachment-full size-full\" alt=\"\" srcset=\"https:\/\/www.ens.univ-maroua.cm\/wp-content\/uploads\/2023\/11\/IMG-20231012-WA0024.jpg 1600w, https:\/\/www.ens.univ-maroua.cm\/wp-content\/uploads\/2023\/11\/IMG-20231012-WA0024-300x251.jpg 300w, https:\/\/www.ens.univ-maroua.cm\/wp-content\/uploads\/2023\/11\/IMG-20231012-WA0024-1024x858.jpg 1024w, https:\/\/www.ens.univ-maroua.cm\/wp-content\/uploads\/2023\/11\/IMG-20231012-WA0024-768x644.jpg 768w, https:\/\/www.ens.univ-maroua.cm\/wp-content\/uploads\/2023\/11\/IMG-20231012-WA0024-1536x1287.jpg 1536w, https:\/\/www.ens.univ-maroua.cm\/wp-content\/uploads\/2023\/11\/IMG-20231012-WA0024-600x503.jpg 600w\" sizes=\"auto, (max-width: 1600px) 100vw, 1600px\" \/>                            <\/div>\n                            <div class=\"edgt-linked-images-item-title\">\n                                <h5 class=\"edgt-corse-category-title-text\">  Sport<\/h5>\n\n                            <\/div>\n                            <a class=\"edgt-linked-images-item-link\" itemprop=\"url\" target=\"_self\" href=\"http:\/\/www.ens.univ-maroua.cm\/index.php\/sport\/\"><\/a>\n                                            <\/div>\n                <\/div>\n                            <div class=\"edgt-linked-images-item\">\n                    <div class=\"edgt-linked-images-item-inner\">\n                                                    <div class=\"edgt-linked-images-item-image\">\n                                <img loading=\"lazy\" decoding=\"async\" width=\"1600\" height=\"1341\" src=\"https:\/\/www.ens.univ-maroua.cm\/wp-content\/uploads\/2023\/11\/IMG-20231012-WA0025.jpg\" class=\"attachment-full size-full\" alt=\"\" srcset=\"https:\/\/www.ens.univ-maroua.cm\/wp-content\/uploads\/2023\/11\/IMG-20231012-WA0025.jpg 1600w, https:\/\/www.ens.univ-maroua.cm\/wp-content\/uploads\/2023\/11\/IMG-20231012-WA0025-300x251.jpg 300w, https:\/\/www.ens.univ-maroua.cm\/wp-content\/uploads\/2023\/11\/IMG-20231012-WA0025-1024x858.jpg 1024w, https:\/\/www.ens.univ-maroua.cm\/wp-content\/uploads\/2023\/11\/IMG-20231012-WA0025-768x644.jpg 768w, https:\/\/www.ens.univ-maroua.cm\/wp-content\/uploads\/2023\/11\/IMG-20231012-WA0025-1536x1287.jpg 1536w, https:\/\/www.ens.univ-maroua.cm\/wp-content\/uploads\/2023\/11\/IMG-20231012-WA0025-600x503.jpg 600w\" sizes=\"auto, (max-width: 1600px) 100vw, 1600px\" \/>                            <\/div>\n                            <div class=\"edgt-linked-images-item-title\">\n                                <h5 class=\"edgt-corse-category-title-text\">  Sant\u00e9<\/h5>\n\n                            <\/div>\n                            <a class=\"edgt-linked-images-item-link\" itemprop=\"url\" target=\"_self\" href=\"http:\/\/www.ens.univ-maroua.cm\/index.php\/sante\/\"><\/a>\n                                            <\/div>\n                <\/div>\n                            <div class=\"edgt-linked-images-item\">\n                    <div class=\"edgt-linked-images-item-inner\">\n                                                    <div class=\"edgt-linked-images-item-image\">\n                                <img loading=\"lazy\" decoding=\"async\" width=\"1600\" height=\"1341\" src=\"https:\/\/www.ens.univ-maroua.cm\/wp-content\/uploads\/2023\/11\/IMG-20230914-WA0004-1.jpg\" class=\"attachment-full size-full\" alt=\"\" srcset=\"https:\/\/www.ens.univ-maroua.cm\/wp-content\/uploads\/2023\/11\/IMG-20230914-WA0004-1.jpg 1600w, https:\/\/www.ens.univ-maroua.cm\/wp-content\/uploads\/2023\/11\/IMG-20230914-WA0004-1-300x251.jpg 300w, https:\/\/www.ens.univ-maroua.cm\/wp-content\/uploads\/2023\/11\/IMG-20230914-WA0004-1-1024x858.jpg 1024w, https:\/\/www.ens.univ-maroua.cm\/wp-content\/uploads\/2023\/11\/IMG-20230914-WA0004-1-768x644.jpg 768w, https:\/\/www.ens.univ-maroua.cm\/wp-content\/uploads\/2023\/11\/IMG-20230914-WA0004-1-1536x1287.jpg 1536w, https:\/\/www.ens.univ-maroua.cm\/wp-content\/uploads\/2023\/11\/IMG-20230914-WA0004-1-600x503.jpg 600w\" sizes=\"auto, (max-width: 1600px) 100vw, 1600px\" \/>                            <\/div>\n                            <div class=\"edgt-linked-images-item-title\">\n                                <h5 class=\"edgt-corse-category-title-text\">  Action sociale<\/h5>\n\n                            <\/div>\n                            <a class=\"edgt-linked-images-item-link\" itemprop=\"url\" target=\"_self\" href=\"http:\/\/www.ens.univ-maroua.cm\/index.php\/social\/\"><\/a>\n                                            <\/div>\n                <\/div>\n                            <div class=\"edgt-linked-images-item\">\n                    <div class=\"edgt-linked-images-item-inner\">\n                                                    <div class=\"edgt-linked-images-item-image\">\n                                <img loading=\"lazy\" decoding=\"async\" width=\"1600\" height=\"1341\" src=\"https:\/\/www.ens.univ-maroua.cm\/wp-content\/uploads\/2023\/11\/IMG-20231012-WA0018.jpg\" class=\"attachment-full size-full\" alt=\"\" srcset=\"https:\/\/www.ens.univ-maroua.cm\/wp-content\/uploads\/2023\/11\/IMG-20231012-WA0018.jpg 1600w, https:\/\/www.ens.univ-maroua.cm\/wp-content\/uploads\/2023\/11\/IMG-20231012-WA0018-300x251.jpg 300w, https:\/\/www.ens.univ-maroua.cm\/wp-content\/uploads\/2023\/11\/IMG-20231012-WA0018-1024x858.jpg 1024w, https:\/\/www.ens.univ-maroua.cm\/wp-content\/uploads\/2023\/11\/IMG-20231012-WA0018-768x644.jpg 768w, https:\/\/www.ens.univ-maroua.cm\/wp-content\/uploads\/2023\/11\/IMG-20231012-WA0018-1536x1287.jpg 1536w, https:\/\/www.ens.univ-maroua.cm\/wp-content\/uploads\/2023\/11\/IMG-20231012-WA0018-600x503.jpg 600w\" sizes=\"auto, (max-width: 1600px) 100vw, 1600px\" \/>                            <\/div>\n                            <div class=\"edgt-linked-images-item-title\">\n                                <h5 class=\"edgt-corse-category-title-text\">  Diversit\u00e9 et \u00e9galit\u00e9<\/h5>\n\n                            <\/div>\n                            <a class=\"edgt-linked-images-item-link\" itemprop=\"url\" target=\"_self\" href=\"http:\/\/www.ens.univ-maroua.cm\/index.php\/diversite-et-egalite\/\"><\/a>\n                                            <\/div>\n                <\/div>\n                        <\/div>\n<\/div>[\/vc_column][\/vc_row][vc_row css=\u00a0\u00bb.vc_custom_1707031159576{background-color: #25d6ea !important;}\u00a0\u00bb][vc_column][vc_empty_space][\/vc_column][\/vc_row]<\/p>\n<\/section>","protected":false},"excerpt":{"rendered":"<p>[vc_row][vc_column css_animation=\u00a0\u00bbzoomIn\u00a0\u00bb][\/vc_column][\/vc_row][vc_row css=\u00a0\u00bb.vc_custom_1707031159576{background-color: #25d6ea !important;}\u00a0\u00bb][vc_column][vc_empty_space][\/vc_column][\/vc_row]<\/p>\n","protected":false},"author":1,"featured_media":0,"parent":0,"menu_order":0,"comment_status":"closed","ping_status":"closed","template":"","meta":{"footnotes":""},"class_list":["post-4362","page","type-page","status-publish","hentry"],"_links":{"self":[{"href":"https:\/\/www.ens.univ-maroua.cm\/index.php\/wp-json\/wp\/v2\/pages\/4362","targetHints":{"allow":["GET"]}}],"collection":[{"href":"https:\/\/www.ens.univ-maroua.cm\/index.php\/wp-json\/wp\/v2\/pages"}],"about":[{"href":"https:\/\/www.ens.univ-maroua.cm\/index.php\/wp-json\/wp\/v2\/types\/page"}],"author":[{"embeddable":true,"href":"https:\/\/www.ens.univ-maroua.cm\/index.php\/wp-json\/wp\/v2\/users\/1"}],"replies":[{"embeddable":true,"href":"https:\/\/www.ens.univ-maroua.cm\/index.php\/wp-json\/wp\/v2\/comments?post=4362"}],"version-history":[{"count":6,"href":"https:\/\/www.ens.univ-maroua.cm\/index.php\/wp-json\/wp\/v2\/pages\/4362\/revisions"}],"predecessor-version":[{"id":4419,"href":"https:\/\/www.ens.univ-maroua.cm\/index.php\/wp-json\/wp\/v2\/pages\/4362\/revisions\/4419"}],"wp:attachment":[{"href":"https:\/\/www.ens.univ-maroua.cm\/index.php\/wp-json\/wp\/v2\/media?parent=4362"}],"curies":[{"name":"wp","href":"https:\/\/api.w.org\/{rel}","templated":true}]}}