{"id":4174,"date":"2023-11-29T01:44:15","date_gmt":"2023-11-29T00:44:15","guid":{"rendered":"http:\/\/www.ens.univ-maroua.cm\/?page_id=4174"},"modified":"2024-04-21T13:35:36","modified_gmt":"2024-04-21T11:35:36","slug":"presentation-de-lecole","status":"publish","type":"page","link":"https:\/\/www.ens.univ-maroua.cm\/index.php\/presentation-de-lecole\/","title":{"rendered":"Pr\u00e9sentation de l&rsquo;\u00c9cole"},"content":{"rendered":"<section class=\"wpb-content-wrapper\"><p>[vc_row css_animation=\u00a0\u00bbzoomIn\u00a0\u00bb css=\u00a0\u00bb.vc_custom_1707028516790{background-color: #ffffff !important;}\u00a0\u00bb][vc_column][vc_row_inner][vc_column_inner][vc_single_image image=\u00a0\u00bb4676&Prime; img_size=\u00a0\u00bb2000 x 500&Prime; alignment=\u00a0\u00bbcenter\u00a0\u00bb style=\u00a0\u00bbvc_box_shadow_3d\u00a0\u00bb css_animation=\u00a0\u00bbzoomIn\u00a0\u00bb][\/vc_column_inner][\/vc_row_inner][\/vc_column][\/vc_row][vc_row css_animation=\u00a0\u00bbzoomIn\u00a0\u00bb css=\u00a0\u00bb.vc_custom_1707028566504{background-color: #ffffff !important;}\u00a0\u00bb][vc_column width=\u00a0\u00bb1\/2&Prime;][vc_tta_accordion title_tag=\u00a0\u00bbh3&Prime; section_title_tag=\u00a0\u00bbh5&Prime; style=\u00a0\u00bbmodern\u00a0\u00bb color=\u00a0\u00bbturquoise\u00a0\u00bb active_section=\u00a0\u00bb0&Prime; css_animation=\u00a0\u00bbzoomIn\u00a0\u00bb collapsible_all=\u00a0\u00bbtrue\u00a0\u00bb][vc_tta_section title=\u00a0\u00bbPr\u00e9sentation\u00a0\u00bb tab_id=\u00a0\u00bb1706757164681-379ab417-4beb\u00a0\u00bb][vc_column_text css_animation=\u00a0\u00bbzoomIn\u00a0\u00bb]<\/p>\n<p style=\"text-align: justify;\"><span style=\"color: #1c45b5;\">L&rsquo;\u00c9cole Normale Sup\u00e9rieure de Maroua a \u00e9t\u00e9 cr\u00e9\u00e9e par le d\u00e9cret pr\u00e9sidentiel N\u00b02008\/281 du 09 ao\u00fbt 2008 portant organisation administrative et acad\u00e9mique de l&rsquo;Universit\u00e9 de Maroua.<\/span><\/p>\n<p style=\"text-align: justify;\"><span style=\"color: #1c45b5;\">L&rsquo;\u00c9cole Normale Sup\u00e9rieure de Maroua est le premier \u00e9tablissement de l&rsquo;Universit\u00e9 de Maroua \u00e0 ouvrir ses portes. Sur le plan national, elle est la troisi\u00e8me \u00c9cole Normale apr\u00e8s celles de Yaound\u00e9 I, Bambili et de Douala.<\/span><\/p>\n<p>[\/vc_column_text][\/vc_tta_section][vc_tta_section title=\u00a0\u00bbLes missions de l&rsquo;\u00c9cole\u00a0\u00bb tab_id=\u00a0\u00bb1706757164721-a4705c60-67ab\u00a0\u00bb][vc_column_text css_animation=\u00a0\u00bbzoomIn\u00a0\u00bb]<\/p>\n<ul>\n<li style=\"text-align: justify;\"><span style=\"color: #1c45b5;\">La formation initiale des Professeurs de l&rsquo;enseignement secondaire g\u00e9n\u00e9ral, des Professeurs de l&rsquo;enseignement normal et des Conseillers d&rsquo;orientation scolaire, universitaire et professionnelle;<\/span><\/li>\n<li style=\"text-align: justify;\"><span style=\"color: #1c45b5;\">la formation continue, le recyclage et le perfectionnement des personnels enseignants et administratifs du syst\u00e8me \u00e9ducatif et des Conseillers d&rsquo;orientation scolaire, universitaire et professionnel;<\/span><\/li>\n<li style=\"text-align: justify;\"><span style=\"color: #1c45b5;\">la formation \u00e0 distance et en r\u00e9seau des personnels \u00e9ducatifs;<\/span><\/li>\n<li style=\"text-align: justify;\"><span style=\"color: #1c45b5;\">la formation au bilinguisme acad\u00e9mique et national et la promotion de l&rsquo;\u00e9ducation citpyenne et interculturelle;<\/span><\/li>\n<li style=\"text-align: justify;\"><span style=\"color: #1c45b5;\">la promotion de la recherche en g\u00e9n\u00e9ral et de la recherche en \u00e9ducation en particulier.<\/span><\/li>\n<\/ul>\n<p>[\/vc_column_text][\/vc_tta_section][vc_tta_section title=\u00a0\u00bbLes sections de l&rsquo;\u00c9cole\u00a0\u00bb tab_id=\u00a0\u00bb1706757244679-6c5bef37-56c6&Prime;][vc_column_text css_animation=\u00a0\u00bbzoomIn\u00a0\u00bb]<\/p>\n<p style=\"text-align: left;\"><span style=\"color: #1c45b5;\">L&rsquo;\u00c9cole comprend 04 sections :<\/span><\/p>\n<ul>\n<li style=\"text-align: left;\"><span style=\"color: #1c45b5;\">la section des \u00e9l\u00e8ves Professeurs de l&rsquo;enseignement secondaire g\u00e9n\u00e9ral;<\/span><\/li>\n<li style=\"text-align: left;\"><span style=\"color: #1c45b5;\">la section des \u00e9l\u00e8ves Professeurs de l&rsquo;enseignement normal;<\/span><\/li>\n<li style=\"text-align: left;\"><span style=\"color: #1c45b5;\">la section des \u00e9l\u00e8ves Conseillers d&rsquo;orientation scolaire, universitaire et professionnelle;<\/span><\/li>\n<li style=\"text-align: left;\"><span style=\"color: #1c45b5;\">la section des stages, de la formation continue et de la recherche p\u00e9dagogique.<\/span><\/li>\n<\/ul>\n<p>[\/vc_column_text][\/vc_tta_section][vc_tta_section title=\u00a0\u00bbLes dipl\u00f4mes de l&rsquo;\u00c9cole\u00a0\u00bb tab_id=\u00a0\u00bb1706757283967-ef5df337-ebdc\u00a0\u00bb][vc_column_text css_animation=\u00a0\u00bbzoomIn\u00a0\u00bb]<span style=\"color: #1c45b5;\">L&rsquo;\u00c9cole pr\u00e9pare aux dipl\u00f4mes ci-apr\u00e8s:<\/span><\/p>\n<ul>\n<li><span style=\"color: #1c45b5;\">le Dipl\u00f4me de Professeur de l&rsquo;Enseignement Secondaire premier et deuxi\u00e8me grades (DIPES I et DIPES II);<\/span><\/li>\n<li><span style=\"color: #1c45b5;\">le Dipl\u00f4me de Professeur de l&rsquo;Enseignement Normal premier et deuxi\u00e8me grades (DIPEN I et DIPEN II);<\/span><\/li>\n<li><span style=\"color: #1c45b5;\">le Dipl\u00f4me de Conseiller d&rsquo;Orientation scolaire, Universitaire et Professionnelle (DIPCO);<\/span><\/li>\n<li><span style=\"color: #1c45b5;\">le Dipl\u00f4me de Master;<\/span><\/li>\n<li><span style=\"color: #1c45b5;\">le Dipl\u00f4me de Doctorat\/Ph.D.<\/span><\/li>\n<\/ul>\n<p>[\/vc_column_text][\/vc_tta_section][\/vc_tta_accordion][\/vc_column][vc_column width=\u00a0\u00bb1\/2&Prime;][vc_single_image image=\u00a0\u00bb5605&Prime; img_size=\u00a0\u00bb700&#215;350&Prime; alignment=\u00a0\u00bbcenter\u00a0\u00bb css_animation=\u00a0\u00bbzoomIn\u00a0\u00bb][vc_empty_space][\/vc_column][\/vc_row][vc_row css=\u00a0\u00bb.vc_custom_1707028594250{background-color: #25d6ea !important;}\u00a0\u00bb][vc_column][vc_empty_space][\/vc_column][\/vc_row]<\/p>\n<\/section>","protected":false},"excerpt":{"rendered":"<p>[vc_row css_animation=\u00a0\u00bbzoomIn\u00a0\u00bb css=\u00a0\u00bb.vc_custom_1707028516790{background-color: #ffffff !important;}\u00a0\u00bb][vc_column][vc_row_inner][vc_column_inner][vc_single_image image=\u00a0\u00bb4676&Prime; img_size=\u00a0\u00bb2000 x 500&Prime; alignment=\u00a0\u00bbcenter\u00a0\u00bb style=\u00a0\u00bbvc_box_shadow_3d\u00a0\u00bb css_animation=\u00a0\u00bbzoomIn\u00a0\u00bb][\/vc_column_inner][\/vc_row_inner][\/vc_column][\/vc_row][vc_row css_animation=\u00a0\u00bbzoomIn\u00a0\u00bb css=\u00a0\u00bb.vc_custom_1707028566504{background-color: #ffffff !important;}\u00a0\u00bb][vc_column width=\u00a0\u00bb1\/2&Prime;][vc_tta_accordion title_tag=\u00a0\u00bbh3&Prime; section_title_tag=\u00a0\u00bbh5&Prime; style=\u00a0\u00bbmodern\u00a0\u00bb color=\u00a0\u00bbturquoise\u00a0\u00bb active_section=\u00a0\u00bb0&Prime; css_animation=\u00a0\u00bbzoomIn\u00a0\u00bb collapsible_all=\u00a0\u00bbtrue\u00a0\u00bb][vc_tta_section title=\u00a0\u00bbPr\u00e9sentation\u00a0\u00bb tab_id=\u00a0\u00bb1706757164681-379ab417-4beb\u00a0\u00bb][vc_column_text css_animation=\u00a0\u00bbzoomIn\u00a0\u00bb] L&rsquo;\u00c9cole Normale Sup\u00e9rieure de Maroua a \u00e9t\u00e9 cr\u00e9\u00e9e par le d\u00e9cret pr\u00e9sidentiel N\u00b02008\/281 [&hellip;]<\/p>\n","protected":false},"author":1,"featured_media":0,"parent":0,"menu_order":0,"comment_status":"closed","ping_status":"closed","template":"","meta":{"footnotes":""},"class_list":["post-4174","page","type-page","status-publish","hentry"],"_links":{"self":[{"href":"https:\/\/www.ens.univ-maroua.cm\/index.php\/wp-json\/wp\/v2\/pages\/4174","targetHints":{"allow":["GET"]}}],"collection":[{"href":"https:\/\/www.ens.univ-maroua.cm\/index.php\/wp-json\/wp\/v2\/pages"}],"about":[{"href":"https:\/\/www.ens.univ-maroua.cm\/index.php\/wp-json\/wp\/v2\/types\/page"}],"author":[{"embeddable":true,"href":"https:\/\/www.ens.univ-maroua.cm\/index.php\/wp-json\/wp\/v2\/users\/1"}],"replies":[{"embeddable":true,"href":"https:\/\/www.ens.univ-maroua.cm\/index.php\/wp-json\/wp\/v2\/comments?post=4174"}],"version-history":[{"count":24,"href":"https:\/\/www.ens.univ-maroua.cm\/index.php\/wp-json\/wp\/v2\/pages\/4174\/revisions"}],"predecessor-version":[{"id":5606,"href":"https:\/\/www.ens.univ-maroua.cm\/index.php\/wp-json\/wp\/v2\/pages\/4174\/revisions\/5606"}],"wp:attachment":[{"href":"https:\/\/www.ens.univ-maroua.cm\/index.php\/wp-json\/wp\/v2\/media?parent=4174"}],"curies":[{"name":"wp","href":"https:\/\/api.w.org\/{rel}","templated":true}]}}