{"id":4145,"date":"2023-11-29T00:17:04","date_gmt":"2023-11-28T23:17:04","guid":{"rendered":"http:\/\/www.ens.univ-maroua.cm\/?page_id=4145"},"modified":"2024-01-25T21:24:39","modified_gmt":"2024-01-25T20:24:39","slug":"diversite-et-egalite","status":"publish","type":"page","link":"https:\/\/www.ens.univ-maroua.cm\/index.php\/diversite-et-egalite\/","title":{"rendered":"Diversit\u00e9 et \u00e9galit\u00e9"},"content":{"rendered":"","protected":false},"excerpt":{"rendered":"","protected":false},"author":1,"featured_media":0,"parent":0,"menu_order":0,"comment_status":"closed","ping_status":"closed","template":"","meta":{"footnotes":""},"class_list":["post-4145","page","type-page","status-publish","hentry"],"_links":{"self":[{"href":"https:\/\/www.ens.univ-maroua.cm\/index.php\/wp-json\/wp\/v2\/pages\/4145","targetHints":{"allow":["GET"]}}],"collection":[{"href":"https:\/\/www.ens.univ-maroua.cm\/index.php\/wp-json\/wp\/v2\/pages"}],"about":[{"href":"https:\/\/www.ens.univ-maroua.cm\/index.php\/wp-json\/wp\/v2\/types\/page"}],"author":[{"embeddable":true,"href":"https:\/\/www.ens.univ-maroua.cm\/index.php\/wp-json\/wp\/v2\/users\/1"}],"replies":[{"embeddable":true,"href":"https:\/\/www.ens.univ-maroua.cm\/index.php\/wp-json\/wp\/v2\/comments?post=4145"}],"version-history":[{"count":1,"href":"https:\/\/www.ens.univ-maroua.cm\/index.php\/wp-json\/wp\/v2\/pages\/4145\/revisions"}],"predecessor-version":[{"id":4146,"href":"https:\/\/www.ens.univ-maroua.cm\/index.php\/wp-json\/wp\/v2\/pages\/4145\/revisions\/4146"}],"wp:attachment":[{"href":"https:\/\/www.ens.univ-maroua.cm\/index.php\/wp-json\/wp\/v2\/media?parent=4145"}],"curies":[{"name":"wp","href":"https:\/\/api.w.org\/{rel}","templated":true}]}}