{"id":4143,"date":"2023-11-29T00:12:56","date_gmt":"2023-11-28T23:12:56","guid":{"rendered":"http:\/\/www.ens.univ-maroua.cm\/?page_id=4143"},"modified":"2024-02-25T01:57:20","modified_gmt":"2024-02-25T00:57:20","slug":"social","status":"publish","type":"page","link":"https:\/\/www.ens.univ-maroua.cm\/index.php\/social\/","title":{"rendered":"Assistance sociale"},"content":{"rendered":"<section class=\"wpb-content-wrapper\"><p>[vc_row css_animation=\u00a0\u00bbzoomIn\u00a0\u00bb css=\u00a0\u00bb.vc_custom_1708822000008{background-color: #ffffff !important;}\u00a0\u00bb][vc_column parallax=\u00a0\u00bbcontent-moving\u00a0\u00bb css_animation=\u00a0\u00bbzoomIn\u00a0\u00bb css=\u00a0\u00bb.vc_custom_1708821970429{border-radius: 3px !important;}\u00a0\u00bb][vc_column_text]<\/p>\n<h3 style=\"text-align: center;\"><span style=\"color: #25d6ea;\"><strong>Assistance sociale<\/strong><\/span><\/h3>\n<p>[\/vc_column_text][vc_empty_space][vc_row_inner][vc_column_inner width=\u00a0\u00bb1\/2&Prime;][vc_single_image image=\u00a0\u00bb4343&Prime; img_size=\u00a0\u00bb700&#215;350&Prime; alignment=\u00a0\u00bbcenter\u00a0\u00bb style=\u00a0\u00bbvc_box_shadow_3d\u00a0\u00bb][vc_column_text]<\/p>\n<h4 style=\"text-align: left;\"><span style=\"color: #25d6ea;\"><strong>Pr\u00e9sentation<\/strong><\/span><\/h4>\n<p>[\/vc_column_text][vc_column_text]Le Service d&rsquo;Assistance Sociale est charg\u00e9 de l&rsquo;encadrement psychologique, moral et social des \u00e9l\u00e8ves professeurs, des \u00e9l\u00e8ves conseillers d&rsquo;orientation et des personnels. Il est plac\u00e9 sous l&rsquo;autorit\u00e9 d&rsquo;un Chef de Service, Mme NGO UM Suzanne.[\/vc_column_text][vc_column_text]<\/p>\n<h4 style=\"text-align: left;\"><span style=\"color: #25d6ea;\"><strong>Objectif<\/strong><\/span><\/h4>\n<p>[\/vc_column_text][vc_column_text]Le Service d&rsquo;Assistance Sociale a pour objectif d&rsquo;accompagner psychologiquement et socialement les \u00e9l\u00e8ves &#8211; professeurs, \u00e9l\u00e8ves conseillers d&rsquo;orientation et personnels de l&rsquo;\u00c9cole Normale Sup\u00e9rieure.[\/vc_column_text][\/vc_column_inner][vc_column_inner width=\u00a0\u00bb1\/2&Prime;][vc_gallery interval=\u00a0\u00bb3&Prime; images=\u00a0\u00bb4352,4351,4336,4339&Prime; img_size=\u00a0\u00bb700&#215;350&Prime;][vc_column_text]<\/p>\n<h4 style=\"text-align: left;\"><span style=\"color: #25d6ea;\"><strong>Missions de l&rsquo;assistance sociale<\/strong><\/span><\/h4>\n<p>[\/vc_column_text][vc_column_text]<\/p>\n<p style=\"text-align: left;\">Le Service de l&rsquo;Assistance Sociale a pour missions :<\/p>\n<ul>\n<li style=\"text-align: left;\">encadrement des \u00e9l\u00e8ves &#8211; professeurs handicap\u00e9s et tous les autres cas sociaux au sein de l&rsquo;institution (aides diverses);<\/li>\n<li style=\"text-align: left;\">accompagnement dans l&rsquo;\u00e9tablissement des cartes d&rsquo;invalidit\u00e9s pour ceux qui n&rsquo;en ont pas;<\/li>\n<li style=\"text-align: left;\">vulgarisation des textes de protection du handicap;<\/li>\n<li style=\"text-align: left;\">sensibilisation contre les fl\u00e9aux sociaux;<\/li>\n<li style=\"text-align: left;\">assistance morale, suivi psychologique et social des \u00e9tudiants et du personnel vuln\u00e9rables.<\/li>\n<\/ul>\n<p>[\/vc_column_text][\/vc_column_inner][\/vc_row_inner][vc_empty_space][\/vc_column][\/vc_row][vc_row css=\u00a0\u00bb.vc_custom_1708822615665{background-color: #25d6ea !important;}\u00a0\u00bb][vc_column][vc_empty_space][\/vc_column][\/vc_row]<\/p>\n<\/section>","protected":false},"excerpt":{"rendered":"<p>[vc_row css_animation=\u00a0\u00bbzoomIn\u00a0\u00bb css=\u00a0\u00bb.vc_custom_1708822000008{background-color: #ffffff !important;}\u00a0\u00bb][vc_column parallax=\u00a0\u00bbcontent-moving\u00a0\u00bb css_animation=\u00a0\u00bbzoomIn\u00a0\u00bb css=\u00a0\u00bb.vc_custom_1708821970429{border-radius: 3px !important;}\u00a0\u00bb][vc_column_text] Assistance sociale [\/vc_column_text][vc_empty_space][vc_row_inner][vc_column_inner width=\u00a0\u00bb1\/2&Prime;][vc_single_image image=\u00a0\u00bb4343&Prime; img_size=\u00a0\u00bb700&#215;350&Prime; alignment=\u00a0\u00bbcenter\u00a0\u00bb style=\u00a0\u00bbvc_box_shadow_3d\u00a0\u00bb][vc_column_text] Pr\u00e9sentation [\/vc_column_text][vc_column_text]Le Service d&rsquo;Assistance Sociale est charg\u00e9 de l&rsquo;encadrement psychologique, moral et social des \u00e9l\u00e8ves professeurs, des \u00e9l\u00e8ves conseillers d&rsquo;orientation et des [&hellip;]<\/p>\n","protected":false},"author":1,"featured_media":0,"parent":0,"menu_order":0,"comment_status":"closed","ping_status":"closed","template":"","meta":{"footnotes":""},"class_list":["post-4143","page","type-page","status-publish","hentry"],"_links":{"self":[{"href":"https:\/\/www.ens.univ-maroua.cm\/index.php\/wp-json\/wp\/v2\/pages\/4143","targetHints":{"allow":["GET"]}}],"collection":[{"href":"https:\/\/www.ens.univ-maroua.cm\/index.php\/wp-json\/wp\/v2\/pages"}],"about":[{"href":"https:\/\/www.ens.univ-maroua.cm\/index.php\/wp-json\/wp\/v2\/types\/page"}],"author":[{"embeddable":true,"href":"https:\/\/www.ens.univ-maroua.cm\/index.php\/wp-json\/wp\/v2\/users\/1"}],"replies":[{"embeddable":true,"href":"https:\/\/www.ens.univ-maroua.cm\/index.php\/wp-json\/wp\/v2\/comments?post=4143"}],"version-history":[{"count":37,"href":"https:\/\/www.ens.univ-maroua.cm\/index.php\/wp-json\/wp\/v2\/pages\/4143\/revisions"}],"predecessor-version":[{"id":5537,"href":"https:\/\/www.ens.univ-maroua.cm\/index.php\/wp-json\/wp\/v2\/pages\/4143\/revisions\/5537"}],"wp:attachment":[{"href":"https:\/\/www.ens.univ-maroua.cm\/index.php\/wp-json\/wp\/v2\/media?parent=4143"}],"curies":[{"name":"wp","href":"https:\/\/api.w.org\/{rel}","templated":true}]}}