{"id":4134,"date":"2023-11-28T23:50:57","date_gmt":"2023-11-28T22:50:57","guid":{"rendered":"http:\/\/www.ens.univ-maroua.cm\/?page_id=4134"},"modified":"2024-03-12T17:52:30","modified_gmt":"2024-03-12T16:52:30","slug":"restauration","status":"publish","type":"page","link":"https:\/\/www.ens.univ-maroua.cm\/index.php\/restauration\/","title":{"rendered":"Restauration"},"content":{"rendered":"<section class=\"wpb-content-wrapper\"><p>[vc_row css_animation=\u00a0\u00bbzoomIn\u00a0\u00bb css=\u00a0\u00bb.vc_custom_1708817360725{background-color: #ffffff !important;}\u00a0\u00bb][vc_column][vc_column_text]<\/p>\n<h3 style=\"text-align: center;\"><span style=\"color: #25d6ea;\"><strong>Restauration<\/strong><\/span><\/h3>\n<p>[\/vc_column_text][vc_empty_space][vc_row_inner][vc_column_inner width=\u00a0\u00bb1\/2&Prime;][vc_single_image image=\u00a0\u00bb5232&Prime; img_size=\u00a0\u00bb650&#215;350&Prime; alignment=\u00a0\u00bbcenter\u00a0\u00bb style=\u00a0\u00bbvc_box_shadow_3d\u00a0\u00bb][vc_column_text]<\/p>\n<h4 style=\"text-align: left;\"><span style=\"color: #25d6ea;\"><strong>Pr\u00e9sentation<\/strong><\/span><\/h4>\n<p>[\/vc_column_text][vc_column_text]<\/p>\n<p style=\"text-align: Justify;\">Le Campus de Kongola-Djoulgouf-Kodek est dot\u00e9 de deux (02) restaurants : un restaurant universitaire commun\u00e9ment appel\u00e9 Resto U r\u00e9serv\u00e9 aux \u00e9tudiants sans distinction de l&rsquo;Universit\u00e9 de Maroua et un restaurant pour le personnel enseignant, personnel administratif et cadres d&rsquo;appui universitaire.<\/p>\n<p style=\"text-align: justify;\">Le Resto U est g\u00e9r\u00e9 par la Direction des Oeuvres Universitaires (DCOU) et propose\u00a0 des repas sains et \u00e9quilibr\u00e9s et \u00e0 des tarifs avantageux. Les menus varient chaque jour.<\/p>\n<p style=\"text-align: justify;\">Le restaurant r\u00e9serv\u00e9 aux personnels enseignants, administratifs et cadres d&rsquo;appui universitaires est un restaurant mise en place par le mutuel des enseignants de l&rsquo;\u00c9cole Normale Sup\u00e9rieure de Maroua. Situ\u00e9 \u00e0 proximit\u00e9 du village artistique et culturel de l&rsquo;Universit\u00e9 de Maroua, le restaurant de mutuel des enseignants est log\u00e9 dans une case artistique de la tribu musgum et propose des plats traditionnels et modernes, complets et vari\u00e9s tous les jours ouvrables.<\/p>\n<p>[\/vc_column_text][\/vc_column_inner][vc_column_inner width=\u00a0\u00bb1\/2&Prime;][vc_gallery interval=\u00a0\u00bb3&Prime; images=\u00a0\u00bb5245,5238,5241&Prime; img_size=\u00a0\u00bb650&#215;350&Prime;][vc_column_text]<\/p>\n<h4 style=\"text-align: left;\"><span style=\"color: #25d6ea;\"><strong>Conditions d&rsquo;acc\u00e8s<\/strong><\/span><\/h4>\n<p>[\/vc_column_text][vc_column_text]<strong>Resto U<\/strong><\/p>\n<ul>\n<li>\u00eatre \u00e9tudiant inscrit \u00e0 l&rsquo;Universit\u00e9 de Maroua;<\/li>\n<li>Acheter son ticket de passe \u00e0 100 Frs;<\/li>\n<\/ul>\n<p style=\"text-align: justify;\">L\u2019acc\u00e8s se fait en suivant le rang \u00e0 l&rsquo;ext\u00e9rieur. \u00c0 \u00a0l\u2019int\u00e9rieur il ya deux guichets au premier guichet achat de ticket de 100 Frs\u00a0 et le deuxi\u00e8me guichet remise\u00a0 de ticket \u00a0en \u00e9change d\u2019un plat.<\/p>\n<p><strong>Restaurant du personnel<\/strong><\/p>\n<ul>\n<li>\u00catre personnel enseignant, personnel administratif, cadre d&rsquo;appui universitaire ;<\/li>\n<li>Petit d\u00e9jeuner classique ticket de 500 Frs;<\/li>\n<li>Petit d\u00e9jeuner complet ticket de 1000 Frs;<\/li>\n<li>D\u00e9jeuner ticket de 1500 Frs.<\/li>\n<\/ul>\n<p>[\/vc_column_text][vc_column_text]<\/p>\n<h4 style=\"text-align: left;\"><span style=\"color: #25d6ea;\"><strong>Horaire de restauration<\/strong><\/span><\/h4>\n<p>[\/vc_column_text][vc_column_text]<\/p>\n<ul>\n<li><strong>Resto U<\/strong> : Ouvert de Lundi \u00e0 Vendredi, de 11h30 &#8211; 16h00<\/li>\n<li><strong>Restaurant du personnel<\/strong> : Ouvert de Lundi \u00e0 Vendredi, de 07h30 &#8211; 15h00<\/li>\n<\/ul>\n<p>[\/vc_column_text][\/vc_column_inner][\/vc_row_inner][vc_empty_space][\/vc_column][\/vc_row][vc_row css=\u00a0\u00bb.vc_custom_1708817631276{background-color: #25d6ea !important;}\u00a0\u00bb][vc_column][vc_empty_space][\/vc_column][\/vc_row]<\/p>\n<\/section>","protected":false},"excerpt":{"rendered":"<p>[vc_row css_animation=\u00a0\u00bbzoomIn\u00a0\u00bb css=\u00a0\u00bb.vc_custom_1708817360725{background-color: #ffffff !important;}\u00a0\u00bb][vc_column][vc_column_text] Restauration [\/vc_column_text][vc_empty_space][vc_row_inner][vc_column_inner width=\u00a0\u00bb1\/2&Prime;][vc_single_image image=\u00a0\u00bb5232&Prime; img_size=\u00a0\u00bb650&#215;350&Prime; alignment=\u00a0\u00bbcenter\u00a0\u00bb style=\u00a0\u00bbvc_box_shadow_3d\u00a0\u00bb][vc_column_text] Pr\u00e9sentation [\/vc_column_text][vc_column_text] Le Campus de Kongola-Djoulgouf-Kodek est dot\u00e9 de deux (02) restaurants : un restaurant universitaire commun\u00e9ment appel\u00e9 Resto U r\u00e9serv\u00e9 aux \u00e9tudiants sans distinction de l&rsquo;Universit\u00e9 de [&hellip;]<\/p>\n","protected":false},"author":1,"featured_media":0,"parent":0,"menu_order":0,"comment_status":"closed","ping_status":"closed","template":"","meta":{"footnotes":""},"class_list":["post-4134","page","type-page","status-publish","hentry"],"_links":{"self":[{"href":"https:\/\/www.ens.univ-maroua.cm\/index.php\/wp-json\/wp\/v2\/pages\/4134","targetHints":{"allow":["GET"]}}],"collection":[{"href":"https:\/\/www.ens.univ-maroua.cm\/index.php\/wp-json\/wp\/v2\/pages"}],"about":[{"href":"https:\/\/www.ens.univ-maroua.cm\/index.php\/wp-json\/wp\/v2\/types\/page"}],"author":[{"embeddable":true,"href":"https:\/\/www.ens.univ-maroua.cm\/index.php\/wp-json\/wp\/v2\/users\/1"}],"replies":[{"embeddable":true,"href":"https:\/\/www.ens.univ-maroua.cm\/index.php\/wp-json\/wp\/v2\/comments?post=4134"}],"version-history":[{"count":7,"href":"https:\/\/www.ens.univ-maroua.cm\/index.php\/wp-json\/wp\/v2\/pages\/4134\/revisions"}],"predecessor-version":[{"id":5709,"href":"https:\/\/www.ens.univ-maroua.cm\/index.php\/wp-json\/wp\/v2\/pages\/4134\/revisions\/5709"}],"wp:attachment":[{"href":"https:\/\/www.ens.univ-maroua.cm\/index.php\/wp-json\/wp\/v2\/media?parent=4134"}],"curies":[{"name":"wp","href":"https:\/\/api.w.org\/{rel}","templated":true}]}}