{"id":4132,"date":"2023-11-28T23:40:23","date_gmt":"2023-11-28T22:40:23","guid":{"rendered":"http:\/\/www.ens.univ-maroua.cm\/?page_id=4132"},"modified":"2024-03-12T16:59:40","modified_gmt":"2024-03-12T15:59:40","slug":"logement","status":"publish","type":"page","link":"https:\/\/www.ens.univ-maroua.cm\/index.php\/logement\/","title":{"rendered":"Logement"},"content":{"rendered":"<section class=\"wpb-content-wrapper\"><p>[vc_row css_animation=\u00a0\u00bbzoomIn\u00a0\u00bb css=\u00a0\u00bb.vc_custom_1708815321118{background-color: #ffffff !important;}\u00a0\u00bb][vc_column][vc_column_text]<\/p>\n<h3 style=\"text-align: center;\"><strong><span style=\"color: #25d6ea;\">Logement des \u00e9tudiants<\/span><\/strong><\/h3>\n<p>[\/vc_column_text][vc_empty_space][vc_row_inner][vc_column_inner width=\u00a0\u00bb1\/2&Prime;][vc_single_image image=\u00a0\u00bb5705&Prime; img_size=\u00a0\u00bb700&#215;350&Prime; alignment=\u00a0\u00bbcenter\u00a0\u00bb style=\u00a0\u00bbvc_box_shadow_3d\u00a0\u00bb][vc_column_text]<\/p>\n<h4 style=\"text-align: left;\"><span style=\"color: #25d6ea;\"><strong>Pr\u00e9sentation<\/strong><\/span><\/h4>\n<p>[\/vc_column_text][vc_column_text]<\/p>\n<p style=\"text-align: justify;\">La r\u00e9sidence universitaire se fait par s\u00e9lection. Elle est reconnue d\u2019utilit\u00e9 des \u00e9tudiants s\u00e9lectionn\u00e9s sur \u00e9tudes des dossiers avant la rentr\u00e9e acad\u00e9mique. Cette ann\u00e9e, il y a eu deux s\u00e9lections.<\/p>\n<p style=\"text-align: justify;\">Les r\u00e9sidences universitaires sont particuli\u00e8rement appr\u00e9ci\u00e9es pour leur co\u00fbt. Le bail est valable un (01) an \u00e0 compter de d\u00e9cision des s\u00e9lections sign\u00e9e par Monsieur Le Recteur.<\/p>\n<p>[\/vc_column_text][\/vc_column_inner][vc_column_inner width=\u00a0\u00bb1\/2&Prime;][vc_gallery interval=\u00a0\u00bb3&Prime; images=\u00a0\u00bb5701,5702,5703&Prime; img_size=\u00a0\u00bb700&#215;350&Prime;][vc_column_text]<\/p>\n<h4><span style=\"color: #25d6ea;\"><strong>Comment habiter \u00e0 la cit\u00e9 Universitaire<\/strong>\u00a0?<\/span><\/h4>\n<p>[\/vc_column_text][vc_column_text]Faire une demande aupr\u00e8s de la DCOU avant la rent\u00e9e et la s\u00e9lection se fait sur \u00e9tude de\u00a0 dossiers.[\/vc_column_text][vc_column_text]<\/p>\n<h4><span style=\"color: #25d6ea;\"><strong>Modalit\u00e9s pratiques<\/strong><\/span><\/h4>\n<p>[\/vc_column_text][vc_column_text]<\/p>\n<p style=\"text-align: justify;\">Il est mis \u00e0 la disposition des \u00e9tudiants le petit mat\u00e9riel de nettoyage chaque mois supervis\u00e9s par les d\u00e9l\u00e9gu\u00e9s des paliers. Le nettoyage se fait chaque dimanche.<\/p>\n<p style=\"text-align: justify;\">La r\u00e9sidence universitaire est uniquement destin\u00e9e aux \u00e9tudiants. Un lieu de vie commune qui\u00a0 leur permet de cultiver le <strong>vivre ensemble<\/strong>.<\/p>\n<p>[\/vc_column_text][vc_empty_space][\/vc_column_inner][\/vc_row_inner][\/vc_column][\/vc_row][vc_row css=\u00a0\u00bb.vc_custom_1708815876452{background-color: #25d6ea !important;}\u00a0\u00bb][vc_column][vc_empty_space][\/vc_column][\/vc_row]<\/p>\n<\/section>","protected":false},"excerpt":{"rendered":"<p>[vc_row css_animation=\u00a0\u00bbzoomIn\u00a0\u00bb css=\u00a0\u00bb.vc_custom_1708815321118{background-color: #ffffff !important;}\u00a0\u00bb][vc_column][vc_column_text] Logement des \u00e9tudiants [\/vc_column_text][vc_empty_space][vc_row_inner][vc_column_inner width=\u00a0\u00bb1\/2&Prime;][vc_single_image image=\u00a0\u00bb5705&Prime; img_size=\u00a0\u00bb700&#215;350&Prime; alignment=\u00a0\u00bbcenter\u00a0\u00bb style=\u00a0\u00bbvc_box_shadow_3d\u00a0\u00bb][vc_column_text] Pr\u00e9sentation [\/vc_column_text][vc_column_text] La r\u00e9sidence universitaire se fait par s\u00e9lection. Elle est reconnue d\u2019utilit\u00e9 des \u00e9tudiants s\u00e9lectionn\u00e9s sur \u00e9tudes des dossiers avant la rentr\u00e9e acad\u00e9mique. Cette ann\u00e9e, [&hellip;]<\/p>\n","protected":false},"author":1,"featured_media":0,"parent":0,"menu_order":0,"comment_status":"closed","ping_status":"closed","template":"","meta":{"footnotes":""},"class_list":["post-4132","page","type-page","status-publish","hentry"],"_links":{"self":[{"href":"https:\/\/www.ens.univ-maroua.cm\/index.php\/wp-json\/wp\/v2\/pages\/4132","targetHints":{"allow":["GET"]}}],"collection":[{"href":"https:\/\/www.ens.univ-maroua.cm\/index.php\/wp-json\/wp\/v2\/pages"}],"about":[{"href":"https:\/\/www.ens.univ-maroua.cm\/index.php\/wp-json\/wp\/v2\/types\/page"}],"author":[{"embeddable":true,"href":"https:\/\/www.ens.univ-maroua.cm\/index.php\/wp-json\/wp\/v2\/users\/1"}],"replies":[{"embeddable":true,"href":"https:\/\/www.ens.univ-maroua.cm\/index.php\/wp-json\/wp\/v2\/comments?post=4132"}],"version-history":[{"count":12,"href":"https:\/\/www.ens.univ-maroua.cm\/index.php\/wp-json\/wp\/v2\/pages\/4132\/revisions"}],"predecessor-version":[{"id":5706,"href":"https:\/\/www.ens.univ-maroua.cm\/index.php\/wp-json\/wp\/v2\/pages\/4132\/revisions\/5706"}],"wp:attachment":[{"href":"https:\/\/www.ens.univ-maroua.cm\/index.php\/wp-json\/wp\/v2\/media?parent=4132"}],"curies":[{"name":"wp","href":"https:\/\/api.w.org\/{rel}","templated":true}]}}