{"id":4126,"date":"2023-11-28T23:21:23","date_gmt":"2023-11-28T22:21:23","guid":{"rendered":"http:\/\/www.ens.univ-maroua.cm\/?page_id=4126"},"modified":"2024-02-25T09:26:47","modified_gmt":"2024-02-25T08:26:47","slug":"centres-de-recherche","status":"publish","type":"page","link":"https:\/\/www.ens.univ-maroua.cm\/index.php\/centres-de-recherche\/","title":{"rendered":"Centres de recherche"},"content":{"rendered":"<section class=\"wpb-content-wrapper\"><p>[vc_row css_animation=\u00a0\u00bbzoomIn\u00a0\u00bb css=\u00a0\u00bb.vc_custom_1707056117748{background-color: #ffffff !important;}\u00a0\u00bb][vc_column][vc_column_text]<\/p>\n<h3 style=\"text-align: center;\"><span style=\"color: #25d6ea;\"><strong>Centres de recherche de l&rsquo;\u00c9cole<\/strong><\/span><\/h3>\n<p>L&rsquo;\u00c9cole Normale Sup\u00e9rieure de Maroua dispose de deux (02) centres de recherche :<\/p>\n<ul>\n<li>Le Centre d&rsquo;\u00c9tude et de Recherche en \u00c9ducation (C\u00c9R\u00c9);<\/li>\n<li>Centre de Recherche en Didactique des Sciences Fondamentales et Appliqu\u00e9es (CERDISFA).<\/li>\n<\/ul>\n<p>[\/vc_column_text][vc_empty_space][\/vc_column][\/vc_row][vc_row css=\u00a0\u00bb.vc_custom_1707055478922{background-color: #25d6ea !important;}\u00a0\u00bb][vc_column][vc_empty_space][\/vc_column][\/vc_row][vc_row css_animation=\u00a0\u00bbzoomIn\u00a0\u00bb css=\u00a0\u00bb.vc_custom_1707056055298{background-color: #ffffff !important;}\u00a0\u00bb][vc_column width=\u00a0\u00bb1\/2&Prime;][vc_text_separator title=\u00a0\u00bbC\u00c9R\u00c9\u00a0\u00bb color=\u00a0\u00bbturquoise\u00a0\u00bb border_width=\u00a0\u00bb4&Prime;][vc_tta_accordion section_title_tag=\u00a0\u00bbh5&Prime; style=\u00a0\u00bbmodern\u00a0\u00bb color=\u00a0\u00bbturquoise\u00a0\u00bb active_section=\u00a0\u00bb0&Prime; collapsible_all=\u00a0\u00bbtrue\u00a0\u00bb][vc_tta_section title=\u00a0\u00bbPr\u00e9sentation du C\u00c9R\u00c9\u00a0\u00bb tab_id=\u00a0\u00bb1707055735122-e6fa573f-ba1b\u00a0\u00bb][vc_column_text]<\/p>\n<p style=\"text-align: justify;\">Le Centre d\u2019\u00c9tudes et de Recherche en \u00c9ducation (C\u00c9R\u00c9) est une structure \u00e0 but non lucratif, qui offre des services bilingues en mati\u00e8re de recherche incluant la formulation de la recherche, la recension des \u00e9crits scientifiques, l\u2019\u00e9laboration d\u2019un cadre m\u00e9thodologique, la collecte et l\u2019analyse des donn\u00e9es, et la r\u00e9daction des rapports de recherche. Ces services sont offerts aux organismes et aux personnes \u0153uvrant dans les milieux de recherche, \u00e9ducatifs, communautaires, priv\u00e9s, aux chercheurs, \u00e9tudiants (es) des cycles sup\u00e9rieurs et autres professionnels. Le C\u00c9R\u00c9 a pour slogan \u00ab\u00a0<em>La R\u00e9ponse aux probl\u00e8mes contemporains de l\u2019\u00e9ducation en Afrique\u00a0\u00bb. <\/em><\/p>\n<p>[\/vc_column_text][\/vc_tta_section][vc_tta_section title=\u00a0\u00bbObjectifs\u00a0\u00bb tab_id=\u00a0\u00bb1708845444953-8395f321-3fa4&Prime;][vc_column_text]<\/p>\n<p style=\"text-align: left;\">Dans le cadre de son fonctionnement, le Centre d\u2019\u00c9tudes et Recherche en \u00c9ducation poursuit divers objectifs dont les principaux sont\u00a0:<\/p>\n<ul>\n<li style=\"text-align: left;\">\u00c9tablir des partenariats avec des chercheurs, organismes \u00e9ducatifs et communautaires, dans la r\u00e9alisation des projets en \u00e9ducation ou dans les domaines connexes, et ce, tant sur le plan local qu\u2019international\u00a0;<\/li>\n<li style=\"text-align: left;\">Contribuer au d\u00e9veloppement de la recherche en \u00e9ducation et dans les domaines connexes\u00a0;<\/li>\n<li style=\"text-align: left;\">Apporter des r\u00e9ponses aux probl\u00e8mes contemporains en \u00e9ducation en Afrique par la mise sur pied des projets de recherche innovants.<\/li>\n<\/ul>\n<p>[\/vc_column_text][\/vc_tta_section][vc_tta_section title=\u00a0\u00bbMissions\u00a0\u00bb tab_id=\u00a0\u00bb1707055735185-711cfcd5-1159&Prime;][vc_column_text]<\/p>\n<p style=\"text-align: justify;\">Le C\u00c9R\u00c9 a pour mission principale la r\u00e9alisation et la diffusion des projets en \u00e9ducation ou dans des domaines connexes, visant \u00e0 mieux comprendre les r\u00e9alit\u00e9s et am\u00e9liorer la recherche, les interventions \u00e9ducatives et communautaires.<\/p>\n<p>[\/vc_column_text][\/vc_tta_section][vc_tta_section title=\u00a0\u00bbAxes de recherche\u00a0\u00bb tab_id=\u00a0\u00bb1708845596576-db989879-49fc\u00a0\u00bb][vc_column_text]Les recherches men\u00e9es au sein du C\u00c9R\u00c9 s\u2019articulent autour des axes suivants :<\/p>\n<ul>\n<li>\u00c9ducation et Gouvernance\u00a0;<\/li>\n<li>\u00c9ducation en situation d\u2019urgence\u00a0;<\/li>\n<li>Financement de l\u2019\u00e9ducation\u00a0;<\/li>\n<li>\u00c9ducation et D\u00e9centralisation\u00a0;<\/li>\n<li>\u00c9ducation et assurance-qualit\u00e9\u00a0;<\/li>\n<li>\u00c9ducation et d\u00e9veloppement durable\u00a0;<\/li>\n<li>\u00c9ducation et consolidation de la paix<\/li>\n<li>\u00c9ducation et soci\u00e9t\u00e9 entrepreneuriale\u00a0;<\/li>\n<li>\u00c9ducation et TIC\u00a0;<\/li>\n<li>\u00c9ducation et apprentissage \u00e0 distance\u00a0;<\/li>\n<li>\u00c9ducation et croissance \u00e9conomique\u00a0;<\/li>\n<li>\u00c9ducation et d\u00e9veloppement des langues\u00a0;<\/li>\n<li>Politiques en \u00e9ducation\u00a0;<\/li>\n<li>\u00c9ducation inclusive\u00a0;<\/li>\n<li>\u00c9ducation sp\u00e9cialis\u00e9e\u00a0;<\/li>\n<li>\u00c9ducation de la petite enfance\u00a0;<\/li>\n<li>\u00c9ducation traditionnelle\u00a0;<\/li>\n<li>\u00c9ducation aux m\u00e9dias\u00a0;<\/li>\n<li>\u00c9ducation \u00e0 la vie et \u00e0 la citoyennet\u00e9\u00a0;<\/li>\n<li>Conditions de vie et apprentissage ;<\/li>\n<li>Le futur de l\u2019\u00e9ducation.<\/li>\n<\/ul>\n<p>[\/vc_column_text][\/vc_tta_section][vc_tta_section title=\u00a0\u00bbActivit\u00e9s de recherche\u00a0\u00bb tab_id=\u00a0\u00bb1707055822021-b75f5220-ebe2&Prime;][vc_column_text]<\/p>\n<ul>\n<li style=\"text-align: left;\">Organisation des rencontres scientifiques d\u2019\u00e9change en collaboration avec les D\u00e9partements\u00a0;<\/li>\n<li style=\"text-align: left;\">Organisation des s\u00e9minaires, conf\u00e9rences de recherche et des journ\u00e9es d\u2019\u00e9tudes\u00a0;<\/li>\n<li style=\"text-align: left;\">Coordination des articles scientifiques pour la revue annuelle par le biais d\u2019un appel \u00e0 contribution ;<\/li>\n<\/ul>\n<p>[\/vc_column_text][\/vc_tta_section][vc_tta_section title=\u00a0\u00bbHoraire d&rsquo;ouverture\u00a0\u00bb tab_id=\u00a0\u00bb1707055860653-3ce65cba-f828&Prime;][vc_column_text]<\/p>\n<p style=\"text-align: left;\">De Lundi\u00a0 \u00e0 Vendredi<br \/>\n07h30 -15h30<\/p>\n<p>[\/vc_column_text][\/vc_tta_section][\/vc_tta_accordion][\/vc_column][vc_column width=\u00a0\u00bb1\/2&Prime;][vc_single_image image=\u00a0\u00bb5549&Prime; img_size=\u00a0\u00bb650&#215;350&Prime; alignment=\u00a0\u00bbcenter\u00a0\u00bb style=\u00a0\u00bbvc_box_shadow_3d\u00a0\u00bb][\/vc_column][\/vc_row][vc_row css=\u00a0\u00bb.vc_custom_1707055478922{background-color: #25d6ea !important;}\u00a0\u00bb][vc_column][vc_empty_space][\/vc_column][\/vc_row][vc_row css_animation=\u00a0\u00bbzoomIn\u00a0\u00bb css=\u00a0\u00bb.vc_custom_1707056086738{background-color: #ffffff !important;}\u00a0\u00bb][vc_column width=\u00a0\u00bb1\/2&Prime;][vc_text_separator title=\u00a0\u00bbCERDISFA\u00a0\u00bb color=\u00a0\u00bbturquoise\u00a0\u00bb border_width=\u00a0\u00bb4&Prime;][vc_tta_accordion section_title_tag=\u00a0\u00bbh5&Prime; style=\u00a0\u00bbmodern\u00a0\u00bb color=\u00a0\u00bbturquoise\u00a0\u00bb active_section=\u00a0\u00bb0&Prime; collapsible_all=\u00a0\u00bbtrue\u00a0\u00bb][vc_tta_section title=\u00a0\u00bbPr\u00e9sentation du CERDISFA\u00a0\u00bb tab_id=\u00a0\u00bb1707055958921-a26b4312-475b\u00a0\u00bb][vc_column_text]<\/p>\n<p style=\"text-align: justify;\">Le Centre de Recherche en Didactique des Sciences Fondamentales et Appliqu\u00e9es (CERDISFA) est un Centre de Recherche de l\u2019Ecole Normale Sup\u00e9rieure, destin\u00e9 au d\u00e9veloppement de la recherche dans le domaine de la didactique en sciences fondamentales et appliqu\u00e9es. Il regroupe des structures de recherches travaillant sur une ou plusieurs th\u00e9matiques de l\u2019axe de recherche du centre. Le Centre de Recherche est compos\u00e9 d\u2019au moins quatre laboratoires.<\/p>\n<p style=\"text-align: left;\">Le CERDISFA rassemble plusieurs \u00e9quipes de recherche de tailles variables, qui ont chacune leur propre sujet d\u2019\u00e9tudes, mais dans un domaine commun et une strat\u00e9gie commune.<\/p>\n<p>[\/vc_column_text][\/vc_tta_section][vc_tta_section title=\u00a0\u00bbMissions\u00a0\u00bb tab_id=\u00a0\u00bb1707055958977-4cc6a1c1-71b8&Prime;][vc_column_text]<\/p>\n<p style=\"text-align: left;\">Le Centre de Recherche a pour mission le d\u00e9veloppement, la valorisation, l\u2019organisation et la coordination de la recherche scientifique ou technique autour de son axe strat\u00e9gique de recherche pour atteindre les objectifs suivants :<\/p>\n<ul>\n<li style=\"text-align: left;\">Contribuer \u00e0 la production scientifique,<\/li>\n<li style=\"text-align: left;\">Inciter au d\u00e9veloppement des brevets et les valoriser,<\/li>\n<li style=\"text-align: left;\">Mener des expertises autour de son axe strat\u00e9gique,<\/li>\n<li style=\"text-align: left;\">Favoriser le d\u00e9veloppement d\u2019une recherche innovante autour de ses axes de recherche,<\/li>\n<li style=\"text-align: left;\">S\u2019impliquer dans des appels \u00e0 projets,<\/li>\n<li style=\"text-align: left;\">Conduire l\u2019ex\u00e9cution des projets de recherches,<\/li>\n<li style=\"text-align: left;\">Elaborer des programmes de recherches th\u00e9matiques,<\/li>\n<li style=\"text-align: left;\">D\u00e9velopper et Coordonner les activit\u00e9s de recherches li\u00e9es \u00e0 des relations de coop\u00e9ration et de partenariat de l\u2019universit\u00e9,<\/li>\n<li style=\"text-align: left;\">Superviser les activit\u00e9s de recherches de l\u2019universit\u00e9 dans le cadre de ses axes de recherche,<br \/>\n\u2022 Favoriser le transfert technologique entre ses structures de recherche et partenaires,<br \/>\n\u2022 Organiser et coordonner les activit\u00e9s de ses structures de recherche,<\/li>\n<li style=\"text-align: left;\">G\u00e9rer les moyens mat\u00e9riels de recherche,<\/li>\n<li style=\"text-align: left;\">Mettre en place les outils de gestion du patrimoine de recherche mis \u00e0 sa disposition.<\/li>\n<\/ul>\n<p>[\/vc_column_text][\/vc_tta_section][vc_tta_section title=\u00a0\u00bbActivit\u00e9s de recherche\u00a0\u00bb tab_id=\u00a0\u00bb1707055959049-bfbce17a-3ddd\u00a0\u00bb][vc_column_text]<\/p>\n<p style=\"text-align: justify;\">Les activit\u00e9s dans le Centre se composent essentiellement des recherches en didactique des disciplines du domaine des sciences fondamentales et appliqu\u00e9es, la confection du mat\u00e9riel didactique, l\u2019organisation des conf\u00e9rences, l\u2019animation des s\u00e9minaires ateliers, l\u2019appui aux formations initiale et continue des enseignant, l\u2019organisation des journ\u00e9es portes ouvertes, les descentes d\u2019appui p\u00e9dagogiques, l\u2019animation des conf\u00e9rences de sensibilisation aux jeunes \u00e0 aimer les sciences et la mise en place des espaces sciences (espaces pour diffuser les sciences).<\/p>\n<p>[\/vc_column_text][\/vc_tta_section][vc_tta_section title=\u00a0\u00bbHoraire d&rsquo;ouverture\u00a0\u00bb tab_id=\u00a0\u00bb1707055959118-1693bfc5-158c\u00a0\u00bb][vc_column_text]Le CERDISFA est ouvert :<\/p>\n<p><strong>Lundi, Mardi Mercredi et Vendredi :<\/strong> 08h00 &#8211; 16h00<\/p>\n<p><strong>Jeudi :<\/strong> 10h00 &#8211; 16h00.[\/vc_column_text][\/vc_tta_section][\/vc_tta_accordion][\/vc_column][vc_column width=\u00a0\u00bb1\/2&Prime;][vc_single_image image=\u00a0\u00bb4354&Prime; img_size=\u00a0\u00bb650&#215;350&Prime; alignment=\u00a0\u00bbcenter\u00a0\u00bb style=\u00a0\u00bbvc_box_shadow_3d\u00a0\u00bb][\/vc_column][\/vc_row][vc_row css=\u00a0\u00bb.vc_custom_1707055478922{background-color: #25d6ea !important;}\u00a0\u00bb][vc_column][vc_empty_space][\/vc_column][\/vc_row]<\/p>\n<\/section>","protected":false},"excerpt":{"rendered":"<p>[vc_row css_animation=\u00a0\u00bbzoomIn\u00a0\u00bb css=\u00a0\u00bb.vc_custom_1707056117748{background-color: #ffffff !important;}\u00a0\u00bb][vc_column][vc_column_text] Centres de recherche de l&rsquo;\u00c9cole L&rsquo;\u00c9cole Normale Sup\u00e9rieure de Maroua dispose de deux (02) centres de recherche : Le Centre d&rsquo;\u00c9tude et de Recherche en \u00c9ducation (C\u00c9R\u00c9); Centre de Recherche en Didactique des Sciences Fondamentales [&hellip;]<\/p>\n","protected":false},"author":1,"featured_media":0,"parent":0,"menu_order":0,"comment_status":"closed","ping_status":"closed","template":"","meta":{"footnotes":""},"class_list":["post-4126","page","type-page","status-publish","hentry"],"_links":{"self":[{"href":"https:\/\/www.ens.univ-maroua.cm\/index.php\/wp-json\/wp\/v2\/pages\/4126","targetHints":{"allow":["GET"]}}],"collection":[{"href":"https:\/\/www.ens.univ-maroua.cm\/index.php\/wp-json\/wp\/v2\/pages"}],"about":[{"href":"https:\/\/www.ens.univ-maroua.cm\/index.php\/wp-json\/wp\/v2\/types\/page"}],"author":[{"embeddable":true,"href":"https:\/\/www.ens.univ-maroua.cm\/index.php\/wp-json\/wp\/v2\/users\/1"}],"replies":[{"embeddable":true,"href":"https:\/\/www.ens.univ-maroua.cm\/index.php\/wp-json\/wp\/v2\/comments?post=4126"}],"version-history":[{"count":15,"href":"https:\/\/www.ens.univ-maroua.cm\/index.php\/wp-json\/wp\/v2\/pages\/4126\/revisions"}],"predecessor-version":[{"id":5555,"href":"https:\/\/www.ens.univ-maroua.cm\/index.php\/wp-json\/wp\/v2\/pages\/4126\/revisions\/5555"}],"wp:attachment":[{"href":"https:\/\/www.ens.univ-maroua.cm\/index.php\/wp-json\/wp\/v2\/media?parent=4126"}],"curies":[{"name":"wp","href":"https:\/\/api.w.org\/{rel}","templated":true}]}}