{"id":4109,"date":"2023-11-28T20:19:04","date_gmt":"2023-11-28T19:19:04","guid":{"rendered":"http:\/\/www.ens.univ-maroua.cm\/?page_id=4109"},"modified":"2024-02-04T14:12:59","modified_gmt":"2024-02-04T13:12:59","slug":"formation-a-distance","status":"publish","type":"page","link":"https:\/\/www.ens.univ-maroua.cm\/index.php\/formation-a-distance\/","title":{"rendered":"Formation \u00e0 distance"},"content":{"rendered":"<section class=\"wpb-content-wrapper\"><p>[vc_row css_animation=\u00a0\u00bbzoomIn\u00a0\u00bb css=\u00a0\u00bb.vc_custom_1707051980576{background-color: #ffffff !important;}\u00a0\u00bb][vc_column][vc_column_text]<\/p>\n<h3 style=\"text-align: center;\"><span style=\"color: #25d6ea;\"><strong>Formation \u00e0 distance<\/strong><\/span><\/h3>\n<p>[\/vc_column_text][vc_empty_space height=\u00a0\u00bb16px\u00a0\u00bb][vc_row_inner][vc_column_inner width=\u00a0\u00bb1\/4&Prime;][vc_column_text]<\/p>\n<p style=\"text-align: left;\"><span style=\"color: #1c45b5;\">Le Service de la formation \u00e0 distance, est charg\u00e9 de la mise en place et de l&rsquo;organisation des enseignements \u00e0 distance.<\/span><\/p>\n<p>[\/vc_column_text][\/vc_column_inner][vc_column_inner width=\u00a0\u00bb1\/4&Prime;][vc_single_image image=\u00a0\u00bb4356&Prime; img_size=\u00a0\u00bb320&#215;280&Prime; alignment=\u00a0\u00bbcenter\u00a0\u00bb style=\u00a0\u00bbvc_box_shadow_3d\u00a0\u00bb][\/vc_column_inner][vc_column_inner width=\u00a0\u00bb1\/4&Prime;][vc_column_text]<\/p>\n<p style=\"text-align: left;\"><span style=\"color: #1c45b5;\">Missions : I am text block. Click edit button to change this text. Lorem ipsum dolor sit amet, consectetur adipiscing elit. Ut elit tellus, luctus nec ullamcorper mattis, pulvinar dapibus leo.<\/span><\/p>\n<p>[\/vc_column_text][\/vc_column_inner][vc_column_inner width=\u00a0\u00bb1\/4&Prime;][vc_single_image image=\u00a0\u00bb4420&Prime; img_size=\u00a0\u00bb320&#215;280&Prime; alignment=\u00a0\u00bbcenter\u00a0\u00bb style=\u00a0\u00bbvc_box_shadow_3d\u00a0\u00bb][\/vc_column_inner][\/vc_row_inner][vc_empty_space height=\u00a0\u00bb16px\u00a0\u00bb][\/vc_column][\/vc_row][vc_row css=\u00a0\u00bb.vc_custom_1707052366590{background-color: #25d6ea !important;}\u00a0\u00bb][vc_column][vc_empty_space][\/vc_column][\/vc_row]<\/p>\n<\/section>","protected":false},"excerpt":{"rendered":"<p>[vc_row css_animation=\u00a0\u00bbzoomIn\u00a0\u00bb css=\u00a0\u00bb.vc_custom_1707051980576{background-color: #ffffff !important;}\u00a0\u00bb][vc_column][vc_column_text] Formation \u00e0 distance [\/vc_column_text][vc_empty_space height=\u00a0\u00bb16px\u00a0\u00bb][vc_row_inner][vc_column_inner width=\u00a0\u00bb1\/4&Prime;][vc_column_text] Le Service de la formation \u00e0 distance, est charg\u00e9 de la mise en place et de l&rsquo;organisation des enseignements \u00e0 distance. [\/vc_column_text][\/vc_column_inner][vc_column_inner width=\u00a0\u00bb1\/4&Prime;][vc_single_image image=\u00a0\u00bb4356&Prime; img_size=\u00a0\u00bb320&#215;280&Prime; alignment=\u00a0\u00bbcenter\u00a0\u00bb style=\u00a0\u00bbvc_box_shadow_3d\u00a0\u00bb][\/vc_column_inner][vc_column_inner width=\u00a0\u00bb1\/4&Prime;][vc_column_text] Missions [&hellip;]<\/p>\n","protected":false},"author":1,"featured_media":0,"parent":0,"menu_order":0,"comment_status":"closed","ping_status":"closed","template":"","meta":{"footnotes":""},"class_list":["post-4109","page","type-page","status-publish","hentry"],"_links":{"self":[{"href":"https:\/\/www.ens.univ-maroua.cm\/index.php\/wp-json\/wp\/v2\/pages\/4109","targetHints":{"allow":["GET"]}}],"collection":[{"href":"https:\/\/www.ens.univ-maroua.cm\/index.php\/wp-json\/wp\/v2\/pages"}],"about":[{"href":"https:\/\/www.ens.univ-maroua.cm\/index.php\/wp-json\/wp\/v2\/types\/page"}],"author":[{"embeddable":true,"href":"https:\/\/www.ens.univ-maroua.cm\/index.php\/wp-json\/wp\/v2\/users\/1"}],"replies":[{"embeddable":true,"href":"https:\/\/www.ens.univ-maroua.cm\/index.php\/wp-json\/wp\/v2\/comments?post=4109"}],"version-history":[{"count":3,"href":"https:\/\/www.ens.univ-maroua.cm\/index.php\/wp-json\/wp\/v2\/pages\/4109\/revisions"}],"predecessor-version":[{"id":5425,"href":"https:\/\/www.ens.univ-maroua.cm\/index.php\/wp-json\/wp\/v2\/pages\/4109\/revisions\/5425"}],"wp:attachment":[{"href":"https:\/\/www.ens.univ-maroua.cm\/index.php\/wp-json\/wp\/v2\/media?parent=4109"}],"curies":[{"name":"wp","href":"https:\/\/api.w.org\/{rel}","templated":true}]}}