{"id":4103,"date":"2023-11-28T20:02:45","date_gmt":"2023-11-28T19:02:45","guid":{"rendered":"http:\/\/www.ens.univ-maroua.cm\/?page_id=4103"},"modified":"2024-04-21T14:33:01","modified_gmt":"2024-04-21T12:33:01","slug":"ufd","status":"publish","type":"page","link":"https:\/\/www.ens.univ-maroua.cm\/index.php\/ufd\/","title":{"rendered":"Doctorat"},"content":{"rendered":"<section class=\"wpb-content-wrapper\"><p>[vc_row css_animation=\u00a0\u00bbzoomIn\u00a0\u00bb css=\u00a0\u00bb.vc_custom_1707036637779{background-color: #ffffff !important;}\u00a0\u00bb][vc_column width=\u00a0\u00bb2\/3&Prime;][vc_text_separator title=\u00a0\u00bbCycle de doctorat\u00a0\u00bb color=\u00a0\u00bbcustom\u00a0\u00bb border_width=\u00a0\u00bb4&Prime; css_animation=\u00a0\u00bbzoomIn\u00a0\u00bb accent_color=\u00a0\u00bb#25d6ea\u00a0\u00bb][vc_empty_space][vc_column_text css_animation=\u00a0\u00bbzoomIn\u00a0\u00bb]I am text block. Click edit button to change this text. Lorem ipsum dolor sit amet, consectetur adipiscing elit. Ut elit tellus, luctus nec ullamcorper mattis, pulvinar dapibus leo.[\/vc_column_text][vc_empty_space height=\u00a0\u00bb10px\u00a0\u00bb][vc_column_text css_animation=\u00a0\u00bbzoomIn\u00a0\u00bb]<\/p>\n<p style=\"text-align: left;\"><span style=\"color: #1c45b5;\">Les anciens \u00e9l\u00e8ves des sections des \u00e9l\u00e8ves Professeurs de l&rsquo;enseignement secondaire g\u00e9n\u00e9ral et de l&rsquo;enseignement normal, titulaire du DIPES II ou du DIPEN II peuvent suivant les conditions de s\u00e9lection requise, \u00eatre admis au cycle de doctorat des \u00c9coles doctorales.<\/span><\/p>\n<p>[\/vc_column_text][vc_empty_space height=\u00a0\u00bb10px\u00a0\u00bb][vc_column_text css_animation=\u00a0\u00bbzoomIn\u00a0\u00bb]<\/p>\n<p style=\"text-align: left;\"><span style=\"color: #1c45b5;\">Les \u00e9l\u00e8ves de l&rsquo;\u00c9cole admis au cycle de doctorat conservent le statut d&rsquo;\u00e9l\u00e8ve jusqu&rsquo;\u00e0 la fin de leurs \u00e9tudes. Ils peuvent \u00eatre recrut\u00e9s \u00e0 la fin du cycle de doctorat dans une institution universitaire ou de recherche.<\/span><\/p>\n<p>[\/vc_column_text][\/vc_column][vc_column width=\u00a0\u00bb1\/3&Prime;][vc_single_image image=\u00a0\u00bb5101&Prime; img_size=\u00a0\u00bb420&#215;420&Prime; add_caption=\u00a0\u00bbyes\u00a0\u00bb alignment=\u00a0\u00bbcenter\u00a0\u00bb css_animation=\u00a0\u00bbzoomIn\u00a0\u00bb][\/vc_column][\/vc_row][vc_row css=\u00a0\u00bb.vc_custom_1707036564328{background-color: #25d6ea !important;}\u00a0\u00bb][vc_column][vc_empty_space height=\u00a0\u00bb10px\u00a0\u00bb][\/vc_column][\/vc_row][vc_row css_animation=\u00a0\u00bbzoomIn\u00a0\u00bb css=\u00a0\u00bb.vc_custom_1707036538060{background-color: #ffffff !important;}\u00a0\u00bb][vc_column width=\u00a0\u00bb1\/3&Prime;][vc_gallery interval=\u00a0\u00bb3&Prime; images=\u00a0\u00bb5101,4610,4046,4420,4685&Prime; img_size=\u00a0\u00bb420&#215;350&Prime; css_animation=\u00a0\u00bbzoomIn\u00a0\u00bb][\/vc_column][vc_column width=\u00a0\u00bb2\/3&Prime;][vc_text_separator title=\u00a0\u00bbUFD\u00a0\u00bb color=\u00a0\u00bbcustom\u00a0\u00bb border_width=\u00a0\u00bb2&Prime; css_animation=\u00a0\u00bbzoomIn\u00a0\u00bb accent_color=\u00a0\u00bb#25d6ea\u00a0\u00bb][vc_column_text css_animation=\u00a0\u00bbzoomIn\u00a0\u00bb]I am text block. Click edit button to change this text. Lorem ipsum dolor sit amet, consectetur adipiscing elit. Ut elit tellus, luctus nec ullamcorper mattis, pulvinar dapibus leo.[\/vc_column_text][\/vc_column][\/vc_row][vc_row css=\u00a0\u00bb.vc_custom_1707036591663{background-color: #25d6ea !important;}\u00a0\u00bb][vc_column][vc_empty_space][\/vc_column][\/vc_row]<\/p>\n<\/section>","protected":false},"excerpt":{"rendered":"<p>[vc_row css_animation=\u00a0\u00bbzoomIn\u00a0\u00bb css=\u00a0\u00bb.vc_custom_1707036637779{background-color: #ffffff !important;}\u00a0\u00bb][vc_column width=\u00a0\u00bb2\/3&Prime;][vc_text_separator title=\u00a0\u00bbCycle de doctorat\u00a0\u00bb color=\u00a0\u00bbcustom\u00a0\u00bb border_width=\u00a0\u00bb4&Prime; css_animation=\u00a0\u00bbzoomIn\u00a0\u00bb accent_color=\u00a0\u00bb#25d6ea\u00a0\u00bb][vc_empty_space][vc_column_text css_animation=\u00a0\u00bbzoomIn\u00a0\u00bb]I am text block. Click edit button to change this text. Lorem ipsum dolor sit amet, consectetur adipiscing elit. Ut elit tellus, luctus nec ullamcorper mattis, pulvinar [&hellip;]<\/p>\n","protected":false},"author":1,"featured_media":0,"parent":0,"menu_order":0,"comment_status":"closed","ping_status":"closed","template":"","meta":{"footnotes":""},"class_list":["post-4103","page","type-page","status-publish","hentry"],"_links":{"self":[{"href":"https:\/\/www.ens.univ-maroua.cm\/index.php\/wp-json\/wp\/v2\/pages\/4103","targetHints":{"allow":["GET"]}}],"collection":[{"href":"https:\/\/www.ens.univ-maroua.cm\/index.php\/wp-json\/wp\/v2\/pages"}],"about":[{"href":"https:\/\/www.ens.univ-maroua.cm\/index.php\/wp-json\/wp\/v2\/types\/page"}],"author":[{"embeddable":true,"href":"https:\/\/www.ens.univ-maroua.cm\/index.php\/wp-json\/wp\/v2\/users\/1"}],"replies":[{"embeddable":true,"href":"https:\/\/www.ens.univ-maroua.cm\/index.php\/wp-json\/wp\/v2\/comments?post=4103"}],"version-history":[{"count":13,"href":"https:\/\/www.ens.univ-maroua.cm\/index.php\/wp-json\/wp\/v2\/pages\/4103\/revisions"}],"predecessor-version":[{"id":5384,"href":"https:\/\/www.ens.univ-maroua.cm\/index.php\/wp-json\/wp\/v2\/pages\/4103\/revisions\/5384"}],"wp:attachment":[{"href":"https:\/\/www.ens.univ-maroua.cm\/index.php\/wp-json\/wp\/v2\/media?parent=4103"}],"curies":[{"name":"wp","href":"https:\/\/api.w.org\/{rel}","templated":true}]}}