{"id":4097,"date":"2023-11-28T19:45:40","date_gmt":"2023-11-28T18:45:40","guid":{"rendered":"http:\/\/www.ens.univ-maroua.cm\/?page_id=4097"},"modified":"2024-04-21T14:20:12","modified_gmt":"2024-04-21T12:20:12","slug":"departements","status":"publish","type":"page","link":"https:\/\/www.ens.univ-maroua.cm\/index.php\/departements\/","title":{"rendered":"D\u00e9partements"},"content":{"rendered":"<section class=\"wpb-content-wrapper\"><p>[vc_row equal_height=\u00a0\u00bbyes\u00a0\u00bb css_animation=\u00a0\u00bbzoomIn\u00a0\u00bb row_content_width=\u00a0\u00bbgrid\u00a0\u00bb][vc_column css_animation=\u00a0\u00bbzoomIn\u00a0\u00bb]<div class=\"edgt-linked-images-list edgt-three-columns\" >\n    <div class=\"edgt-linked-images-list-inner clearfix\">\n                                    <div class=\"edgt-linked-images-item\">\n                    <div class=\"edgt-linked-images-item-inner\">\n                                                    <div class=\"edgt-linked-images-item-image\">\n                                <img loading=\"lazy\" decoding=\"async\" width=\"1600\" height=\"1341\" src=\"https:\/\/www.ens.univ-maroua.cm\/wp-content\/uploads\/2023\/11\/IMG-20230914-WA0003.jpg\" class=\"attachment-full size-full\" alt=\"\" srcset=\"https:\/\/www.ens.univ-maroua.cm\/wp-content\/uploads\/2023\/11\/IMG-20230914-WA0003.jpg 1600w, https:\/\/www.ens.univ-maroua.cm\/wp-content\/uploads\/2023\/11\/IMG-20230914-WA0003-300x251.jpg 300w, https:\/\/www.ens.univ-maroua.cm\/wp-content\/uploads\/2023\/11\/IMG-20230914-WA0003-1024x858.jpg 1024w, https:\/\/www.ens.univ-maroua.cm\/wp-content\/uploads\/2023\/11\/IMG-20230914-WA0003-768x644.jpg 768w, https:\/\/www.ens.univ-maroua.cm\/wp-content\/uploads\/2023\/11\/IMG-20230914-WA0003-1536x1287.jpg 1536w, https:\/\/www.ens.univ-maroua.cm\/wp-content\/uploads\/2023\/11\/IMG-20230914-WA0003-600x503.jpg 600w\" sizes=\"auto, (max-width: 1600px) 100vw, 1600px\" \/>                            <\/div>\n                            <div class=\"edgt-linked-images-item-title\">\n                                <h5 class=\"edgt-corse-category-title-text\">  Chimie<\/h5>\n\n                            <\/div>\n                            <a class=\"edgt-linked-images-item-link\" itemprop=\"url\" target=\"_self\" href=\"http:\/\/www.ens.univ-maroua.cm\/index.php\/chimie\/\"><\/a>\n                                            <\/div>\n                <\/div>\n                            <div class=\"edgt-linked-images-item\">\n                    <div class=\"edgt-linked-images-item-inner\">\n                                                    <div class=\"edgt-linked-images-item-image\">\n                                <img loading=\"lazy\" decoding=\"async\" width=\"720\" height=\"541\" src=\"https:\/\/www.ens.univ-maroua.cm\/wp-content\/uploads\/2023\/12\/FB_IMG_17017745944218201-1.jpg\" class=\"attachment-full size-full\" alt=\"\" srcset=\"https:\/\/www.ens.univ-maroua.cm\/wp-content\/uploads\/2023\/12\/FB_IMG_17017745944218201-1.jpg 720w, https:\/\/www.ens.univ-maroua.cm\/wp-content\/uploads\/2023\/12\/FB_IMG_17017745944218201-1-300x225.jpg 300w, https:\/\/www.ens.univ-maroua.cm\/wp-content\/uploads\/2023\/12\/FB_IMG_17017745944218201-1-600x451.jpg 600w\" sizes=\"auto, (max-width: 720px) 100vw, 720px\" \/>                            <\/div>\n                            <div class=\"edgt-linked-images-item-title\">\n                                <h5 class=\"edgt-corse-category-title-text\">  \u00c9ducation artistique<\/h5>\n\n                            <\/div>\n                            <a class=\"edgt-linked-images-item-link\" itemprop=\"url\" target=\"_self\" href=\"http:\/\/www.ens.univ-maroua.cm\/index.php\/education-artistique\/\"><\/a>\n                                            <\/div>\n                <\/div>\n                            <div class=\"edgt-linked-images-item\">\n                    <div class=\"edgt-linked-images-item-inner\">\n                                                    <div class=\"edgt-linked-images-item-image\">\n                                <img loading=\"lazy\" decoding=\"async\" width=\"1600\" height=\"1341\" src=\"https:\/\/www.ens.univ-maroua.cm\/wp-content\/uploads\/2023\/11\/IMG-20231012-WA0014.jpg\" class=\"attachment-full size-full\" alt=\"\" srcset=\"https:\/\/www.ens.univ-maroua.cm\/wp-content\/uploads\/2023\/11\/IMG-20231012-WA0014.jpg 1600w, https:\/\/www.ens.univ-maroua.cm\/wp-content\/uploads\/2023\/11\/IMG-20231012-WA0014-300x251.jpg 300w, https:\/\/www.ens.univ-maroua.cm\/wp-content\/uploads\/2023\/11\/IMG-20231012-WA0014-1024x858.jpg 1024w, https:\/\/www.ens.univ-maroua.cm\/wp-content\/uploads\/2023\/11\/IMG-20231012-WA0014-768x644.jpg 768w, https:\/\/www.ens.univ-maroua.cm\/wp-content\/uploads\/2023\/11\/IMG-20231012-WA0014-1536x1287.jpg 1536w, https:\/\/www.ens.univ-maroua.cm\/wp-content\/uploads\/2023\/11\/IMG-20231012-WA0014-600x503.jpg 600w\" sizes=\"auto, (max-width: 1600px) 100vw, 1600px\" \/>                            <\/div>\n                            <div class=\"edgt-linked-images-item-title\">\n                                <h5 class=\"edgt-corse-category-title-text\">  G\u00e9ographie<\/h5>\n\n                            <\/div>\n                            <a class=\"edgt-linked-images-item-link\" itemprop=\"url\" target=\"_self\" href=\"http:\/\/www.ens.univ-maroua.cm\/index.php\/geographie\/\"><\/a>\n                                            <\/div>\n                <\/div>\n                        <\/div>\n<\/div><div class=\"edgt-linked-images-list edgt-three-columns\" >\n    <div class=\"edgt-linked-images-list-inner clearfix\">\n                                    <div class=\"edgt-linked-images-item\">\n                    <div class=\"edgt-linked-images-item-inner\">\n                                                    <div class=\"edgt-linked-images-item-image\">\n                                <img loading=\"lazy\" decoding=\"async\" width=\"1600\" height=\"1341\" src=\"https:\/\/www.ens.univ-maroua.cm\/wp-content\/uploads\/2023\/11\/IMG-20230914-WA0005.jpg\" class=\"attachment-full size-full\" alt=\"\" srcset=\"https:\/\/www.ens.univ-maroua.cm\/wp-content\/uploads\/2023\/11\/IMG-20230914-WA0005.jpg 1600w, https:\/\/www.ens.univ-maroua.cm\/wp-content\/uploads\/2023\/11\/IMG-20230914-WA0005-300x251.jpg 300w, https:\/\/www.ens.univ-maroua.cm\/wp-content\/uploads\/2023\/11\/IMG-20230914-WA0005-1024x858.jpg 1024w, https:\/\/www.ens.univ-maroua.cm\/wp-content\/uploads\/2023\/11\/IMG-20230914-WA0005-768x644.jpg 768w, https:\/\/www.ens.univ-maroua.cm\/wp-content\/uploads\/2023\/11\/IMG-20230914-WA0005-1536x1287.jpg 1536w, https:\/\/www.ens.univ-maroua.cm\/wp-content\/uploads\/2023\/11\/IMG-20230914-WA0005-600x503.jpg 600w\" sizes=\"auto, (max-width: 1600px) 100vw, 1600px\" \/>                            <\/div>\n                            <div class=\"edgt-linked-images-item-title\">\n                                <h5 class=\"edgt-corse-category-title-text\">  Histoire<\/h5>\n\n                            <\/div>\n                            <a class=\"edgt-linked-images-item-link\" itemprop=\"url\" target=\"_self\" href=\"http:\/\/www.ens.univ-maroua.cm\/index.php\/histoire\/\"><\/a>\n                                            <\/div>\n                <\/div>\n                            <div class=\"edgt-linked-images-item\">\n                    <div class=\"edgt-linked-images-item-inner\">\n                                                    <div class=\"edgt-linked-images-item-image\">\n                                <img loading=\"lazy\" decoding=\"async\" width=\"1600\" height=\"1341\" src=\"https:\/\/www.ens.univ-maroua.cm\/wp-content\/uploads\/2023\/11\/IMG-20230914-WA0004.jpg\" class=\"attachment-full size-full\" alt=\"\" srcset=\"https:\/\/www.ens.univ-maroua.cm\/wp-content\/uploads\/2023\/11\/IMG-20230914-WA0004.jpg 1600w, https:\/\/www.ens.univ-maroua.cm\/wp-content\/uploads\/2023\/11\/IMG-20230914-WA0004-300x251.jpg 300w, https:\/\/www.ens.univ-maroua.cm\/wp-content\/uploads\/2023\/11\/IMG-20230914-WA0004-1024x858.jpg 1024w, https:\/\/www.ens.univ-maroua.cm\/wp-content\/uploads\/2023\/11\/IMG-20230914-WA0004-768x644.jpg 768w, https:\/\/www.ens.univ-maroua.cm\/wp-content\/uploads\/2023\/11\/IMG-20230914-WA0004-1536x1287.jpg 1536w, https:\/\/www.ens.univ-maroua.cm\/wp-content\/uploads\/2023\/11\/IMG-20230914-WA0004-600x503.jpg 600w\" sizes=\"auto, (max-width: 1600px) 100vw, 1600px\" \/>                            <\/div>\n                            <div class=\"edgt-linked-images-item-title\">\n                                <h5 class=\"edgt-corse-category-title-text\">  Informatique<\/h5>\n\n                            <\/div>\n                            <a class=\"edgt-linked-images-item-link\" itemprop=\"url\" target=\"_self\" href=\"http:\/\/www.ens.univ-maroua.cm\/index.php\/informatique\/\"><\/a>\n                                            <\/div>\n                <\/div>\n                            <div class=\"edgt-linked-images-item\">\n                    <div class=\"edgt-linked-images-item-inner\">\n                                                    <div class=\"edgt-linked-images-item-image\">\n                                <img loading=\"lazy\" decoding=\"async\" width=\"1600\" height=\"1341\" src=\"https:\/\/www.ens.univ-maroua.cm\/wp-content\/uploads\/2023\/11\/IMG-20231012-WA0014-1.jpg\" class=\"attachment-full size-full\" alt=\"\" srcset=\"https:\/\/www.ens.univ-maroua.cm\/wp-content\/uploads\/2023\/11\/IMG-20231012-WA0014-1.jpg 1600w, https:\/\/www.ens.univ-maroua.cm\/wp-content\/uploads\/2023\/11\/IMG-20231012-WA0014-1-300x251.jpg 300w, https:\/\/www.ens.univ-maroua.cm\/wp-content\/uploads\/2023\/11\/IMG-20231012-WA0014-1-1024x858.jpg 1024w, https:\/\/www.ens.univ-maroua.cm\/wp-content\/uploads\/2023\/11\/IMG-20231012-WA0014-1-768x644.jpg 768w, https:\/\/www.ens.univ-maroua.cm\/wp-content\/uploads\/2023\/11\/IMG-20231012-WA0014-1-1536x1287.jpg 1536w, https:\/\/www.ens.univ-maroua.cm\/wp-content\/uploads\/2023\/11\/IMG-20231012-WA0014-1-600x503.jpg 600w\" sizes=\"auto, (max-width: 1600px) 100vw, 1600px\" \/>                            <\/div>\n                            <div class=\"edgt-linked-images-item-title\">\n                                <h5 class=\"edgt-corse-category-title-text\">  Langue Anglaise et Litt\u00e9ratures d&#039;Expression Anglaise<\/h5>\n\n                            <\/div>\n                            <a class=\"edgt-linked-images-item-link\" itemprop=\"url\" target=\"_self\" href=\"http:\/\/www.ens.univ-maroua.cm\/index.php\/langue-anglaise-et-litteratures-dexpression-anglaise\/\"><\/a>\n                                            <\/div>\n                <\/div>\n                        <\/div>\n<\/div><div class=\"edgt-linked-images-list edgt-three-columns\" >\n    <div class=\"edgt-linked-images-list-inner clearfix\">\n                                    <div class=\"edgt-linked-images-item\">\n                    <div class=\"edgt-linked-images-item-inner\">\n                                                    <div class=\"edgt-linked-images-item-image\">\n                                <img loading=\"lazy\" decoding=\"async\" width=\"1600\" height=\"1341\" src=\"https:\/\/www.ens.univ-maroua.cm\/wp-content\/uploads\/2023\/11\/IMG-20231012-WA0018.jpg\" class=\"attachment-full size-full\" alt=\"\" srcset=\"https:\/\/www.ens.univ-maroua.cm\/wp-content\/uploads\/2023\/11\/IMG-20231012-WA0018.jpg 1600w, https:\/\/www.ens.univ-maroua.cm\/wp-content\/uploads\/2023\/11\/IMG-20231012-WA0018-300x251.jpg 300w, https:\/\/www.ens.univ-maroua.cm\/wp-content\/uploads\/2023\/11\/IMG-20231012-WA0018-1024x858.jpg 1024w, https:\/\/www.ens.univ-maroua.cm\/wp-content\/uploads\/2023\/11\/IMG-20231012-WA0018-768x644.jpg 768w, https:\/\/www.ens.univ-maroua.cm\/wp-content\/uploads\/2023\/11\/IMG-20231012-WA0018-1536x1287.jpg 1536w, https:\/\/www.ens.univ-maroua.cm\/wp-content\/uploads\/2023\/11\/IMG-20231012-WA0018-600x503.jpg 600w\" sizes=\"auto, (max-width: 1600px) 100vw, 1600px\" \/>                            <\/div>\n                            <div class=\"edgt-linked-images-item-title\">\n                                <h5 class=\"edgt-corse-category-title-text\">  Langue Fran\u00e7aise et Litt\u00e9ratures d&#039;Expression Fran\u00e7aise<\/h5>\n\n                            <\/div>\n                            <a class=\"edgt-linked-images-item-link\" itemprop=\"url\" target=\"_self\" href=\"http:\/\/www.ens.univ-maroua.cm\/index.php\/langue-francaise-et-litteratures-dexpression-francaise\/\"><\/a>\n                                            <\/div>\n                <\/div>\n                            <div class=\"edgt-linked-images-item\">\n                    <div class=\"edgt-linked-images-item-inner\">\n                                                    <div class=\"edgt-linked-images-item-image\">\n                                <img loading=\"lazy\" decoding=\"async\" width=\"1600\" height=\"1341\" src=\"https:\/\/www.ens.univ-maroua.cm\/wp-content\/uploads\/2023\/11\/IMG-20230914-WA0004-1.jpg\" class=\"attachment-full size-full\" alt=\"\" srcset=\"https:\/\/www.ens.univ-maroua.cm\/wp-content\/uploads\/2023\/11\/IMG-20230914-WA0004-1.jpg 1600w, https:\/\/www.ens.univ-maroua.cm\/wp-content\/uploads\/2023\/11\/IMG-20230914-WA0004-1-300x251.jpg 300w, https:\/\/www.ens.univ-maroua.cm\/wp-content\/uploads\/2023\/11\/IMG-20230914-WA0004-1-1024x858.jpg 1024w, https:\/\/www.ens.univ-maroua.cm\/wp-content\/uploads\/2023\/11\/IMG-20230914-WA0004-1-768x644.jpg 768w, https:\/\/www.ens.univ-maroua.cm\/wp-content\/uploads\/2023\/11\/IMG-20230914-WA0004-1-1536x1287.jpg 1536w, https:\/\/www.ens.univ-maroua.cm\/wp-content\/uploads\/2023\/11\/IMG-20230914-WA0004-1-600x503.jpg 600w\" sizes=\"auto, (max-width: 1600px) 100vw, 1600px\" \/>                            <\/div>\n                            <div class=\"edgt-linked-images-item-title\">\n                                <h5 class=\"edgt-corse-category-title-text\">  Langues et Cultures Camerounaises<\/h5>\n\n                            <\/div>\n                            <a class=\"edgt-linked-images-item-link\" itemprop=\"url\" target=\"_self\" href=\"http:\/\/www.ens.univ-maroua.cm\/index.php\/langues-et-cultures-camerounaises\/\"><\/a>\n                                            <\/div>\n                <\/div>\n                            <div class=\"edgt-linked-images-item\">\n                    <div class=\"edgt-linked-images-item-inner\">\n                                                    <div class=\"edgt-linked-images-item-image\">\n                                <img loading=\"lazy\" decoding=\"async\" width=\"1600\" height=\"1341\" src=\"https:\/\/www.ens.univ-maroua.cm\/wp-content\/uploads\/2023\/11\/IMG-20231012-WA0025.jpg\" class=\"attachment-full size-full\" alt=\"\" srcset=\"https:\/\/www.ens.univ-maroua.cm\/wp-content\/uploads\/2023\/11\/IMG-20231012-WA0025.jpg 1600w, https:\/\/www.ens.univ-maroua.cm\/wp-content\/uploads\/2023\/11\/IMG-20231012-WA0025-300x251.jpg 300w, https:\/\/www.ens.univ-maroua.cm\/wp-content\/uploads\/2023\/11\/IMG-20231012-WA0025-1024x858.jpg 1024w, https:\/\/www.ens.univ-maroua.cm\/wp-content\/uploads\/2023\/11\/IMG-20231012-WA0025-768x644.jpg 768w, https:\/\/www.ens.univ-maroua.cm\/wp-content\/uploads\/2023\/11\/IMG-20231012-WA0025-1536x1287.jpg 1536w, https:\/\/www.ens.univ-maroua.cm\/wp-content\/uploads\/2023\/11\/IMG-20231012-WA0025-600x503.jpg 600w\" sizes=\"auto, (max-width: 1600px) 100vw, 1600px\" \/>                            <\/div>\n                            <div class=\"edgt-linked-images-item-title\">\n                                <h5 class=\"edgt-corse-category-title-text\">  Langues \u00c9trang\u00e8res<\/h5>\n\n                            <\/div>\n                            <a class=\"edgt-linked-images-item-link\" itemprop=\"url\" target=\"_self\" href=\"http:\/\/www.ens.univ-maroua.cm\/index.php\/langues-etrangeres\/\"><\/a>\n                                            <\/div>\n                <\/div>\n                        <\/div>\n<\/div><div class=\"edgt-linked-images-list edgt-three-columns\" >\n    <div class=\"edgt-linked-images-list-inner clearfix\">\n                                    <div class=\"edgt-linked-images-item\">\n                    <div class=\"edgt-linked-images-item-inner\">\n                                                    <div class=\"edgt-linked-images-item-image\">\n                                <img loading=\"lazy\" decoding=\"async\" width=\"1600\" height=\"1341\" src=\"https:\/\/www.ens.univ-maroua.cm\/wp-content\/uploads\/2023\/11\/IMG-20231012-WA0024.jpg\" class=\"attachment-full size-full\" alt=\"\" srcset=\"https:\/\/www.ens.univ-maroua.cm\/wp-content\/uploads\/2023\/11\/IMG-20231012-WA0024.jpg 1600w, https:\/\/www.ens.univ-maroua.cm\/wp-content\/uploads\/2023\/11\/IMG-20231012-WA0024-300x251.jpg 300w, https:\/\/www.ens.univ-maroua.cm\/wp-content\/uploads\/2023\/11\/IMG-20231012-WA0024-1024x858.jpg 1024w, https:\/\/www.ens.univ-maroua.cm\/wp-content\/uploads\/2023\/11\/IMG-20231012-WA0024-768x644.jpg 768w, https:\/\/www.ens.univ-maroua.cm\/wp-content\/uploads\/2023\/11\/IMG-20231012-WA0024-1536x1287.jpg 1536w, https:\/\/www.ens.univ-maroua.cm\/wp-content\/uploads\/2023\/11\/IMG-20231012-WA0024-600x503.jpg 600w\" sizes=\"auto, (max-width: 1600px) 100vw, 1600px\" \/>                            <\/div>\n                            <div class=\"edgt-linked-images-item-title\">\n                                <h5 class=\"edgt-corse-category-title-text\">  Lettres Bilingues<\/h5>\n\n                            <\/div>\n                            <a class=\"edgt-linked-images-item-link\" itemprop=\"url\" target=\"_self\" href=\"http:\/\/www.ens.univ-maroua.cm\/index.php\/lettres-bilingues\/\"><\/a>\n                                            <\/div>\n                <\/div>\n                            <div class=\"edgt-linked-images-item\">\n                    <div class=\"edgt-linked-images-item-inner\">\n                                                    <div class=\"edgt-linked-images-item-image\">\n                                <img loading=\"lazy\" decoding=\"async\" width=\"1600\" height=\"1341\" src=\"https:\/\/www.ens.univ-maroua.cm\/wp-content\/uploads\/2023\/11\/IMG-20230914-WA0004-1.jpg\" class=\"attachment-full size-full\" alt=\"\" srcset=\"https:\/\/www.ens.univ-maroua.cm\/wp-content\/uploads\/2023\/11\/IMG-20230914-WA0004-1.jpg 1600w, https:\/\/www.ens.univ-maroua.cm\/wp-content\/uploads\/2023\/11\/IMG-20230914-WA0004-1-300x251.jpg 300w, https:\/\/www.ens.univ-maroua.cm\/wp-content\/uploads\/2023\/11\/IMG-20230914-WA0004-1-1024x858.jpg 1024w, https:\/\/www.ens.univ-maroua.cm\/wp-content\/uploads\/2023\/11\/IMG-20230914-WA0004-1-768x644.jpg 768w, https:\/\/www.ens.univ-maroua.cm\/wp-content\/uploads\/2023\/11\/IMG-20230914-WA0004-1-1536x1287.jpg 1536w, https:\/\/www.ens.univ-maroua.cm\/wp-content\/uploads\/2023\/11\/IMG-20230914-WA0004-1-600x503.jpg 600w\" sizes=\"auto, (max-width: 1600px) 100vw, 1600px\" \/>                            <\/div>\n                            <div class=\"edgt-linked-images-item-title\">\n                                <h5 class=\"edgt-corse-category-title-text\">  Math\u00e9matiques<\/h5>\n\n                            <\/div>\n                            <a class=\"edgt-linked-images-item-link\" itemprop=\"url\" target=\"_self\" href=\"http:\/\/www.ens.univ-maroua.cm\/index.php\/mathematiques\/\"><\/a>\n                                            <\/div>\n                <\/div>\n                            <div class=\"edgt-linked-images-item\">\n                    <div class=\"edgt-linked-images-item-inner\">\n                                                    <div class=\"edgt-linked-images-item-image\">\n                                <img loading=\"lazy\" decoding=\"async\" width=\"1600\" height=\"1341\" src=\"https:\/\/www.ens.univ-maroua.cm\/wp-content\/uploads\/2023\/11\/IMG-20230914-WA0005.jpg\" class=\"attachment-full size-full\" alt=\"\" srcset=\"https:\/\/www.ens.univ-maroua.cm\/wp-content\/uploads\/2023\/11\/IMG-20230914-WA0005.jpg 1600w, https:\/\/www.ens.univ-maroua.cm\/wp-content\/uploads\/2023\/11\/IMG-20230914-WA0005-300x251.jpg 300w, https:\/\/www.ens.univ-maroua.cm\/wp-content\/uploads\/2023\/11\/IMG-20230914-WA0005-1024x858.jpg 1024w, https:\/\/www.ens.univ-maroua.cm\/wp-content\/uploads\/2023\/11\/IMG-20230914-WA0005-768x644.jpg 768w, https:\/\/www.ens.univ-maroua.cm\/wp-content\/uploads\/2023\/11\/IMG-20230914-WA0005-1536x1287.jpg 1536w, https:\/\/www.ens.univ-maroua.cm\/wp-content\/uploads\/2023\/11\/IMG-20230914-WA0005-600x503.jpg 600w\" sizes=\"auto, (max-width: 1600px) 100vw, 1600px\" \/>                            <\/div>\n                            <div class=\"edgt-linked-images-item-title\">\n                                <h5 class=\"edgt-corse-category-title-text\">  Philosophie<\/h5>\n\n                            <\/div>\n                            <a class=\"edgt-linked-images-item-link\" itemprop=\"url\" target=\"_self\" href=\"http:\/\/www.ens.univ-maroua.cm\/index.php\/philosophie\/\"><\/a>\n                                            <\/div>\n                <\/div>\n                        <\/div>\n<\/div><div class=\"edgt-linked-images-list edgt-three-columns\" >\n    <div class=\"edgt-linked-images-list-inner clearfix\">\n                                    <div class=\"edgt-linked-images-item\">\n                    <div class=\"edgt-linked-images-item-inner\">\n                                                    <div class=\"edgt-linked-images-item-image\">\n                                <img loading=\"lazy\" decoding=\"async\" width=\"1600\" height=\"1067\" src=\"https:\/\/www.ens.univ-maroua.cm\/wp-content\/uploads\/2023\/12\/WhatsApp-Image-2023-12-04-at-20.28.29.jpeg\" class=\"attachment-full size-full\" alt=\"\" srcset=\"https:\/\/www.ens.univ-maroua.cm\/wp-content\/uploads\/2023\/12\/WhatsApp-Image-2023-12-04-at-20.28.29.jpeg 1600w, https:\/\/www.ens.univ-maroua.cm\/wp-content\/uploads\/2023\/12\/WhatsApp-Image-2023-12-04-at-20.28.29-300x200.jpeg 300w, https:\/\/www.ens.univ-maroua.cm\/wp-content\/uploads\/2023\/12\/WhatsApp-Image-2023-12-04-at-20.28.29-1024x683.jpeg 1024w, https:\/\/www.ens.univ-maroua.cm\/wp-content\/uploads\/2023\/12\/WhatsApp-Image-2023-12-04-at-20.28.29-768x512.jpeg 768w, https:\/\/www.ens.univ-maroua.cm\/wp-content\/uploads\/2023\/12\/WhatsApp-Image-2023-12-04-at-20.28.29-1536x1024.jpeg 1536w, https:\/\/www.ens.univ-maroua.cm\/wp-content\/uploads\/2023\/12\/WhatsApp-Image-2023-12-04-at-20.28.29-600x400.jpeg 600w\" sizes=\"auto, (max-width: 1600px) 100vw, 1600px\" \/>                            <\/div>\n                            <div class=\"edgt-linked-images-item-title\">\n                                <h5 class=\"edgt-corse-category-title-text\">  Sciences de l&#039;\u00c9ducation<\/h5>\n\n                            <\/div>\n                            <a class=\"edgt-linked-images-item-link\" itemprop=\"url\" target=\"_self\" href=\"http:\/\/www.ens.univ-maroua.cm\/index.php\/sciences-de-leducation\/\"><\/a>\n                                            <\/div>\n                <\/div>\n                            <div class=\"edgt-linked-images-item\">\n                    <div class=\"edgt-linked-images-item-inner\">\n                                                    <div class=\"edgt-linked-images-item-image\">\n                                <img loading=\"lazy\" decoding=\"async\" width=\"591\" height=\"498\" src=\"https:\/\/www.ens.univ-maroua.cm\/wp-content\/uploads\/2023\/12\/svt.png\" class=\"attachment-full size-full\" alt=\"\" srcset=\"https:\/\/www.ens.univ-maroua.cm\/wp-content\/uploads\/2023\/12\/svt.png 591w, https:\/\/www.ens.univ-maroua.cm\/wp-content\/uploads\/2023\/12\/svt-300x253.png 300w\" sizes=\"auto, (max-width: 591px) 100vw, 591px\" \/>                            <\/div>\n                            <div class=\"edgt-linked-images-item-title\">\n                                <h5 class=\"edgt-corse-category-title-text\">  Sciences de la Vie et de la Terre<\/h5>\n\n                            <\/div>\n                            <a class=\"edgt-linked-images-item-link\" itemprop=\"url\" target=\"_self\" href=\"http:\/\/www.ens.univ-maroua.cm\/index.php\/sciences-de-la-vie-et-de-la-terre\/\"><\/a>\n                                            <\/div>\n                <\/div>\n                            <div class=\"edgt-linked-images-item\">\n                    <div class=\"edgt-linked-images-item-inner\">\n                                                    <div class=\"edgt-linked-images-item-image\">\n                                <img loading=\"lazy\" decoding=\"async\" width=\"1600\" height=\"1341\" src=\"https:\/\/www.ens.univ-maroua.cm\/wp-content\/uploads\/2023\/11\/IMG-20230914-WA0003.jpg\" class=\"attachment-full size-full\" alt=\"\" srcset=\"https:\/\/www.ens.univ-maroua.cm\/wp-content\/uploads\/2023\/11\/IMG-20230914-WA0003.jpg 1600w, https:\/\/www.ens.univ-maroua.cm\/wp-content\/uploads\/2023\/11\/IMG-20230914-WA0003-300x251.jpg 300w, https:\/\/www.ens.univ-maroua.cm\/wp-content\/uploads\/2023\/11\/IMG-20230914-WA0003-1024x858.jpg 1024w, https:\/\/www.ens.univ-maroua.cm\/wp-content\/uploads\/2023\/11\/IMG-20230914-WA0003-768x644.jpg 768w, https:\/\/www.ens.univ-maroua.cm\/wp-content\/uploads\/2023\/11\/IMG-20230914-WA0003-1536x1287.jpg 1536w, https:\/\/www.ens.univ-maroua.cm\/wp-content\/uploads\/2023\/11\/IMG-20230914-WA0003-600x503.jpg 600w\" sizes=\"auto, (max-width: 1600px) 100vw, 1600px\" \/>                            <\/div>\n                            <div class=\"edgt-linked-images-item-title\">\n                                <h5 class=\"edgt-corse-category-title-text\">  Sciences Physiques<\/h5>\n\n                            <\/div>\n                            <a class=\"edgt-linked-images-item-link\" itemprop=\"url\" target=\"_self\" href=\"http:\/\/www.ens.univ-maroua.cm\/index.php\/sciences-physiques\/\"><\/a>\n                                            <\/div>\n                <\/div>\n                        <\/div>\n<\/div>[\/vc_column][\/vc_row]<\/p>\n<\/section>","protected":false},"excerpt":{"rendered":"<p>[vc_row equal_height=\u00a0\u00bbyes\u00a0\u00bb css_animation=\u00a0\u00bbzoomIn\u00a0\u00bb row_content_width=\u00a0\u00bbgrid\u00a0\u00bb][vc_column css_animation=\u00a0\u00bbzoomIn\u00a0\u00bb][\/vc_column][\/vc_row]<\/p>\n","protected":false},"author":1,"featured_media":0,"parent":0,"menu_order":0,"comment_status":"closed","ping_status":"closed","template":"","meta":{"footnotes":""},"class_list":["post-4097","page","type-page","status-publish","hentry"],"_links":{"self":[{"href":"https:\/\/www.ens.univ-maroua.cm\/index.php\/wp-json\/wp\/v2\/pages\/4097","targetHints":{"allow":["GET"]}}],"collection":[{"href":"https:\/\/www.ens.univ-maroua.cm\/index.php\/wp-json\/wp\/v2\/pages"}],"about":[{"href":"https:\/\/www.ens.univ-maroua.cm\/index.php\/wp-json\/wp\/v2\/types\/page"}],"author":[{"embeddable":true,"href":"https:\/\/www.ens.univ-maroua.cm\/index.php\/wp-json\/wp\/v2\/users\/1"}],"replies":[{"embeddable":true,"href":"https:\/\/www.ens.univ-maroua.cm\/index.php\/wp-json\/wp\/v2\/comments?post=4097"}],"version-history":[{"count":21,"href":"https:\/\/www.ens.univ-maroua.cm\/index.php\/wp-json\/wp\/v2\/pages\/4097\/revisions"}],"predecessor-version":[{"id":5804,"href":"https:\/\/www.ens.univ-maroua.cm\/index.php\/wp-json\/wp\/v2\/pages\/4097\/revisions\/5804"}],"wp:attachment":[{"href":"https:\/\/www.ens.univ-maroua.cm\/index.php\/wp-json\/wp\/v2\/media?parent=4097"}],"curies":[{"name":"wp","href":"https:\/\/api.w.org\/{rel}","templated":true}]}}