{"id":179,"date":"2017-07-12T10:57:51","date_gmt":"2017-07-12T10:57:51","guid":{"rendered":"http:\/\/educator.edge-themes.com\/?page_id=179"},"modified":"2026-03-25T13:13:27","modified_gmt":"2026-03-25T12:13:27","slug":"university","status":"publish","type":"page","link":"https:\/\/www.ens.univ-maroua.cm\/","title":{"rendered":"Accueil"},"content":{"rendered":"<section class=\"wpb-content-wrapper\"><p>[vc_row css=\u00a0\u00bb.vc_custom_1710285362789{padding-top: 114px !important;background-color: #ffffff !important;}\u00a0\u00bb][vc_column width=\u00a0\u00bb1\/2&Prime;]<div class=\"edgt-section-title-holder  edgt-st-standard edgt-st-title-left edgt-st-normal-space \" style=\"text-align: center\">\n\t<div class=\"edgt-st-inner\">\n\t\t\t\t\t<h2 class=\"edgt-st-title\" style=\"color: #25d6ea\">\n\t\t\t\tBienvenue \u00e0 l'ENS\t\t\t<\/h2>\n\t\t\t\t\t\t\t<p class=\"edgt-st-text\" style=\"color: #888;font-size: 18px;line-height: 30px;margin-top: 20px\">\n\t\t\t\tL'\u00c9NS de Maroua est une institution dynamique qui englobe la diversit\u00e9,<br \/>\nla culture, la p\u00e9dagogie et la technologie, d\u00e9di\u00e9e \u00e0 la formation des<br \/>\nprofessionnels de l'\u00e9ducation et la formation.\t\t\t<\/p>\n\t\t\t<\/div>\n<\/div>[\/vc_column][vc_column width=\u00a0\u00bb1\/2&Prime;]<div class=\"edgt-section-title-holder  edgt-st-standard edgt-st-title-left edgt-st-normal-space \" style=\"text-align: center\">\n\t<div class=\"edgt-st-inner\">\n\t\t\t\t\t<h2 class=\"edgt-st-title\" style=\"color: #25d6ea\">\n\t\t\t\tNotre mission\t\t\t<\/h2>\n\t\t\t\t\t\t\t<p class=\"edgt-st-text\" style=\"color: #888;font-size: 18px;line-height: 30px;margin-top: 20px\">\n\t\t\t\tFormer des enseignants, futurs leaders dans leur soci\u00e9t\u00e9, ouverts sur l'international et arrim\u00e9s aux nouvelles pratiques p\u00e9dagogiques.\t\t\t<\/p>\n\t\t\t<\/div>\n<\/div>[\/vc_column][\/vc_row][vc_row][vc_column][vc_masonry_grid post_type=\u00a0\u00bbpost\u00a0\u00bb max_items=\u00a0\u00bb10&Prime; style=\u00a0\u00bbload-more\u00a0\u00bb element_width=\u00a0\u00bb3&Prime; initial_loading_animation=\u00a0\u00bbfadeIn\u00a0\u00bb btn_color=\u00a0\u00bbdefault\u00a0\u00bb grid_id=\u00a0\u00bbvc_gid:1774439958186-7190c526-a6f3-3&Prime;][\/vc_column][\/vc_row]<\/p>\n<\/section>","protected":false},"excerpt":{"rendered":"<p>[vc_row css=\u00a0\u00bb.vc_custom_1710285362789{padding-top: 114px !important;background-color: #ffffff !important;}\u00a0\u00bb][vc_column width=\u00a0\u00bb1\/2&Prime;][\/vc_column][vc_column width=\u00a0\u00bb1\/2&Prime;][\/vc_column][\/vc_row][vc_row][vc_column][vc_masonry_grid post_type=\u00a0\u00bbpost\u00a0\u00bb max_items=\u00a0\u00bb10&Prime; style=\u00a0\u00bbload-more\u00a0\u00bb element_width=\u00a0\u00bb3&Prime; initial_loading_animation=\u00a0\u00bbfadeIn\u00a0\u00bb btn_color=\u00a0\u00bbdefault\u00a0\u00bb grid_id=\u00a0\u00bbvc_gid:1774439958186-7190c526-a6f3-3&Prime;][\/vc_column][\/vc_row]<\/p>\n","protected":false},"author":1,"featured_media":0,"parent":0,"menu_order":0,"comment_status":"closed","ping_status":"closed","template":"full-width.php","meta":{"footnotes":""},"class_list":["post-179","page","type-page","status-publish","hentry"],"_links":{"self":[{"href":"https:\/\/www.ens.univ-maroua.cm\/index.php\/wp-json\/wp\/v2\/pages\/179","targetHints":{"allow":["GET"]}}],"collection":[{"href":"https:\/\/www.ens.univ-maroua.cm\/index.php\/wp-json\/wp\/v2\/pages"}],"about":[{"href":"https:\/\/www.ens.univ-maroua.cm\/index.php\/wp-json\/wp\/v2\/types\/page"}],"author":[{"embeddable":true,"href":"https:\/\/www.ens.univ-maroua.cm\/index.php\/wp-json\/wp\/v2\/users\/1"}],"replies":[{"embeddable":true,"href":"https:\/\/www.ens.univ-maroua.cm\/index.php\/wp-json\/wp\/v2\/comments?post=179"}],"version-history":[{"count":94,"href":"https:\/\/www.ens.univ-maroua.cm\/index.php\/wp-json\/wp\/v2\/pages\/179\/revisions"}],"predecessor-version":[{"id":5916,"href":"https:\/\/www.ens.univ-maroua.cm\/index.php\/wp-json\/wp\/v2\/pages\/179\/revisions\/5916"}],"wp:attachment":[{"href":"https:\/\/www.ens.univ-maroua.cm\/index.php\/wp-json\/wp\/v2\/media?parent=179"}],"curies":[{"name":"wp","href":"https:\/\/api.w.org\/{rel}","templated":true}]}}